{"id":10195,"date":"2023-03-06T15:35:22","date_gmt":"2023-03-06T14:35:22","guid":{"rendered":"https:\/\/www.fleurop-home.ch\/?product=federn-gefarbt-in-box-a-20gr-weiss"},"modified":"2025-10-22T11:20:59","modified_gmt":"2025-10-22T09:20:59","slug":"plumes-colorees-en-boite-de-20gr-blanc","status":"publish","type":"product","link":"https:\/\/www.fleurop-home.ch\/fr-ch\/p\/federn-gefarbt-in-box-a-20gr-weiss","title":{"rendered":"Plumes \u201acolor\u00e9es\u2018 en bo\u00eete de 20gr blanc"},"content":{"rendered":"<p style=\"text-align: left\">Disponible en rose, jaune ou blanc<br \/>\nLes plumes sont livr\u00e9es dans une bo\u00eete transparente.<br \/>\nenviron 20gr<\/p>\n<p>Les plumes sont un symbole populaire de P\u00e2ques.<\/p>\n<p>Elles rappellent l'\u00e9veil printanier et la nouvelle naissance. Dans de nombreuses cultures et traditions, les plumes sont utilis\u00e9es \u00e0 cette occasion, que ce soit pour d\u00e9corer les bouquets de P\u00e2ques ou comme d\u00e9coration de P\u00e2ques.<\/p>\n<p>Les plumes color\u00e9es sont particuli\u00e8rement appr\u00e9ci\u00e9es, car elles expriment la joie et la vivacit\u00e9.<\/p>","protected":false},"excerpt":{"rendered":"<p>De belles plumes d\u00e9coratives, id\u00e9ales aussi pour la transformation et le bricolage.<\/p>","protected":false},"featured_media":10196,"template":"","meta":[],"product_brand":[],"product_cat":[29,23,1196,1021,1018],"product_tag":[289],"woo-feed-brand":[],"class_list":{"0":"post-10195","1":"product","2":"type-product","3":"status-publish","4":"has-post-thumbnail","6":"product_cat-do-it-yourself","7":"product_cat-home-living","8":"product_cat-natur-deko","9":"product_cat-osterdeko","10":"product_cat-ostern","11":"product_tag-blumengarten-kung-ag","13":"first","14":"instock","15":"taxable","16":"shipping-taxable","17":"purchasable","18":"product-type-simple"},"_links":{"self":[{"href":"https:\/\/www.fleurop-home.ch\/fr-ch\/wp-json\/wp\/v2\/product\/10195","targetHints":{"allow":["GET"]}}],"collection":[{"href":"https:\/\/www.fleurop-home.ch\/fr-ch\/wp-json\/wp\/v2\/product"}],"about":[{"href":"https:\/\/www.fleurop-home.ch\/fr-ch\/wp-json\/wp\/v2\/types\/product"}],"wp:featuredmedia":[{"embeddable":true,"href":"https:\/\/www.fleurop-home.ch\/fr-ch\/wp-json\/wp\/v2\/media\/10196"}],"wp:attachment":[{"href":"https:\/\/www.fleurop-home.ch\/fr-ch\/wp-json\/wp\/v2\/media?parent=10195"}],"wp:term":[{"taxonomy":"product_brand","embeddable":true,"href":"https:\/\/www.fleurop-home.ch\/fr-ch\/wp-json\/wp\/v2\/product_brand?post=10195"},{"taxonomy":"product_cat","embeddable":true,"href":"https:\/\/www.fleurop-home.ch\/fr-ch\/wp-json\/wp\/v2\/product_cat?post=10195"},{"taxonomy":"product_tag","embeddable":true,"href":"https:\/\/www.fleurop-home.ch\/fr-ch\/wp-json\/wp\/v2\/product_tag?post=10195"},{"taxonomy":"woo-feed-brand","embeddable":true,"href":"https:\/\/www.fleurop-home.ch\/fr-ch\/wp-json\/wp\/v2\/woo-feed-brand?post=10195"}],"curies":[{"name":"wp","href":"https:\/\/api.w.org\/{rel}","templated":true}]}}