{"id":10169,"date":"2024-12-03T13:11:46","date_gmt":"2024-12-03T12:11:46","guid":{"rendered":"https:\/\/www.fleurop-home.ch\/?product=orell-fussli-geschenkkarte-chf-50"},"modified":"2026-03-05T09:30:11","modified_gmt":"2026-03-05T08:30:11","slug":"orell-fussli-carte-cadeau-chf-50","status":"publish","type":"product","link":"https:\/\/www.fleurop-home.ch\/fr-ch\/p\/orell-fussli-geschenkkarte-chf-50","title":{"rendered":"Carte cadeau Orell F\u00fcssli CHF 50"},"content":{"rendered":"<p>A \u00e9changer dans chaque magasin Orell F\u00fcssli ou directement dans la boutique Orell F\u00fcssli, de mani\u00e8re simple et s\u00fbre. \u00c9galement valable pour les eBooks et les eReaders.<\/p>\n<p>La carte cadeau est valable 5 ans. Un paiement en esp\u00e8ces de la valeur de la carte ou d'une partie du montant n'est pas possible.<\/p>","protected":false},"excerpt":{"rendered":"<p>A utiliser dans tous les magasins Orell F\u00fcssli ou directement dans la boutique Orell F\u00fcssli, de mani\u00e8re simple et s\u00fbre.<\/p>","protected":false},"featured_media":10170,"template":"","meta":[],"product_brand":[],"product_cat":[57,1088,1092,52],"product_tag":[282],"woo-feed-brand":[],"class_list":{"0":"post-10169","1":"product","2":"type-product","3":"status-publish","4":"has-post-thumbnail","6":"product_cat-geschenkkarten","7":"product_cat-vatertag","8":"product_cat-wohlfuehltyp","9":"product_cat-geschenke","10":"product_tag-fleurop-interflora","12":"first","13":"instock","14":"taxable","15":"shipping-taxable","16":"purchasable","17":"product-type-simple"},"_links":{"self":[{"href":"https:\/\/www.fleurop-home.ch\/fr-ch\/wp-json\/wp\/v2\/product\/10169","targetHints":{"allow":["GET"]}}],"collection":[{"href":"https:\/\/www.fleurop-home.ch\/fr-ch\/wp-json\/wp\/v2\/product"}],"about":[{"href":"https:\/\/www.fleurop-home.ch\/fr-ch\/wp-json\/wp\/v2\/types\/product"}],"wp:featuredmedia":[{"embeddable":true,"href":"https:\/\/www.fleurop-home.ch\/fr-ch\/wp-json\/wp\/v2\/media\/10170"}],"wp:attachment":[{"href":"https:\/\/www.fleurop-home.ch\/fr-ch\/wp-json\/wp\/v2\/media?parent=10169"}],"wp:term":[{"taxonomy":"product_brand","embeddable":true,"href":"https:\/\/www.fleurop-home.ch\/fr-ch\/wp-json\/wp\/v2\/product_brand?post=10169"},{"taxonomy":"product_cat","embeddable":true,"href":"https:\/\/www.fleurop-home.ch\/fr-ch\/wp-json\/wp\/v2\/product_cat?post=10169"},{"taxonomy":"product_tag","embeddable":true,"href":"https:\/\/www.fleurop-home.ch\/fr-ch\/wp-json\/wp\/v2\/product_tag?post=10169"},{"taxonomy":"woo-feed-brand","embeddable":true,"href":"https:\/\/www.fleurop-home.ch\/fr-ch\/wp-json\/wp\/v2\/woo-feed-brand?post=10169"}],"curies":[{"name":"wp","href":"https:\/\/api.w.org\/{rel}","templated":true}]}}