{"id":10038,"date":"2023-01-18T18:59:49","date_gmt":"2023-01-18T18:59:49","guid":{"rendered":"https:\/\/www.fleurop-home.ch\/?product=lol-piepei"},"modified":"2025-05-12T13:52:20","modified_gmt":"2025-05-12T11:52:20","slug":"lol-piepei","status":"publish","type":"product","link":"https:\/\/www.fleurop-home.ch\/fr-ch\/p\/lol-piepei","title":{"rendered":"LOL Oeuf de piq\u00fbre"},"content":{"rendered":"<p class=\"default\">Trop mou, trop dur - mais jamais \u00e0 point. Les \u0153ufs parfaitement cuits sont une science en soi. Mais pour PiepEi, ce n'est pas un probl\u00e8me. Il suffit de les stocker avec les \u0153ufs, de les cuire avec les \u0153ufs et d'attendre que PiepEi chante. <span lang=\"FR-CH\">L'\u0153uf sera parfait.<\/span><\/p>\n<p class=\"default\">PiepEi mesure la temp\u00e9rature et calcule le degr\u00e9 de duret\u00e9 id\u00e9al \u00e0 partir de celle-ci. Il est donc important que l'\u0153uf et l'\u0153uf de poule soient stock\u00e9s ensemble avant d'\u00eatre utilis\u00e9s (par exemple au r\u00e9frig\u00e9rateur). Il est essentiel de mettre l'\u0153uf de poule et l'\u0153uf d'oiseau en m\u00eame temps dans la casserole avant de commencer la cuisson. Peu importe si tu commences avec de l'eau froide ou bouillante. Peu importe \u00e9galement si tu cuisines un \u0153uf ou une douzaine d'\u0153ufs de poule en m\u00eame temps. PiepEi fonctionne toujours et \u00e0 toutes les altitudes (\u00e0 la montagne comme \u00e0 la mer).<\/p>\n<p>D\u00e8s que l'\u0153uf de poule est parfait, PiepEi joue une m\u00e9lodie pour le degr\u00e9 de duret\u00e9 souhait\u00e9. Ensuite, refroidis l'\u0153uf de poule et PiepEi avec de l'eau froide (ainsi, l'\u0153uf de poule ne continuera pas \u00e0 cuire et PiepEi se reposera). <span lang=\"FR-CH\">Ensuite, il ne reste plus qu'\u00e0 manger. Bon app\u00e9tit.<\/span><\/p>\n<pre><\/pre>\n<p><strong>M\u00e9lodies\u00a0<\/strong> The Entertainer Don`t Worry Be Happy Oh Happy Day<\/p>","protected":false},"excerpt":{"rendered":"<p>LOL PiepEi. Le minuteur \u00e0 \u0153ufs pour cuisiner avec<\/p>","protected":false},"featured_media":10039,"template":"","meta":[],"product_brand":[],"product_cat":[44,1002,1091,1018,1026,999,1088,42],"product_tag":[312],"woo-feed-brand":[],"class_list":{"0":"post-10038","1":"product","2":"type-product","3":"status-publish","4":"has-post-thumbnail","6":"product_cat-kuechenhelfer","7":"product_cat-fuer-ihn","8":"product_cat-hobbykoch","9":"product_cat-ostern","10":"product_cat-osternest","11":"product_cat-valentinstag","12":"product_cat-vatertag","13":"product_cat-kueche","14":"product_tag-zimmermann-flaach-ag-blumen-gartenbau","16":"first","17":"instock","18":"taxable","19":"shipping-taxable","20":"purchasable","21":"product-type-simple"},"_links":{"self":[{"href":"https:\/\/www.fleurop-home.ch\/fr-ch\/wp-json\/wp\/v2\/product\/10038","targetHints":{"allow":["GET"]}}],"collection":[{"href":"https:\/\/www.fleurop-home.ch\/fr-ch\/wp-json\/wp\/v2\/product"}],"about":[{"href":"https:\/\/www.fleurop-home.ch\/fr-ch\/wp-json\/wp\/v2\/types\/product"}],"wp:featuredmedia":[{"embeddable":true,"href":"https:\/\/www.fleurop-home.ch\/fr-ch\/wp-json\/wp\/v2\/media\/10039"}],"wp:attachment":[{"href":"https:\/\/www.fleurop-home.ch\/fr-ch\/wp-json\/wp\/v2\/media?parent=10038"}],"wp:term":[{"taxonomy":"product_brand","embeddable":true,"href":"https:\/\/www.fleurop-home.ch\/fr-ch\/wp-json\/wp\/v2\/product_brand?post=10038"},{"taxonomy":"product_cat","embeddable":true,"href":"https:\/\/www.fleurop-home.ch\/fr-ch\/wp-json\/wp\/v2\/product_cat?post=10038"},{"taxonomy":"product_tag","embeddable":true,"href":"https:\/\/www.fleurop-home.ch\/fr-ch\/wp-json\/wp\/v2\/product_tag?post=10038"},{"taxonomy":"woo-feed-brand","embeddable":true,"href":"https:\/\/www.fleurop-home.ch\/fr-ch\/wp-json\/wp\/v2\/woo-feed-brand?post=10038"}],"curies":[{"name":"wp","href":"https:\/\/api.w.org\/{rel}","templated":true}]}}