{"id":10036,"date":"2023-01-18T18:31:34","date_gmt":"2023-01-18T18:31:34","guid":{"rendered":"https:\/\/www.fleurop-home.ch\/?product=duftherz"},"modified":"2025-04-01T06:13:04","modified_gmt":"2025-04-01T04:13:04","slug":"coeur-parfume","status":"publish","type":"product","link":"https:\/\/www.fleurop-home.ch\/fr-ch\/p\/duftherz","title":{"rendered":"C\u0153ur parfum\u00e9"},"content":{"rendered":"<p>Joli c\u0153ur parfum\u00e9 rempli de cristaux de cire, dans une bo\u00eete avec ouverture pour sentir. Depuis des ann\u00e9es, notre best-seller pour une bonne odeur dans la salle de bain, l'armoire ou le salon.<\/p>\n<p><strong>No. 2 - LE SECRET CHAUD<\/strong><br \/>\n<strong>balsamique, floral, doux, musc, ambre<\/strong><\/p>\n<p>Ce parfum sensuel t'emm\u00e8ne dans un monde oriental plein de senteurs et de gr\u00e2ce f\u00e9minine. Des baumes et des r\u00e9sines nobles, du patchouly \u00e9pic\u00e9, des notes attrayantes de musc et d'ambre s'unissent pour former un ensemble myst\u00e9rieux qui ne demande qu'\u00e0 \u00eatre conquis.<\/p>","protected":false},"excerpt":{"rendered":"<p>Joli c\u0153ur parfum\u00e9 rempli de cristaux de cire, dans une bo\u00eete avec ouverture pour sentir.<\/p>","protected":false},"featured_media":10037,"template":"","meta":[],"product_brand":[],"product_cat":[51,48],"product_tag":[312],"woo-feed-brand":[],"class_list":{"0":"post-10036","1":"product","2":"type-product","3":"status-publish","4":"has-post-thumbnail","6":"product_cat-raumduefte","7":"product_cat-bad-wellness","8":"product_tag-zimmermann-flaach-ag-blumen-gartenbau","10":"first","11":"instock","12":"taxable","13":"shipping-taxable","14":"purchasable","15":"product-type-simple"},"_links":{"self":[{"href":"https:\/\/www.fleurop-home.ch\/fr-ch\/wp-json\/wp\/v2\/product\/10036","targetHints":{"allow":["GET"]}}],"collection":[{"href":"https:\/\/www.fleurop-home.ch\/fr-ch\/wp-json\/wp\/v2\/product"}],"about":[{"href":"https:\/\/www.fleurop-home.ch\/fr-ch\/wp-json\/wp\/v2\/types\/product"}],"wp:featuredmedia":[{"embeddable":true,"href":"https:\/\/www.fleurop-home.ch\/fr-ch\/wp-json\/wp\/v2\/media\/10037"}],"wp:attachment":[{"href":"https:\/\/www.fleurop-home.ch\/fr-ch\/wp-json\/wp\/v2\/media?parent=10036"}],"wp:term":[{"taxonomy":"product_brand","embeddable":true,"href":"https:\/\/www.fleurop-home.ch\/fr-ch\/wp-json\/wp\/v2\/product_brand?post=10036"},{"taxonomy":"product_cat","embeddable":true,"href":"https:\/\/www.fleurop-home.ch\/fr-ch\/wp-json\/wp\/v2\/product_cat?post=10036"},{"taxonomy":"product_tag","embeddable":true,"href":"https:\/\/www.fleurop-home.ch\/fr-ch\/wp-json\/wp\/v2\/product_tag?post=10036"},{"taxonomy":"woo-feed-brand","embeddable":true,"href":"https:\/\/www.fleurop-home.ch\/fr-ch\/wp-json\/wp\/v2\/woo-feed-brand?post=10036"}],"curies":[{"name":"wp","href":"https:\/\/api.w.org\/{rel}","templated":true}]}}