{"id":2659,"date":"2023-12-17T16:10:38","date_gmt":"2023-12-17T15:10:38","guid":{"rendered":"https:\/\/www.fleurop-home.ch\/?page_id=2659"},"modified":"2025-03-24T18:08:19","modified_gmt":"2025-03-24T17:08:19","slug":"avis-de-non-responsabilite","status":"publish","type":"page","link":"https:\/\/www.fleurop-home.ch\/fr-ch\/haftungsausschluss","title":{"rendered":"Clause de non-responsabilit\u00e9"},"content":{"rendered":"<div data-elementor-type=\"wp-page\" data-elementor-id=\"2659\" class=\"elementor elementor-2659\" data-elementor-settings=\"{&quot;ha_cmc_init_switcher&quot;:&quot;no&quot;}\" data-elementor-post-type=\"page\">\n\t\t\t\t<div class=\"elementor-element elementor-element-37716ada e-con-full e-flex e-con e-parent\" data-id=\"37716ada\" data-element_type=\"container\" data-e-type=\"container\" data-settings=\"{&quot;_ha_eqh_enable&quot;:false}\">\n\t\t\t\t<div class=\"elementor-element elementor-element-19724da6 elementor-widget elementor-widget-text-editor\" data-id=\"19724da6\" data-element_type=\"widget\" data-e-type=\"widget\" data-widget_type=\"text-editor.default\">\n\t\t\t\t<div class=\"elementor-widget-container\">\n\t\t\t\t\t\t\t\t\t<p>Fleurop-Interflora (Suisse) SA est particuli\u00e8rement attach\u00e9e \u00e0 la protection des donn\u00e9es et \u00e0 la s\u00e9curit\u00e9 des donn\u00e9es de ses clients. En utilisant le site web<strong> <a href=\"https:\/\/www.fleurop-home.ch\/fr-ch\/\" target=\"_blank\" rel=\"noopener\">www.fleurop-home.ch<\/a><\/strong> (y compris les domaines et sous-domaines associ\u00e9s ainsi que les versions mobiles et les applications de Fleurop - ci-apr\u00e8s d\u00e9nomm\u00e9 \"site web\"), tu acceptes que tes donn\u00e9es soient utilis\u00e9es conform\u00e9ment \u00e0 la pr\u00e9sente politique de confidentialit\u00e9 et tu acceptes la d\u00e9claration de confidentialit\u00e9 ci-dessous.<\/p><p>Fleurop s\u00e9curise le site web et les syst\u00e8mes en arri\u00e8re-plan, ainsi que toutes les donn\u00e9es saisies, contre les acc\u00e8s non autoris\u00e9s gr\u00e2ce \u00e0 une technologie de s\u00e9curit\u00e9 de pointe.<br>En principe, tu peux utiliser les pages web de Fleurop sans r\u00e9v\u00e9ler ton identit\u00e9. Lors de la visite, Fleurop enregistre diff\u00e9rentes informations de mani\u00e8re anonyme (voir&nbsp;<a href=\"https:\/\/www.fleurop-home.ch\/fr-ch\/declaration-de-protection-des-donnees\/\">D\u00e9claration de confidentialit\u00e9&nbsp;<\/a>sous \"8.0 Collecte et utilisation des donn\u00e9es de tes terminaux\").<\/p>\n<p>Fleurop est responsable de la protection des donn\u00e9es sur ses propres pages Internet, mais pas sur les pages Internet de tiers auxquelles il est fait r\u00e9f\u00e9rence par un lien sur l'une des pages Fleurop. En outre, Fleurop ne peut en principe pas \u00eatre tenue responsable de la s\u00e9curit\u00e9 des donn\u00e9es transmises par Internet.<\/p>\t\t\t\t\t\t\t\t<\/div>\n\t\t\t\t<\/div>\n\t\t\t\t<\/div>\n\t\t\t\t<\/div>","protected":false},"excerpt":{"rendered":"<p>Fleurop-Interflora (Schweiz) AG ist dem Datenschutz und der Sicherheit der Kundendaten besonders verpflichtet. Mit Nutzung der Webseite www.fleurop-home.ch (einschliesslich dazugeh\u00f6riger Domains, Subdomains sowie Mobilversionen und Applikationen von Fleurop &#8211; nachfolgend \u00abWebseite\u00bb genannt) erkl\u00e4rt man sich mit der Verwendung seiner Daten laut dieser Datenschutzbestimmungen einverstanden und akzeptiert die nachfolgend aufgef\u00fchrte Datenschutzerkl\u00e4rung. Die Webseite und die Systeme [&hellip;]<\/p>\n","protected":false},"author":2,"featured_media":0,"parent":0,"menu_order":0,"comment_status":"closed","ping_status":"closed","template":"","meta":{"footnotes":""},"class_list":["post-2659","page","type-page","status-publish","hentry"],"_links":{"self":[{"href":"https:\/\/www.fleurop-home.ch\/fr-ch\/wp-json\/wp\/v2\/pages\/2659","targetHints":{"allow":["GET"]}}],"collection":[{"href":"https:\/\/www.fleurop-home.ch\/fr-ch\/wp-json\/wp\/v2\/pages"}],"about":[{"href":"https:\/\/www.fleurop-home.ch\/fr-ch\/wp-json\/wp\/v2\/types\/page"}],"author":[{"embeddable":true,"href":"https:\/\/www.fleurop-home.ch\/fr-ch\/wp-json\/wp\/v2\/users\/2"}],"replies":[{"embeddable":true,"href":"https:\/\/www.fleurop-home.ch\/fr-ch\/wp-json\/wp\/v2\/comments?post=2659"}],"version-history":[{"count":0,"href":"https:\/\/www.fleurop-home.ch\/fr-ch\/wp-json\/wp\/v2\/pages\/2659\/revisions"}],"wp:attachment":[{"href":"https:\/\/www.fleurop-home.ch\/fr-ch\/wp-json\/wp\/v2\/media?parent=2659"}],"curies":[{"name":"wp","href":"https:\/\/api.w.org\/{rel}","templated":true}]}}