{"id":2575,"date":"2023-12-11T17:04:19","date_gmt":"2023-12-11T16:04:19","guid":{"rendered":"https:\/\/www.fleurop-home.ch\/?page_id=2575"},"modified":"2025-07-30T10:10:35","modified_gmt":"2025-07-30T08:10:35","slug":"a-propos-de-fleurophome","status":"publish","type":"page","link":"https:\/\/www.fleurop-home.ch\/fr-ch\/ueber-fleurophome","title":{"rendered":"\u00c0 propos de FleuropHOME"},"content":{"rendered":"<div data-elementor-type=\"wp-page\" data-elementor-id=\"2575\" class=\"elementor elementor-2575\" data-elementor-settings=\"{&quot;ha_cmc_init_switcher&quot;:&quot;no&quot;}\" data-elementor-post-type=\"page\">\n\t\t\t\t<div class=\"elementor-element elementor-element-b81a2c1 e-flex e-con-boxed e-con e-parent\" data-id=\"b81a2c1\" data-element_type=\"container\" data-e-type=\"container\" data-settings=\"{&quot;_ha_eqh_enable&quot;:false}\">\n\t\t\t\t\t<div class=\"e-con-inner\">\n\t\t\t\t<div class=\"elementor-element elementor-element-460c294 elementor-widget elementor-widget-image\" data-id=\"460c294\" data-element_type=\"widget\" data-e-type=\"widget\" data-widget_type=\"image.default\">\n\t\t\t\t<div class=\"elementor-widget-container\">\n\t\t\t\t\t\t\t\t\t\t\t\t\t\t\t<img decoding=\"async\" src=\"https:\/\/www.fleurop-home.ch\/wp-content\/uploads\/elementor\/thumbs\/yehleen-gaffney-raxI_EcyfGw-unsplash-scaled-qjvx5j1er8giwm7w0hogbjm2m2auku4ufuh39o0zeo.jpg\" title=\"yehleen-gaffney-raxI_EcyfGw-unsplash\" alt=\"yehleen-gaffney-raxI_EcyfGw-unsplash\" loading=\"lazy\" \/>\t\t\t\t\t\t\t\t\t\t\t\t\t\t\t<\/div>\n\t\t\t\t<\/div>\n\t\t\t\t\t<\/div>\n\t\t\t\t<\/div>\n\t\t<div class=\"elementor-element elementor-element-37716ada e-flex e-con-boxed e-con e-parent\" data-id=\"37716ada\" data-element_type=\"container\" data-e-type=\"container\" data-settings=\"{&quot;_ha_eqh_enable&quot;:false}\">\n\t\t\t\t\t<div class=\"e-con-inner\">\n\t\t\t\t<div class=\"elementor-element elementor-element-b95deaf elementor-widget elementor-widget-heading\" data-id=\"b95deaf\" data-element_type=\"widget\" data-e-type=\"widget\" data-widget_type=\"heading.default\">\n\t\t\t\t<div class=\"elementor-widget-container\">\n\t\t\t\t\t<h2 class=\"elementor-heading-title elementor-size-default\">Bienvenue chez FleuropHOME !<\/h2>\t\t\t\t<\/div>\n\t\t\t\t<\/div>\n\t\t\t\t<div class=\"elementor-element elementor-element-e0b3ce0 elementor-widget elementor-widget-spacer\" data-id=\"e0b3ce0\" data-element_type=\"widget\" data-e-type=\"widget\" data-widget_type=\"spacer.default\">\n\t\t\t\t<div class=\"elementor-widget-container\">\n\t\t\t\t\t\t\t<div class=\"elementor-spacer\">\n\t\t\t<div class=\"elementor-spacer-inner\"><\/div>\n\t\t<\/div>\n\t\t\t\t\t\t<\/div>\n\t\t\t\t<\/div>\n\t\t\t\t<div class=\"elementor-element elementor-element-19724da6 elementor-widget elementor-widget-text-editor\" data-id=\"19724da6\" data-element_type=\"widget\" data-e-type=\"widget\" data-widget_type=\"text-editor.default\">\n\t\t\t\t<div class=\"elementor-widget-container\">\n\t\t\t\t\t\t\t\t\t<p>FleuropHOME a \u00e9t\u00e9 lanc\u00e9 en 2019 par Fleurop-Interflora (Suisse) SA en tant que place de march\u00e9. Notre objectif est de fournir aux fournisseurs une plate-forme sur laquelle ils peuvent pr\u00e9senter et vendre leurs produits exclusifs. De plus, nous proposons des contenus passionnants tels que des conseils d'am\u00e9nagement et de d\u00e9coration ainsi qu'une foule d'informations sur l'art de vivre avec style.<\/p>\t\t\t\t\t\t\t\t<\/div>\n\t\t\t\t<\/div>\n\t\t\t\t\t<\/div>\n\t\t\t\t<\/div>\n\t\t<div class=\"elementor-element elementor-element-3afd643 e-grid e-con-boxed e-con e-parent\" data-id=\"3afd643\" data-element_type=\"container\" data-e-type=\"container\" data-settings=\"{&quot;_ha_eqh_enable&quot;:false}\">\n\t\t\t\t\t<div class=\"e-con-inner\">\n\t\t\t\t<div class=\"elementor-element elementor-element-c75fb06 elementor-widget elementor-widget-text-editor\" data-id=\"c75fb06\" data-element_type=\"widget\" data-e-type=\"widget\" data-widget_type=\"text-editor.default\">\n\t\t\t\t<div class=\"elementor-widget-container\">\n\t\t\t\t\t\t\t\t\t<h3><b>Nos racines<\/b><\/h3><p>Fleurop est depuis longtemps un nom connu dans le domaine de la distribution de fleurs dans le monde entier et est synonyme de faire plaisir aux autres avec des bouquets de fleurs apport\u00e9s personnellement. Avec FleuropHOME, nous voulions aller plus loin et offrir \u00e0 nos clients la possibilit\u00e9 de se faire plaisir aussi.<\/p><p>Cependant, les deux boutiques en ligne fleurop-home.ch et fleurop.ch appartiennent toutes deux \u00e0 la famille de Fleurop-Interflora (Suisse) SA. En Suisse, Fleurop est leader dans le domaine des fleurs et, en tant que marque, Fleurop jouit d'une grande notori\u00e9t\u00e9 et d'une excellente r\u00e9putation.<\/p>\t\t\t\t\t\t\t\t<\/div>\n\t\t\t\t<\/div>\n\t\t\t\t<div class=\"elementor-element elementor-element-c8e1903 elementor-widget elementor-widget-image\" data-id=\"c8e1903\" data-element_type=\"widget\" data-e-type=\"widget\" data-widget_type=\"image.default\">\n\t\t\t\t<div class=\"elementor-widget-container\">\n\t\t\t\t\t\t\t\t\t\t\t\t\t\t\t<img fetchpriority=\"high\" decoding=\"async\" width=\"400\" height=\"400\" src=\"https:\/\/www.fleurop-home.ch\/wp-content\/uploads\/2024\/01\/FLEUROP_2016_quadr_gold-auf-schwarz_RGB-2000x2000_2027.png\" class=\"attachment-400x400c size-400x400c wp-image-2971\" alt=\"\" srcset=\"https:\/\/www.fleurop-home.ch\/wp-content\/uploads\/2024\/01\/FLEUROP_2016_quadr_gold-auf-schwarz_RGB-2000x2000_2027.png 2000w, https:\/\/www.fleurop-home.ch\/wp-content\/uploads\/2024\/01\/FLEUROP_2016_quadr_gold-auf-schwarz_RGB-2000x2000_2027-600x600.png 600w, https:\/\/www.fleurop-home.ch\/wp-content\/uploads\/2024\/01\/FLEUROP_2016_quadr_gold-auf-schwarz_RGB-2000x2000_2027-1920x1920.png 1920w, https:\/\/www.fleurop-home.ch\/wp-content\/uploads\/2024\/01\/FLEUROP_2016_quadr_gold-auf-schwarz_RGB-2000x2000_2027-300x300.png 300w, https:\/\/www.fleurop-home.ch\/wp-content\/uploads\/2024\/01\/FLEUROP_2016_quadr_gold-auf-schwarz_RGB-2000x2000_2027-768x768.png 768w, https:\/\/www.fleurop-home.ch\/wp-content\/uploads\/2024\/01\/FLEUROP_2016_quadr_gold-auf-schwarz_RGB-2000x2000_2027-1536x1536.png 1536w, https:\/\/www.fleurop-home.ch\/wp-content\/uploads\/2024\/01\/FLEUROP_2016_quadr_gold-auf-schwarz_RGB-2000x2000_2027-12x12.png 12w, https:\/\/www.fleurop-home.ch\/wp-content\/uploads\/2024\/01\/FLEUROP_2016_quadr_gold-auf-schwarz_RGB-2000x2000_2027-456x456.png 456w, https:\/\/www.fleurop-home.ch\/wp-content\/uploads\/2024\/01\/FLEUROP_2016_quadr_gold-auf-schwarz_RGB-2000x2000_2027-100x100.png 100w\" sizes=\"(max-width: 400px) 100vw, 400px\" \/>\t\t\t\t\t\t\t\t\t\t\t\t\t\t\t<\/div>\n\t\t\t\t<\/div>\n\t\t\t\t\t<\/div>\n\t\t\t\t<\/div>\n\t\t<div class=\"elementor-element elementor-element-d1ca74b e-grid e-con-boxed e-con e-parent\" data-id=\"d1ca74b\" data-element_type=\"container\" data-e-type=\"container\" data-settings=\"{&quot;_ha_eqh_enable&quot;:false}\">\n\t\t\t\t\t<div class=\"e-con-inner\">\n\t\t\t\t<div class=\"elementor-element elementor-element-4a5c1f4 elementor-widget elementor-widget-text-editor\" data-id=\"4a5c1f4\" data-element_type=\"widget\" data-e-type=\"widget\" data-widget_type=\"text-editor.default\">\n\t\t\t\t<div class=\"elementor-widget-container\">\n\t\t\t\t\t\t\t\t\t<h3><b>FleuropHOME<\/b><\/h3>\n<p>FleuropHOME propose des produits exclusifs pour la maison et l'art de vivre, provenant principalement de petits fournisseurs suisses et r\u00e9gionaux. D\u00e9couvre une s\u00e9lection vari\u00e9e d'articles de d\u00e9coration \u00e9l\u00e9gants ou d'objets m\u00e9nagers pratiques qui enrichissent ta maison.&nbsp;<\/p><p>Merci de faire partie de notre communaut\u00e9 et de nous aider \u00e0 faire de notre place de march\u00e9 un endroit inspirant. Nous sommes impatients de t'accompagner dans ton voyage d'achat !<\/p>\t\t\t\t\t\t\t\t<\/div>\n\t\t\t\t<\/div>\n\t\t\t\t<div class=\"elementor-element elementor-element-b9a9044 elementor-widget elementor-widget-image\" data-id=\"b9a9044\" data-element_type=\"widget\" data-e-type=\"widget\" data-widget_type=\"image.default\">\n\t\t\t\t<div class=\"elementor-widget-container\">\n\t\t\t\t\t\t\t\t\t\t\t\t\t\t\t<img decoding=\"async\" width=\"400\" height=\"400\" src=\"https:\/\/www.fleurop-home.ch\/wp-content\/uploads\/2024\/02\/FH_logo_quad_linie.jpg\" class=\"attachment-400x400c size-400x400c wp-image-3305\" alt=\"\" srcset=\"https:\/\/www.fleurop-home.ch\/wp-content\/uploads\/2024\/02\/FH_logo_quad_linie.jpg 1654w, https:\/\/www.fleurop-home.ch\/wp-content\/uploads\/2024\/02\/FH_logo_quad_linie-600x600.jpg 600w, https:\/\/www.fleurop-home.ch\/wp-content\/uploads\/2024\/02\/FH_logo_quad_linie-300x300.jpg 300w, https:\/\/www.fleurop-home.ch\/wp-content\/uploads\/2024\/02\/FH_logo_quad_linie-768x768.jpg 768w, https:\/\/www.fleurop-home.ch\/wp-content\/uploads\/2024\/02\/FH_logo_quad_linie-1536x1536.jpg 1536w, https:\/\/www.fleurop-home.ch\/wp-content\/uploads\/2024\/02\/FH_logo_quad_linie-12x12.jpg 12w, https:\/\/www.fleurop-home.ch\/wp-content\/uploads\/2024\/02\/FH_logo_quad_linie-456x456.jpg 456w, https:\/\/www.fleurop-home.ch\/wp-content\/uploads\/2024\/02\/FH_logo_quad_linie-100x100.jpg 100w\" sizes=\"(max-width: 400px) 100vw, 400px\" \/>\t\t\t\t\t\t\t\t\t\t\t\t\t\t\t<\/div>\n\t\t\t\t<\/div>\n\t\t\t\t\t<\/div>\n\t\t\t\t<\/div>\n\t\t<div class=\"elementor-element elementor-element-02f45a8 e-flex e-con-boxed e-con e-parent\" data-id=\"02f45a8\" data-element_type=\"container\" data-e-type=\"container\" data-settings=\"{&quot;_ha_eqh_enable&quot;:false}\">\n\t\t\t\t\t<div class=\"e-con-inner\">\n\t\t\t\t<div class=\"elementor-element elementor-element-70b7356 elementor-hidden-mobile elementor-widget elementor-widget-spacer\" data-id=\"70b7356\" data-element_type=\"widget\" data-e-type=\"widget\" data-widget_type=\"spacer.default\">\n\t\t\t\t<div class=\"elementor-widget-container\">\n\t\t\t\t\t\t\t<div class=\"elementor-spacer\">\n\t\t\t<div class=\"elementor-spacer-inner\"><\/div>\n\t\t<\/div>\n\t\t\t\t\t\t<\/div>\n\t\t\t\t<\/div>\n\t\t\t\t<div class=\"elementor-element elementor-element-4856111 elementor-widget elementor-widget-heading\" data-id=\"4856111\" data-element_type=\"widget\" data-e-type=\"widget\" data-widget_type=\"heading.default\">\n\t\t\t\t<div class=\"elementor-widget-container\">\n\t\t\t\t\t<h2 class=\"elementor-heading-title elementor-size-default\">Ach\u00e8te intelligemment. Ach\u00e8te local<\/h2>\t\t\t\t<\/div>\n\t\t\t\t<\/div>\n\t\t\t\t<div class=\"elementor-element elementor-element-aeffdd6 elementor-widget elementor-widget-heading\" data-id=\"aeffdd6\" data-element_type=\"widget\" data-e-type=\"widget\" data-widget_type=\"heading.default\">\n\t\t\t\t<div class=\"elementor-widget-container\">\n\t\t\t\t\t<h3 class=\"elementor-heading-title elementor-size-default\">Faire des achats r\u00e9gionaux sans quitter la maison.<\/h3>\t\t\t\t<\/div>\n\t\t\t\t<\/div>\n\t\t\t\t<div class=\"elementor-element elementor-element-86677a5 elementor-hidden-mobile elementor-widget elementor-widget-spacer\" data-id=\"86677a5\" data-element_type=\"widget\" data-e-type=\"widget\" data-widget_type=\"spacer.default\">\n\t\t\t\t<div class=\"elementor-widget-container\">\n\t\t\t\t\t\t\t<div class=\"elementor-spacer\">\n\t\t\t<div class=\"elementor-spacer-inner\"><\/div>\n\t\t<\/div>\n\t\t\t\t\t\t<\/div>\n\t\t\t\t<\/div>\n\t\t\t\t<div class=\"elementor-element elementor-element-deae8c5 elementor-widget elementor-widget-video\" data-id=\"deae8c5\" data-element_type=\"widget\" data-e-type=\"widget\" data-settings=\"{&quot;youtube_url&quot;:&quot;https:\\\/\\\/www.youtube.com\\\/watch?v=FRW2UOs3S5I&amp;list=PLEsTyZR14oqXhEbIWRFqzkNjtlaY8rHzD&amp;index=3&quot;,&quot;lazy_load&quot;:&quot;yes&quot;,&quot;video_type&quot;:&quot;youtube&quot;,&quot;controls&quot;:&quot;yes&quot;}\" data-widget_type=\"video.default\">\n\t\t\t\t<div class=\"elementor-widget-container\">\n\t\t\t\t\t\t\t<div class=\"elementor-wrapper elementor-open-inline\">\n\t\t\t<div class=\"elementor-video\"><\/div>\t\t<\/div>\n\t\t\t\t\t\t<\/div>\n\t\t\t\t<\/div>\n\t\t\t\t\t<\/div>\n\t\t\t\t<\/div>\n\t\t<div class=\"elementor-element elementor-element-e85f009 e-flex e-con-boxed e-con e-parent\" data-id=\"e85f009\" data-element_type=\"container\" data-e-type=\"container\" data-settings=\"{&quot;_ha_eqh_enable&quot;:false}\">\n\t\t\t\t\t<div class=\"e-con-inner\">\n\t\t<div class=\"elementor-element elementor-element-40b6a26 e-flex e-con-boxed e-con e-child\" data-id=\"40b6a26\" data-element_type=\"container\" data-e-type=\"container\" data-settings=\"{&quot;_ha_eqh_enable&quot;:false}\">\n\t\t\t\t\t<div class=\"e-con-inner\">\n\t\t\t\t<div class=\"elementor-element elementor-element-08f8389 elementor-widget elementor-widget-template\" data-id=\"08f8389\" data-element_type=\"widget\" data-e-type=\"widget\" data-widget_type=\"template.default\">\n\t\t\t\t<div class=\"elementor-widget-container\">\n\t\t\t\t\t\t\t<div class=\"elementor-template\">\n\t\t\t\t\t<div data-elementor-type=\"container\" data-elementor-id=\"1060\" class=\"elementor elementor-1060\" data-elementor-settings=\"{&quot;ha_cmc_init_switcher&quot;:&quot;no&quot;}\" data-elementor-post-type=\"elementor_library\">\n\t\t\t\t<div class=\"elementor-element elementor-element-671ead70 e-flex e-con-boxed e-con e-parent\" data-id=\"671ead70\" data-element_type=\"container\" data-e-type=\"container\" data-settings=\"{&quot;_ha_eqh_enable&quot;:false}\">\n\t\t\t\t\t<div class=\"e-con-inner\">\n\t\t\t\t<div class=\"elementor-element elementor-element-5aa8564c elementor-widget elementor-widget-heading\" data-id=\"5aa8564c\" data-element_type=\"widget\" data-e-type=\"widget\" data-widget_type=\"heading.default\">\n\t\t\t\t<div class=\"elementor-widget-container\">\n\t\t\t\t\t<h2 class=\"elementor-heading-title elementor-size-default\">Suis-nous !<\/h2>\t\t\t\t<\/div>\n\t\t\t\t<\/div>\n\t\t\t\t<div class=\"elementor-element elementor-element-f48b87a elementor-widget elementor-widget-heading\" data-id=\"f48b87a\" data-element_type=\"widget\" data-e-type=\"widget\" data-widget_type=\"heading.default\">\n\t\t\t\t<div class=\"elementor-widget-container\">\n\t\t\t\t\t<h3 class=\"elementor-heading-title elementor-size-default\">La dose quotidienne d'inspiration pour ta maison<\/h3>\t\t\t\t<\/div>\n\t\t\t\t<\/div>\n\t\t\t\t<div class=\"elementor-element elementor-element-17d4225 elementor-widget elementor-widget-spacer\" data-id=\"17d4225\" data-element_type=\"widget\" data-e-type=\"widget\" data-widget_type=\"spacer.default\">\n\t\t\t\t<div class=\"elementor-widget-container\">\n\t\t\t\t\t\t\t<div class=\"elementor-spacer\">\n\t\t\t<div class=\"elementor-spacer-inner\"><\/div>\n\t\t<\/div>\n\t\t\t\t\t\t<\/div>\n\t\t\t\t<\/div>\n\t\t\t\t<div class=\"elementor-element elementor-element-0ae3b50 elementor-widget elementor-widget-html\" data-id=\"0ae3b50\" data-element_type=\"widget\" data-e-type=\"widget\" data-widget_type=\"html.default\">\n\t\t\t\t<div class=\"elementor-widget-container\">\n\t\t\t\t\t<div id=\"pixlee_container\"><\/div><script type=\"text\/javascript\">window.PixleeAsyncInit = function() {Pixlee.init({apiKey:'cplZ0XFDwrcKVuTdB5o4'});Pixlee.addSimpleWidget({widgetId:25747899});};<\/script><script src=\"https:\/\/assets.pxlecdn.com\/assets\/pixlee_widget_1_0_0.js\"><\/script>\t\t\t\t<\/div>\n\t\t\t\t<\/div>\n\t\t\t\t<div class=\"elementor-element elementor-element-fa67a27 elementor-widget elementor-widget-spacer\" data-id=\"fa67a27\" data-element_type=\"widget\" data-e-type=\"widget\" data-widget_type=\"spacer.default\">\n\t\t\t\t<div class=\"elementor-widget-container\">\n\t\t\t\t\t\t\t<div class=\"elementor-spacer\">\n\t\t\t<div class=\"elementor-spacer-inner\"><\/div>\n\t\t<\/div>\n\t\t\t\t\t\t<\/div>\n\t\t\t\t<\/div>\n\t\t\t\t<div class=\"elementor-element elementor-element-360f6a9 elementor-align-center elementor-hidden-desktop elementor-hidden-tablet elementor-hidden-mobile elementor-widget elementor-widget-button\" data-id=\"360f6a9\" data-element_type=\"widget\" data-e-type=\"widget\" data-widget_type=\"button.default\">\n\t\t\t\t<div class=\"elementor-widget-container\">\n\t\t\t\t\t\t\t\t\t<div class=\"elementor-button-wrapper\">\n\t\t\t\t\t<a class=\"elementor-button elementor-button-link elementor-size-sm\" href=\"https:\/\/www.instagram.com\/fleurophome\/\" target=\"_blank\" rel=\"noopener\">\n\t\t\t\t\t\t<span class=\"elementor-button-content-wrapper\">\n\t\t\t\t\t\t<span class=\"elementor-button-icon\">\n\t\t\t\t<svg aria-hidden=\"true\" class=\"e-font-icon-svg e-fab-instagram\" viewbox=\"0 0 448 512\" xmlns=\"http:\/\/www.w3.org\/2000\/svg\"><path d=\"M224.1 141c-63.6 0-114.9 51.3-114.9 114.9s51.3 114.9 114.9 114.9S339 319.5 339 255.9 287.7 141 224.1 141zm0 189.6c-41.1 0-74.7-33.5-74.7-74.7s33.5-74.7 74.7-74.7 74.7 33.5 74.7 74.7-33.6 74.7-74.7 74.7zm146.4-194.3c0 14.9-12 26.8-26.8 26.8-14.9 0-26.8-12-26.8-26.8s12-26.8 26.8-26.8 26.8 12 26.8 26.8zm76.1 27.2c-1.7-35.9-9.9-67.7-36.2-93.9-26.2-26.2-58-34.4-93.9-36.2-37-2.1-147.9-2.1-184.9 0-35.8 1.7-67.6 9.9-93.9 36.1s-34.4 58-36.2 93.9c-2.1 37-2.1 147.9 0 184.9 1.7 35.9 9.9 67.7 36.2 93.9s58 34.4 93.9 36.2c37 2.1 147.9 2.1 184.9 0 35.9-1.7 67.7-9.9 93.9-36.2 26.2-26.2 34.4-58 36.2-93.9 2.1-37 2.1-147.8 0-184.8zM398.8 388c-7.8 19.6-22.9 34.7-42.6 42.6-29.5 11.7-99.5 9-132.1 9s-102.7 2.6-132.1-9c-19.6-7.8-34.7-22.9-42.6-42.6-11.7-29.5-9-99.5-9-132.1s-2.6-102.7 9-132.1c7.8-19.6 22.9-34.7 42.6-42.6 29.5-11.7 99.5-9 132.1-9s102.7-2.6 132.1 9c19.6 7.8 34.7 22.9 42.6 42.6 11.7 29.5 9 99.5 9 132.1s2.7 102.7-9 132.1z\"><\/path><\/svg>\t\t\t<\/span>\n\t\t\t\t\t\t\t\t\t<span class=\"elementor-button-text\">Instagram<\/span>\n\t\t\t\t\t<\/span>\n\t\t\t\t\t<\/a>\n\t\t\t\t<\/div>\n\t\t\t\t\t\t\t\t<\/div>\n\t\t\t\t<\/div>\n\t\t\t\t\t<\/div>\n\t\t\t\t<\/div>\n\t\t\t\t<\/div>\n\t\t\t\t<\/div>\n\t\t\t\t\t\t<\/div>\n\t\t\t\t<\/div>\n\t\t\t\t\t<\/div>\n\t\t\t\t<\/div>\n\t\t\t\t\t<\/div>\n\t\t\t\t<\/div>\n\t\t\t\t<\/div>","protected":false},"excerpt":{"rendered":"<p>Willkommen bei FleuropHOME! FleuropHOME wurde 2019 von der Fleurop-Interflora (Schweiz) AG als Marktplatz ins Leben gerufen. Unser Ziel ist es, Anbietern eine Plattform zur Verf\u00fcgung zu stellen, auf der sie ihre exklusiven Produkte pr\u00e4sentieren und verkaufen k\u00f6nnen. Dar\u00fcber hinaus bieten wir spannende Inhalte wie Einrichtungs- und Dekotipps sowie eine F\u00fclle von Informationen rund um ein [&hellip;]<\/p>\n","protected":false},"author":4,"featured_media":0,"parent":0,"menu_order":0,"comment_status":"closed","ping_status":"closed","template":"","meta":{"footnotes":""},"class_list":["post-2575","page","type-page","status-publish","hentry"],"_links":{"self":[{"href":"https:\/\/www.fleurop-home.ch\/fr-ch\/wp-json\/wp\/v2\/pages\/2575","targetHints":{"allow":["GET"]}}],"collection":[{"href":"https:\/\/www.fleurop-home.ch\/fr-ch\/wp-json\/wp\/v2\/pages"}],"about":[{"href":"https:\/\/www.fleurop-home.ch\/fr-ch\/wp-json\/wp\/v2\/types\/page"}],"author":[{"embeddable":true,"href":"https:\/\/www.fleurop-home.ch\/fr-ch\/wp-json\/wp\/v2\/users\/4"}],"replies":[{"embeddable":true,"href":"https:\/\/www.fleurop-home.ch\/fr-ch\/wp-json\/wp\/v2\/comments?post=2575"}],"version-history":[{"count":0,"href":"https:\/\/www.fleurop-home.ch\/fr-ch\/wp-json\/wp\/v2\/pages\/2575\/revisions"}],"wp:attachment":[{"href":"https:\/\/www.fleurop-home.ch\/fr-ch\/wp-json\/wp\/v2\/media?parent=2575"}],"curies":[{"name":"wp","href":"https:\/\/api.w.org\/{rel}","templated":true}]}}