{"id":2274,"date":"2023-11-23T13:35:03","date_gmt":"2023-11-23T12:35:03","guid":{"rendered":"https:\/\/www.fleurop-home.ch\/?page_id=2274"},"modified":"2024-09-25T14:03:29","modified_gmt":"2024-09-25T12:03:29","slug":"expedition-retours","status":"publish","type":"page","link":"https:\/\/www.fleurop-home.ch\/fr-ch\/versandinformationen","title":{"rendered":"Informations sur l'envoi"},"content":{"rendered":"<div data-elementor-type=\"wp-page\" data-elementor-id=\"2274\" class=\"elementor elementor-2274\" data-elementor-settings=\"{&quot;ha_cmc_init_switcher&quot;:&quot;no&quot;}\" data-elementor-post-type=\"page\">\n\t\t\t\t<div class=\"elementor-element elementor-element-37716ada e-flex e-con-boxed e-con e-parent\" data-id=\"37716ada\" data-element_type=\"container\" data-e-type=\"container\" data-settings=\"{&quot;_ha_eqh_enable&quot;:false}\">\n\t\t\t\t\t<div class=\"e-con-inner\">\n\t\t\t\t<div class=\"elementor-element elementor-element-19724da6 elementor-widget elementor-widget-text-editor\" data-id=\"19724da6\" data-element_type=\"widget\" data-e-type=\"widget\" data-widget_type=\"text-editor.default\">\n\t\t\t\t<div class=\"elementor-widget-container\">\n\t\t\t\t\t\t\t\t\t<p><\/p>\n<p>Sauf indication contraire dans l'offre, le d\u00e9lai de livraison standard est de 1 \u00e0 3 jours ouvrables (voir CGV : <a href=\"https:\/\/www.fleurop-home.ch\/fr-ch\/conditions-generales-de-vente\/#:~:text=5.%20Lieferbedingungen\">Conditions de livraison<\/a>).<\/p>\n<p>Nous t'offrons les frais de livraison \u00e0 partir d'un achat de 50 CHF ! Pour les commandes de moins de 50 CHF, nous te prions de comprendre que les frais de livraison s'\u00e9l\u00e8vent \u00e0 8,90 CHF.<\/p>\n<p>Les commandes obligent en principe le client \u00e0 accepter les produits. Les modifications ou annulations ult\u00e9rieures ne sont possibles que si la marchandise n'a pas encore \u00e9t\u00e9 pr\u00e9par\u00e9e pour l'exp\u00e9dition (voir CGV : <a href=\"https:\/\/www.fleurop-home.ch\/fr-ch\/conditions-generales-de-vente\/#:~:text=9.%20Nachtr%C3%A4gliche%20%C3%84nderung%20und%20Stornierung\">modification ult\u00e9rieure et annulation)<\/a>.<\/p>\n<p>Pour les fleurs, les plantes et les produits alimentaires, il n'existe pas de droit de retour de base. Celui-ci ne peut \u00eatre invoqu\u00e9 pour ces articles que s'ils pr\u00e9sentent des d\u00e9fauts (voir les conditions g\u00e9n\u00e9rales de vente) : <a href=\"https:\/\/www.fleurop-home.ch\/fr-ch\/conditions-generales-de-vente\/#:~:text=Fleurop%20nicht%20gestattet.-,11.%20Gew%C3%A4hrleistung,-Fleurop%20leistet%20Gew%C3%A4hr\">Droit de retour, garantie et responsabilit\u00e9<\/a>).<\/p>\n<p><\/p>\t\t\t\t\t\t\t\t<\/div>\n\t\t\t\t<\/div>\n\t\t\t\t\t<\/div>\n\t\t\t\t<\/div>\n\t\t\t\t<\/div>","protected":false},"excerpt":{"rendered":"<p>Die Standardlieferzeit betr\u00e4gt, sofern nicht beim Angebot anders angegeben, 1 bis 3 Werktage (siehe AGB: Lieferbedingungen). Schon ab einem Einkaufswert von CHF 50.- schenken wir dir die Versandkosten! Bei Bestellungen unter CHF 50.- bitten wir um Verst\u00e4ndnis, dass Versandkosten in H\u00f6he von CHF 8.90 anfallen. Bestellungen verpflichten den Kunden grunds\u00e4tzlich zur Abnahme der Produkte. Nachtr\u00e4gliche [&hellip;]<\/p>\n","protected":false},"author":2,"featured_media":0,"parent":0,"menu_order":0,"comment_status":"closed","ping_status":"closed","template":"","meta":{"footnotes":""},"class_list":["post-2274","page","type-page","status-publish","hentry"],"_links":{"self":[{"href":"https:\/\/www.fleurop-home.ch\/fr-ch\/wp-json\/wp\/v2\/pages\/2274","targetHints":{"allow":["GET"]}}],"collection":[{"href":"https:\/\/www.fleurop-home.ch\/fr-ch\/wp-json\/wp\/v2\/pages"}],"about":[{"href":"https:\/\/www.fleurop-home.ch\/fr-ch\/wp-json\/wp\/v2\/types\/page"}],"author":[{"embeddable":true,"href":"https:\/\/www.fleurop-home.ch\/fr-ch\/wp-json\/wp\/v2\/users\/2"}],"replies":[{"embeddable":true,"href":"https:\/\/www.fleurop-home.ch\/fr-ch\/wp-json\/wp\/v2\/comments?post=2274"}],"version-history":[{"count":0,"href":"https:\/\/www.fleurop-home.ch\/fr-ch\/wp-json\/wp\/v2\/pages\/2274\/revisions"}],"wp:attachment":[{"href":"https:\/\/www.fleurop-home.ch\/fr-ch\/wp-json\/wp\/v2\/media?parent=2274"}],"curies":[{"name":"wp","href":"https:\/\/api.w.org\/{rel}","templated":true}]}}