{"id":9862,"date":"2022-12-10T15:24:30","date_gmt":"2022-12-10T15:24:30","guid":{"rendered":"https:\/\/www.fleurop-home.ch\/?product=romantisches-rosenherz-mit-diamant"},"modified":"2026-03-18T10:50:30","modified_gmt":"2026-03-18T09:50:30","slug":"rosenherz-diamant","status":"publish","type":"product","link":"https:\/\/www.fleurop-home.ch\/de-ch\/p\/rosenherz-diamant","title":{"rendered":"Rosenherz \u00abDiamant\u00bb"},"content":{"rendered":"<p style=\"text-align: left;\">Das wundersch\u00f6ne, elegante und romantische Rosenherz (Textilblumen) in Rot ist mit Band und \u00abDiamant\u00bb aus Glas geschm\u00fcckt. Es eignet sich als Geschenk der Liebe zu jedem Anlass, sei es zur Hochzeit, zum Valentinstag, Muttertag, Geburtstag oder \u00abeinfach so\u00bb.<\/p>\n<p style=\"text-align: left;\"><strong>Bitte beachten Sie unseren Pflegehinweis:\u00a0<\/strong><\/p>\n<p style=\"text-align: left;\">Diese Rosen ben\u00f6tigen \u2013 wie alle Kunstblumen &#8211; weder Pflege noch Wasser. Sie bl\u00fchen \u00fcber Jahre, einfach so. Bei Raumtemperatur und an schattigen Standorten halten unsere Kunstblumen am l\u00e4ngsten.<\/p>\n<p style=\"text-align: left;\"><strong>Die Kunstblumen k\u00f6nnen an Form und Farbe verlieren, wenn man sie:\u00a0<\/strong><\/p>\n<p style=\"text-align: left;\">bew\u00e4ssert (auf keinen Fall bew\u00e4ssern!), oft oder grob anfasst (Staub mit einem weichen Pinsel entfernen), zu hoher Luftfeuchtigkeit oder direkter Sonneneinstrahlung aussetzt.<\/p>\n<p style=\"text-align: left;\">\u2022\u00a0\u00a0 Die Rosen-Herzen aus Textilbl\u00fcten &amp; Kunstmaterialien werden von uns individuell zusammengestellt und k\u00f6nnen in Anordnung und Farbe variieren.<\/p>\n<p style=\"text-align: left;\">\u2022\u00a0\u00a0 F\u00fcr die Gestaltung werden teils auch montierte Dekomaterialien sowie als technische Hilfsmittel Holz, Draht, Leim, Bast und \u00e4hnliches verwendet, welche auch sichtbar sein k\u00f6nnen. Der Bandschmuck kann variieren. Der Diamant-Schmuckstein ist k\u00fcnstlich und kein echter Diamant. Das Decoband nach dem Auspacken noch passend zur Herzform arrangieren.<\/p>\n<p><strong>Wichtig zu wissen:<\/strong> Die gestreuten Rosenbl\u00e4tter auf dem Foto geh\u00f6ren nicht zum Produkt. Sie k\u00f6nnen aber erg\u00e4nzend bestellt werden. Siehe unter &#171;Passend dazu<strong>&#187; &#8211;<\/strong>Echte rote stabilisierte Rosenbl\u00fcten &#8211; Rosenbl\u00e4tter zum Streuen.<\/p>\n<p style=\"text-align: left;\"><strong>Bitte beachten Sie:\u00a0<\/strong><\/p>\n<p style=\"text-align: left;\">Es k\u00f6nnte Unterschiede zwischen der abgebildeten Farbe auf der Webseite und der tats\u00e4chlichen Farbe geben. Dies aufgrund von Lichteinfall, Helligkeit des Monitors, Kontrasteinstellung usw. Ebenso kann die Anordnung der Materialien und Dekoartikel variieren.<\/p>\n","protected":false},"excerpt":{"rendered":"<p>Wundersch\u00f6nes romantisches Rosenherz mit passender Schleife sowie einem \u00abDiamant\u00bb aus Glas geschm\u00fcckt. \u00d8 ca. 20 cm<\/p>\n","protected":false},"featured_media":9863,"template":"","meta":[],"product_brand":[],"product_cat":[107,23,1003,999,26],"product_tag":[290],"woo-feed-brand":[],"class_list":{"0":"post-9862","1":"product","2":"type-product","3":"status-publish","4":"has-post-thumbnail","6":"product_cat-kunstblumen","7":"product_cat-home-living","8":"product_cat-fuer-sie","9":"product_cat-valentinstag","10":"product_cat-blumen-pflanzen","11":"product_tag-atelier-leutwyler","13":"first","14":"instock","15":"featured","16":"taxable","17":"shipping-taxable","18":"purchasable","19":"product-type-simple"},"_links":{"self":[{"href":"https:\/\/www.fleurop-home.ch\/de-ch\/wp-json\/wp\/v2\/product\/9862","targetHints":{"allow":["GET"]}}],"collection":[{"href":"https:\/\/www.fleurop-home.ch\/de-ch\/wp-json\/wp\/v2\/product"}],"about":[{"href":"https:\/\/www.fleurop-home.ch\/de-ch\/wp-json\/wp\/v2\/types\/product"}],"wp:featuredmedia":[{"embeddable":true,"href":"https:\/\/www.fleurop-home.ch\/de-ch\/wp-json\/wp\/v2\/media\/9863"}],"wp:attachment":[{"href":"https:\/\/www.fleurop-home.ch\/de-ch\/wp-json\/wp\/v2\/media?parent=9862"}],"wp:term":[{"taxonomy":"product_brand","embeddable":true,"href":"https:\/\/www.fleurop-home.ch\/de-ch\/wp-json\/wp\/v2\/product_brand?post=9862"},{"taxonomy":"product_cat","embeddable":true,"href":"https:\/\/www.fleurop-home.ch\/de-ch\/wp-json\/wp\/v2\/product_cat?post=9862"},{"taxonomy":"product_tag","embeddable":true,"href":"https:\/\/www.fleurop-home.ch\/de-ch\/wp-json\/wp\/v2\/product_tag?post=9862"},{"taxonomy":"woo-feed-brand","embeddable":true,"href":"https:\/\/www.fleurop-home.ch\/de-ch\/wp-json\/wp\/v2\/woo-feed-brand?post=9862"}],"curies":[{"name":"wp","href":"https:\/\/api.w.org\/{rel}","templated":true}]}}