{"id":9790,"date":"2022-11-10T16:24:34","date_gmt":"2022-11-10T15:24:34","guid":{"rendered":"https:\/\/www.fleurop-home.ch\/?product=tablett-aus-birkenholz-jungleful-27-x-20-cm"},"modified":"2025-12-01T10:35:05","modified_gmt":"2025-12-01T09:35:05","slug":"tablett-aus-birkenholz-jungleful-27-x-20-cm","status":"publish","type":"product","link":"https:\/\/www.fleurop-home.ch\/de-ch\/p\/tablett-aus-birkenholz-jungleful-27-x-20-cm","title":{"rendered":"Tablett aus Birkenholz &#171;Jungleful&#187;, 27 x 20 cm"},"content":{"rendered":"<p>\u2018Jungleful\u2019 besticht durch seine schlichte Eleganz. Die wiederkehrenden Muster und sorgf\u00e4ltig ausgew\u00e4hlten Farbt\u00f6ne kreieren eine ruhige und elegante Atmosph\u00e4re. Dieses Design ist ideal f\u00fcr diejenigen, die eine subtile, jedoch wirkungsvolle \u00c4sthetik bevorzugen. Ob in einem modernen oder traditionellen Umfeld, \u2018Jungleful\u2019 setzt stilvolle Akzente, die zeitlos bleiben.<\/p>\n<p>Die kompakte rechteckige Gr\u00f6sse eignet sich ideal f\u00fcr die t\u00e4gliche Kaffeepause, mit Platz zum Beispiel f\u00fcr ein Getr\u00e4nk und einen Snack. Jedes Tablett wird in Schweden aus hochwertigem, nachhaltigem Birkenfurnier handgefertigt, ist f\u00fcr den Kontakt mit Lebensmitteln zugelassen, widerstandsf\u00e4hig gegen Hitze und Flecken und kann sicher in der Sp\u00fclmaschine gereinigt werden.<\/p>\n<p>Verwandle gew\u00f6hnliche Momente in aussergew\u00f6hnliche Erlebnisse mit diesem klassischen Tablett.<\/p>\n<p style=\"text-align: left\"><em>Designer:<\/em> Andreas Frei\/HappyTrays<\/p>\n<p style=\"text-align: left\"><em>Material:<\/em> Birkenfurnier, Melaminbeschichtung<\/p>\n<p style=\"text-align: left\"><em>Muster:<\/em>\u00a0Jungleful<\/p>\n<p style=\"text-align: left\"><em>Form:<\/em> Rechteckig<\/p>\n<p style=\"text-align: left\"><em>Gr\u00f6sse:<\/em> 27 x 20 cm<\/p>\n","protected":false},"excerpt":{"rendered":"<p>Hochwertiges Tablett aus nachhaltigem Birkenholz mit lebendigem Design in limitierter Auflage. Entworfen in der Schweiz, handgefertigt in Schweden. 27 x 20 cm.<\/p>\n","protected":false},"featured_media":9791,"template":"","meta":[],"product_brand":[],"product_cat":[1108,23,1190,30,42,1104,43],"product_tag":[314],"woo-feed-brand":[],"class_list":{"0":"post-9790","1":"product","2":"type-product","3":"status-publish","4":"has-post-thumbnail","6":"product_cat-tabletts","7":"product_cat-home-living","8":"product_cat-dekoobjekte","9":"product_cat-deko-accessoires","10":"product_cat-kueche","11":"product_cat-tischakzente","12":"product_cat-gedeckter-tisch","13":"product_tag-happytrays","15":"first","16":"instock","17":"taxable","18":"shipping-taxable","19":"purchasable","20":"product-type-simple"},"_links":{"self":[{"href":"https:\/\/www.fleurop-home.ch\/de-ch\/wp-json\/wp\/v2\/product\/9790","targetHints":{"allow":["GET"]}}],"collection":[{"href":"https:\/\/www.fleurop-home.ch\/de-ch\/wp-json\/wp\/v2\/product"}],"about":[{"href":"https:\/\/www.fleurop-home.ch\/de-ch\/wp-json\/wp\/v2\/types\/product"}],"wp:featuredmedia":[{"embeddable":true,"href":"https:\/\/www.fleurop-home.ch\/de-ch\/wp-json\/wp\/v2\/media\/9791"}],"wp:attachment":[{"href":"https:\/\/www.fleurop-home.ch\/de-ch\/wp-json\/wp\/v2\/media?parent=9790"}],"wp:term":[{"taxonomy":"product_brand","embeddable":true,"href":"https:\/\/www.fleurop-home.ch\/de-ch\/wp-json\/wp\/v2\/product_brand?post=9790"},{"taxonomy":"product_cat","embeddable":true,"href":"https:\/\/www.fleurop-home.ch\/de-ch\/wp-json\/wp\/v2\/product_cat?post=9790"},{"taxonomy":"product_tag","embeddable":true,"href":"https:\/\/www.fleurop-home.ch\/de-ch\/wp-json\/wp\/v2\/product_tag?post=9790"},{"taxonomy":"woo-feed-brand","embeddable":true,"href":"https:\/\/www.fleurop-home.ch\/de-ch\/wp-json\/wp\/v2\/woo-feed-brand?post=9790"}],"curies":[{"name":"wp","href":"https:\/\/api.w.org\/{rel}","templated":true}]}}