{"id":9501,"date":"2022-10-04T12:45:08","date_gmt":"2022-10-04T12:45:08","guid":{"rendered":"https:\/\/www.fleurop-home.ch\/?product=metalldose-herz-seife-100g"},"modified":"2025-04-01T06:22:34","modified_gmt":"2025-04-01T04:22:34","slug":"metalldose-herz-seife-100g","status":"publish","type":"product","link":"https:\/\/www.fleurop-home.ch\/de-ch\/p\/metalldose-herz-seife-100g","title":{"rendered":"Metalldose &#171;Herz&#187; &amp; Seife 100g"},"content":{"rendered":"<p><strong>BESCHREIBUNG<\/strong><\/p>\n<p>Diese Metalldose und die Seife (100 g) in Herzform sind DAS ideale Geschenk f\u00fcr Ihren Liebsten oder Ihre Liebste. Verschenken Sie eine zarte, nach Rosen duftende Seife und eine h\u00fcbsch verzierte Dose.<\/p>\n<p>Diese Seife ist mit BIO-Karit\u00e9butter angereichert, die weichmachende und sch\u00fctzende Eigenschaften besitzt, sowie mit Oliven\u00f6l aus Nyons, das die Haut sch\u00fctzt und n\u00e4hrt.<\/p>\n<p><strong>Tipps f\u00fcr die Anwendung<\/strong><\/p>\n<p>Auf die feuchte Haut auftragen. Sch\u00e4umen Sie die Seife auf und sp\u00fclen Sie sie mit reichlich Wasser ab. Vermeiden Sie den Kontakt mit den Augen. Bei Kontakt sp\u00fclen Sie die Augen gr\u00fcndlich mit klarem Wasser aus.<\/p>\n<p>Gr\u00f6\u00dfe: 8,2 x 7,5 x 4cm<\/p>\n","protected":false},"excerpt":{"rendered":"<p>Metalldose in Herzform und ihre nach Rosen duftende Seife. Ein ideales Geschenk f\u00fcr Menschen, die Ihnen am Herzen liegen.<\/p>\n","protected":false},"featured_media":9502,"template":"","meta":[],"product_brand":[],"product_cat":[49,48],"product_tag":[905],"woo-feed-brand":[],"class_list":{"0":"post-9501","1":"product","2":"type-product","3":"status-publish","4":"has-post-thumbnail","6":"product_cat-seifen","7":"product_cat-bad-wellness","8":"product_tag-la-rose-dor","10":"first","11":"instock","12":"taxable","13":"shipping-taxable","14":"purchasable","15":"product-type-simple"},"_links":{"self":[{"href":"https:\/\/www.fleurop-home.ch\/de-ch\/wp-json\/wp\/v2\/product\/9501","targetHints":{"allow":["GET"]}}],"collection":[{"href":"https:\/\/www.fleurop-home.ch\/de-ch\/wp-json\/wp\/v2\/product"}],"about":[{"href":"https:\/\/www.fleurop-home.ch\/de-ch\/wp-json\/wp\/v2\/types\/product"}],"wp:featuredmedia":[{"embeddable":true,"href":"https:\/\/www.fleurop-home.ch\/de-ch\/wp-json\/wp\/v2\/media\/9502"}],"wp:attachment":[{"href":"https:\/\/www.fleurop-home.ch\/de-ch\/wp-json\/wp\/v2\/media?parent=9501"}],"wp:term":[{"taxonomy":"product_brand","embeddable":true,"href":"https:\/\/www.fleurop-home.ch\/de-ch\/wp-json\/wp\/v2\/product_brand?post=9501"},{"taxonomy":"product_cat","embeddable":true,"href":"https:\/\/www.fleurop-home.ch\/de-ch\/wp-json\/wp\/v2\/product_cat?post=9501"},{"taxonomy":"product_tag","embeddable":true,"href":"https:\/\/www.fleurop-home.ch\/de-ch\/wp-json\/wp\/v2\/product_tag?post=9501"},{"taxonomy":"woo-feed-brand","embeddable":true,"href":"https:\/\/www.fleurop-home.ch\/de-ch\/wp-json\/wp\/v2\/woo-feed-brand?post=9501"}],"curies":[{"name":"wp","href":"https:\/\/api.w.org\/{rel}","templated":true}]}}