{"id":9498,"date":"2022-10-04T12:26:50","date_gmt":"2022-10-04T12:26:50","guid":{"rendered":"https:\/\/www.fleurop-home.ch\/?product=metalldose-seife-des-gartners-100g"},"modified":"2025-04-01T06:22:37","modified_gmt":"2025-04-01T04:22:37","slug":"metalldose-seife-des-gartners-100g","status":"publish","type":"product","link":"https:\/\/www.fleurop-home.ch\/de-ch\/p\/metalldose-seife-des-gartners-100g","title":{"rendered":"Metalldose &amp; Seife des G\u00e4rtners 100g"},"content":{"rendered":"<p><strong>BESCHREIBUNG<\/strong><\/p>\n<p>Diese 100g-Seife ist DIE Seife f\u00fcr G\u00e4rtner! Angereichert mit Glycerin und Talkum ist diese Seife perfekt f\u00fcr raue H\u00e4nde, die gerade aus dem Garten kommen. Schmutzige H\u00e4nde geh\u00f6ren der Vergangenheit an!<\/p>\n<p>Diese Seife ist ausserdem mit BIO-Karit\u00e9butter angereichert, die die Haut weich macht und sch\u00fctzt, sowie mit Nyons-Oliven\u00f6l, das Feuchtigkeit spendet und die Haut n\u00e4hrt. Sie ist f\u00fcr alle Hauttypen geeignet.<\/p>\n<p>Diese Seife wird in einer Vintage-Metalldose geliefert.<\/p>\n<p><strong>Tipps f\u00fcr die Anwendung<\/strong><\/p>\n<p>Seife auf die feuchte Haut auftragen. Aufsch\u00e4umen und mit reichlich Wasser absp\u00fclen. Vermeiden Sie den Kontakt mit den Augen. Bei Kontakt, sp\u00fclen Sie die Augen gr\u00fcndlich mit klarem Wasser aus.<\/p>\n<p>Seife 100g<\/p>\n<p>Gr\u00f6\u00dfe: 7,5 x 7,5 x 3,5cm<\/p>\n","protected":false},"excerpt":{"rendered":"<p>G\u00e4rtnerseife 100g in einer dekorierten Metalldose<\/p>\n","protected":false},"featured_media":9499,"template":"","meta":[],"product_brand":[],"product_cat":[49,48],"product_tag":[905],"woo-feed-brand":[],"class_list":{"0":"post-9498","1":"product","2":"type-product","3":"status-publish","4":"has-post-thumbnail","6":"product_cat-seifen","7":"product_cat-bad-wellness","8":"product_tag-la-rose-dor","10":"first","11":"instock","12":"taxable","13":"shipping-taxable","14":"purchasable","15":"product-type-simple"},"_links":{"self":[{"href":"https:\/\/www.fleurop-home.ch\/de-ch\/wp-json\/wp\/v2\/product\/9498","targetHints":{"allow":["GET"]}}],"collection":[{"href":"https:\/\/www.fleurop-home.ch\/de-ch\/wp-json\/wp\/v2\/product"}],"about":[{"href":"https:\/\/www.fleurop-home.ch\/de-ch\/wp-json\/wp\/v2\/types\/product"}],"wp:featuredmedia":[{"embeddable":true,"href":"https:\/\/www.fleurop-home.ch\/de-ch\/wp-json\/wp\/v2\/media\/9499"}],"wp:attachment":[{"href":"https:\/\/www.fleurop-home.ch\/de-ch\/wp-json\/wp\/v2\/media?parent=9498"}],"wp:term":[{"taxonomy":"product_brand","embeddable":true,"href":"https:\/\/www.fleurop-home.ch\/de-ch\/wp-json\/wp\/v2\/product_brand?post=9498"},{"taxonomy":"product_cat","embeddable":true,"href":"https:\/\/www.fleurop-home.ch\/de-ch\/wp-json\/wp\/v2\/product_cat?post=9498"},{"taxonomy":"product_tag","embeddable":true,"href":"https:\/\/www.fleurop-home.ch\/de-ch\/wp-json\/wp\/v2\/product_tag?post=9498"},{"taxonomy":"woo-feed-brand","embeddable":true,"href":"https:\/\/www.fleurop-home.ch\/de-ch\/wp-json\/wp\/v2\/woo-feed-brand?post=9498"}],"curies":[{"name":"wp","href":"https:\/\/api.w.org\/{rel}","templated":true}]}}