{"id":9454,"date":"2022-09-20T13:12:43","date_gmt":"2022-09-20T13:12:43","guid":{"rendered":"https:\/\/www.fleurop-home.ch\/?product=trockenblumen-strauss-nude-mit-vase"},"modified":"2026-03-20T08:48:36","modified_gmt":"2026-03-20T07:48:36","slug":"trockenblumenstrauss-nude-mit-vase","status":"publish","type":"product","link":"https:\/\/www.fleurop-home.ch\/de-ch\/p\/trockenblumenstrauss-nude-mit-vase","title":{"rendered":"Trockenblumenstrauss \u00abnude\u00bb mit Vase"},"content":{"rendered":"<h3>Trockenblumen<br \/>\nDer neue Interior-Trend<\/h3>\n<p>In diesem Jahr sieht man getrocknete Zweige und Blumen h\u00e4ufiger denn je.<br \/>\nSie sind nicht nur eine Herbstdeko, sondern verspr\u00fchen auch das ganze Jahr \u00fcber ihren ganzen Zauber:<br \/>\nBlumen als getrocknete Variante sind sehr angesagt.<br \/>\nOb als Tischdeko oder opulent in grossen Vasen platziert \u2500 Trockenblumen machen sich einzeln und im bunten Bouquet einfach herrlich.<br \/>\nDer riesengrosse Vorteil im Vergleich zu frischen Blumen: Trockenblumen-Deko h\u00e4lt und h\u00e4lt und h\u00e4lt.<\/p>\n<p>Der Preis bezieht sich pro Strauss inkl. einer Vase. (die Vase kann variieren)<\/p>\n<p><strong>Bitte beachte:<\/strong><br \/>\n\u2022\u00a0\u00a0 \u00a0Packe die Trockenblumen bitte vorsichtig aus dem Papier. Getrocknete Zweige sind leichter br\u00fcchig als noch im gr\u00fcnen Zustand. Der Strauss ist gebunden. M\u00f6chtest Du Trockenblumen, wie teilweise auf dem Bild, etwas lockerer in der Vase \u00f6ffne die Bindestelle und gestalte die Trockenblumen nach Deinen W\u00fcnschen.<\/p>\n<p>\u2022\u00a0\u00a0 Die Glasvase ist nicht sp\u00fclmaschinenfest. Sie kann nicht durchgehend vollfl\u00e4chig eingef\u00e4rbt oder mit kleinen Glasfehlern versehen sein.<br \/>\n\u2022\u00a0\u00a0 \u00a0Trockenblumen sind ein Naturprodukt und die Str\u00e4usse \/ Einzelblumen werden saisonal individuell zusammengestellt und k\u00f6nnen so in Blumenwahl, Anordnung und Farbe variieren.<br \/>\n\u2022\u00a0\u00a0 \u00a0F\u00fcr die Gestaltung werden als technische Hilfsmittel zum Teil Draht, Spaltbambus, Leim und \u00e4hnliches verwendet welche auch sichtbar sein k\u00f6nnen. Unsere Trockenblumen werden erg\u00e4nzend teilweise gebleicht oder eingef\u00e4rbt. Die im Musterstrauss (Foto) verwendetet Farbe kann so auch von Strauss zu Strauss variieren. Ebenso das f\u00fcr die Verpackung verwendete Papier.<br \/>\n\u2022\u00a0\u00a0 \u00a0Es k\u00f6nnte Unterschiede zwischen der abgebildeten Farbe auf der Webseite und der tats\u00e4chlichen Farbe geben, dies aufgrund von Lichteinfall, Helligkeit des Monitors, Kontrasteinstellung etc.<\/p>\n","protected":false},"excerpt":{"rendered":"<p>Trockenblumen &#8211; Der neue Interior-Trend; Trockenblumen Strauss &#171;nude&#187; mit Vase \u00d8 ca.25 cm H ca.50 cm \/ Vase leer ohne Strauss H ca.18 cm \u00d8 ca 11.cm<\/p>\n","protected":false},"featured_media":9455,"template":"","meta":[],"product_brand":[],"product_cat":[117,23,52,55],"product_tag":[290],"woo-feed-brand":[],"class_list":{"0":"post-9454","1":"product","2":"type-product","3":"status-publish","4":"has-post-thumbnail","6":"product_cat-trockenblumen","7":"product_cat-home-living","8":"product_cat-geschenke","9":"product_cat-blumige-geschenke","10":"product_tag-atelier-leutwyler","12":"first","13":"instock","14":"taxable","15":"shipping-taxable","16":"purchasable","17":"product-type-simple"},"_links":{"self":[{"href":"https:\/\/www.fleurop-home.ch\/de-ch\/wp-json\/wp\/v2\/product\/9454","targetHints":{"allow":["GET"]}}],"collection":[{"href":"https:\/\/www.fleurop-home.ch\/de-ch\/wp-json\/wp\/v2\/product"}],"about":[{"href":"https:\/\/www.fleurop-home.ch\/de-ch\/wp-json\/wp\/v2\/types\/product"}],"wp:featuredmedia":[{"embeddable":true,"href":"https:\/\/www.fleurop-home.ch\/de-ch\/wp-json\/wp\/v2\/media\/9455"}],"wp:attachment":[{"href":"https:\/\/www.fleurop-home.ch\/de-ch\/wp-json\/wp\/v2\/media?parent=9454"}],"wp:term":[{"taxonomy":"product_brand","embeddable":true,"href":"https:\/\/www.fleurop-home.ch\/de-ch\/wp-json\/wp\/v2\/product_brand?post=9454"},{"taxonomy":"product_cat","embeddable":true,"href":"https:\/\/www.fleurop-home.ch\/de-ch\/wp-json\/wp\/v2\/product_cat?post=9454"},{"taxonomy":"product_tag","embeddable":true,"href":"https:\/\/www.fleurop-home.ch\/de-ch\/wp-json\/wp\/v2\/product_tag?post=9454"},{"taxonomy":"woo-feed-brand","embeddable":true,"href":"https:\/\/www.fleurop-home.ch\/de-ch\/wp-json\/wp\/v2\/woo-feed-brand?post=9454"}],"curies":[{"name":"wp","href":"https:\/\/api.w.org\/{rel}","templated":true}]}}