{"id":9439,"date":"2022-09-06T14:42:57","date_gmt":"2022-09-06T14:42:57","guid":{"rendered":"https:\/\/www.fleurop-home.ch\/?product=edler-rosenbar-teddy-mit-diamant-schmuckstein"},"modified":"2026-05-09T17:34:48","modified_gmt":"2026-05-09T15:34:48","slug":"rosenbaer-diamant","status":"publish","type":"product","link":"https:\/\/www.fleurop-home.ch\/de-ch\/p\/rosenbaer-diamant","title":{"rendered":"Rosenb\u00e4r \u00abDiamant\u00bb"},"content":{"rendered":"<p>Der elegante Rosenb\u00e4r-Teddy (aus Textilblumen) in rot ist mit einem Band und Diamant-Glasstein geschm\u00fcckt und eignet sich als Geschenk der Liebe zu jedem Anlass, sei es zur Hochzeit, zum Valentinstag, Muttertag oder \u00abeinfach so\u00bb.<\/p>\n<p><strong>Bitte beachte unseren Pflegehinweis:<\/strong><\/p>\n<p>Die Rosen ben\u00f6tigen &#8211; wie alle Kunstblumen weder Pflege noch Wasser. Sie bl\u00fchen \u00fcber Jahre, einfach so. Bei Raumtemperatur und an schattigen Standorten halten unsere Kunstblumen am l\u00e4ngsten.<\/p>\n<p><em>Die Kunstblumen k\u00f6nnen an Form und Farbe verlieren, wenn man sie: <\/em><\/p>\n<ul>\n<li>bew\u00e4ssert (auf keinen Fall bew\u00e4ssern!), oft oder grob anfasst (Staub mit einem weichen Pinsel entfernen), zu hoher Luftfeuchtigkeit oder direkter Sonneneinstrahlung aussetzt. Durch den Transport oder die Verpackung k\u00f6nnen Druckstellen entstehen oder Rosen k\u00f6nnen sich l\u00f6sen. Wir empfehlen mit leicht warmer Luft aus dem F\u00f6hn (nicht heiss!) die Rosen wieder in die Form zu gestalten und mit etwas Leim oder einer Stecknadel k\u00f6nnen sie die Rosen in der Styroporunterlage leicht wieder befestigen.<\/li>\n<li>Die Rosenb\u00e4ren aus Textilbl\u00fcten &amp; Kunstmaterialien werden von uns individuell zusammengestellt und k\u00f6nnen in Anordnung und Farbe variieren.<\/li>\n<\/ul>\n<p><strong>Wichtig zu wissen:<\/strong> Die gestreuten Rosenbl\u00e4tter auf dem Foto geh\u00f6ren nicht zum Produkt. Sie k\u00f6nnen aber erg\u00e4nzend bestellt werden.<\/p>\n<ul>\n<li>F\u00fcr die Gestaltung werden zum Teil auch montierte Dekomaterialien sowie als technische Hilfsmittel Holz, Draht, Leim, Bast und \u00e4hnliches verwendet, welche auch sichtbar sein k\u00f6nnen. Der Bandschmuck kann variieren. Der Diamant-Glasstein als Deco ist k\u00fcnstlich &#8211; ist nicht ein echter Diamant.<\/li>\n<\/ul>\n<p><strong>Bitte beachte: <\/strong>Es k\u00f6nnte Unterschiede zwischen der abgebildeten Farbe auf der Webseite und der tats\u00e4chlichen Farbe geben, dies aufgrund von Lichteinfall, Helligkeit des Monitors, Kontrasteinstellung etc. Ebenso die Anordnung der Materialen und Dekoartikel.<\/p>\n","protected":false},"excerpt":{"rendered":"<p>Wundersch\u00f6ner edler Rosenb\u00e4r-Teddy mit passender Schleife sowie einem Diamant-Glasstein geschm\u00fcckt. \u00d8 ca. 15 cm \/ H\u00f6he ca. 20cm<\/p>\n","protected":false},"featured_media":36638,"template":"","meta":[],"product_brand":[],"product_cat":[107,23,1003,999,26,52,55],"product_tag":[290],"woo-feed-brand":[],"class_list":{"0":"post-9439","1":"product","2":"type-product","3":"status-publish","4":"has-post-thumbnail","6":"product_cat-kunstblumen","7":"product_cat-home-living","8":"product_cat-fuer-sie","9":"product_cat-valentinstag","10":"product_cat-blumen-pflanzen","11":"product_cat-geschenke","12":"product_cat-blumige-geschenke","13":"product_tag-atelier-leutwyler","15":"first","16":"instock","17":"featured","18":"taxable","19":"shipping-taxable","20":"purchasable","21":"product-type-simple"},"_links":{"self":[{"href":"https:\/\/www.fleurop-home.ch\/de-ch\/wp-json\/wp\/v2\/product\/9439","targetHints":{"allow":["GET"]}}],"collection":[{"href":"https:\/\/www.fleurop-home.ch\/de-ch\/wp-json\/wp\/v2\/product"}],"about":[{"href":"https:\/\/www.fleurop-home.ch\/de-ch\/wp-json\/wp\/v2\/types\/product"}],"wp:featuredmedia":[{"embeddable":true,"href":"https:\/\/www.fleurop-home.ch\/de-ch\/wp-json\/wp\/v2\/media\/36638"}],"wp:attachment":[{"href":"https:\/\/www.fleurop-home.ch\/de-ch\/wp-json\/wp\/v2\/media?parent=9439"}],"wp:term":[{"taxonomy":"product_brand","embeddable":true,"href":"https:\/\/www.fleurop-home.ch\/de-ch\/wp-json\/wp\/v2\/product_brand?post=9439"},{"taxonomy":"product_cat","embeddable":true,"href":"https:\/\/www.fleurop-home.ch\/de-ch\/wp-json\/wp\/v2\/product_cat?post=9439"},{"taxonomy":"product_tag","embeddable":true,"href":"https:\/\/www.fleurop-home.ch\/de-ch\/wp-json\/wp\/v2\/product_tag?post=9439"},{"taxonomy":"woo-feed-brand","embeddable":true,"href":"https:\/\/www.fleurop-home.ch\/de-ch\/wp-json\/wp\/v2\/woo-feed-brand?post=9439"}],"curies":[{"name":"wp","href":"https:\/\/api.w.org\/{rel}","templated":true}]}}