{"id":9407,"date":"2022-08-16T14:29:33","date_gmt":"2022-08-16T14:29:33","guid":{"rendered":"https:\/\/www.fleurop-home.ch\/?product=lobsiger-overnight-oats-mit-baumnussen"},"modified":"2025-11-04T14:58:48","modified_gmt":"2025-11-04T13:58:48","slug":"lobsiger-overnight-oats-mit-baumnussen","status":"publish","type":"product","link":"https:\/\/www.fleurop-home.ch\/de-ch\/p\/lobsiger-overnight-oats-mit-baumnussen","title":{"rendered":"Lobsiger Overnight Oats mit Baumn\u00fcssen"},"content":{"rendered":"<p style=\"text-align: left;\">Eine Rezeptur die ich als K\u00fcchenchef lange geh\u00fctet und geliebt habe. Cremig- fein, mit wertvollen Lobsiger Baumn\u00fcssen und einem Hauch Zitronenschale. Leinsamen und Flohsamenschalen runden dieses M\u00fcsli ab und machen es zu einem wahren Superfood. Durch die verschliessbaren Kartonbecher kannst du deine selbstgemachten Oats \u00fcberall hin mitnehmen. Die genaue Rezeptur zum fertigstellen der Oats, findest du auf der Verpackung.<\/p>\n<p style=\"text-align: left;\">Wichtig: Halte Dich an die Rezeptur!!<\/p>\n<p style=\"text-align: left;\">Megenangabe: 80g Trockenmischung ergibt 280g fertige Oats<\/p>\n<p style=\"text-align: left;\"><strong>Zutaten:<br \/>\n<\/strong>Haferflocken Schweiz, Baumn\u00fcsse, Sultaninen, Kokosnuss, Haselnuss, Leinsamen, Flohsamenschalen, Xylit, Zitronenschale<\/p>\n<p style=\"text-align: left;\"><strong>N\u00e4hrtwertinformationen:<\/strong><br \/>\nEnergie: 296 kcal, Fett total: 10.9g, Fetts\u00e4uren ges\u00e4ttigt: 4.1g, Kohlenhydrate: 38.1g, Zucker: 28.2g, Protein: 8.8g, Salz: 0.3g<\/p>\n<p style=\"text-align: left;\"><strong>Allergikerhinweise:<br \/>\n<\/strong>Enth\u00e4lt Baumn\u00fcsse, Haseln\u00fcsse, Haferflocken (kann Gluten enthalten)<\/p>\n<p style=\"text-align: left;\"><strong>Herkunftsland:<\/strong><br \/>\nSchweiz<\/p>\n","protected":false},"excerpt":{"rendered":"<p>Die besten &#171;Oats&#187;, die du jemals gegessen hast!<\/p>\n","protected":false},"featured_media":9408,"template":"","meta":[],"product_brand":[],"product_cat":[47,1022,910,797,1019,1018,1207,909,915,42,885],"product_tag":[309],"woo-feed-brand":[],"class_list":{"0":"post-9407","1":"product","2":"type-product","3":"status-publish","4":"has-post-thumbnail","6":"product_cat-kuechenaromen","7":"product_cat-brunch","8":"product_cat-geschenkideen","9":"product_cat-muttertag","10":"product_cat-osterbrunch","11":"product_cat-ostern","12":"product_cat-unter-25-chf","13":"product_cat-weihnachten","14":"product_cat-wichteln","15":"product_cat-kueche","16":"product_cat-koestlichkeiten","17":"product_tag-genuss-boutique-lobsigen","19":"first","20":"instock","21":"taxable","22":"shipping-taxable","23":"purchasable","24":"product-type-simple"},"_links":{"self":[{"href":"https:\/\/www.fleurop-home.ch\/de-ch\/wp-json\/wp\/v2\/product\/9407","targetHints":{"allow":["GET"]}}],"collection":[{"href":"https:\/\/www.fleurop-home.ch\/de-ch\/wp-json\/wp\/v2\/product"}],"about":[{"href":"https:\/\/www.fleurop-home.ch\/de-ch\/wp-json\/wp\/v2\/types\/product"}],"wp:featuredmedia":[{"embeddable":true,"href":"https:\/\/www.fleurop-home.ch\/de-ch\/wp-json\/wp\/v2\/media\/9408"}],"wp:attachment":[{"href":"https:\/\/www.fleurop-home.ch\/de-ch\/wp-json\/wp\/v2\/media?parent=9407"}],"wp:term":[{"taxonomy":"product_brand","embeddable":true,"href":"https:\/\/www.fleurop-home.ch\/de-ch\/wp-json\/wp\/v2\/product_brand?post=9407"},{"taxonomy":"product_cat","embeddable":true,"href":"https:\/\/www.fleurop-home.ch\/de-ch\/wp-json\/wp\/v2\/product_cat?post=9407"},{"taxonomy":"product_tag","embeddable":true,"href":"https:\/\/www.fleurop-home.ch\/de-ch\/wp-json\/wp\/v2\/product_tag?post=9407"},{"taxonomy":"woo-feed-brand","embeddable":true,"href":"https:\/\/www.fleurop-home.ch\/de-ch\/wp-json\/wp\/v2\/woo-feed-brand?post=9407"}],"curies":[{"name":"wp","href":"https:\/\/api.w.org\/{rel}","templated":true}]}}