{"id":9391,"date":"2022-08-12T12:21:59","date_gmt":"2022-08-12T12:21:59","guid":{"rendered":"https:\/\/www.fleurop-home.ch\/?product=macrame-als-trendige-tur-oder-wanddeco-ca-30cm-x-60cm"},"modified":"2026-03-20T08:51:05","modified_gmt":"2026-03-20T07:51:05","slug":"macrame-ca-30cm-x-60cm","status":"publish","type":"product","link":"https:\/\/www.fleurop-home.ch\/de-ch\/p\/macrame-ca-30cm-x-60cm","title":{"rendered":"Macram\u00e9 ca. 30cm x 60cm"},"content":{"rendered":"<h3>Macram\u00e9<br \/>\nDer neue Interior-Trend<\/h3>\n<p>In diesem Jahr sieht man Macram\u00e9 h\u00e4ufiger denn je. Ob als T\u00fcr oder Wanddeco platziert \u2500 Macram\u00e9 machen sich einfach herrlich. Der riesengrosse Vorteil im Vergleich zu frischen Blumen: Die Macram\u00e9-Deko h\u00e4lt und h\u00e4lt und h\u00e4lt.<\/p>\n<p>Der Begriff Macram\u00e9 stammt aus dem Spanischen und bezeichnet die aus dem Orient kommende Kn\u00fcpftechnik zur Herstellung von Teppichen, Textilen und Ornamenten wie Wandh\u00e4ngern und Schmuck. Das Wort stammt von dem arabischen \u201emigramah\u201c ab, was so viel wie weben bedeutet.<\/p>\n<p>Macram\u00e9; ca.30cm x 60cm (mit Holzstab und H\u00e4ngevorrichtung ca.40cm x 90cm)<\/p>\n<p><strong>Bitte beachte:<\/strong><\/p>\n<p>\u2022 Macram\u00e9 werden individuell handgekn\u00fcpft und k\u00f6nnen so in Anordnung und Struktur variieren.<\/p>\n<p>\u2022 Es k\u00f6nnte Unterschiede zwischen der abgebildeten Farbe auf der Webseite und der tats\u00e4chlichen Farbe geben, dies aufgrund von Lichteinfall, Helligkeit des Monitors, Kontrasteinstellung etc.<\/p>\n","protected":false},"excerpt":{"rendered":"<p>Der neue Interior-Trend; Macram\u00e9 als trendige T\u00fcr oder Wanddeco ca.30cm x 60cm<\/p>\n","protected":false},"featured_media":9392,"template":"","meta":[],"product_brand":[],"product_cat":[30,23,1191],"product_tag":[290],"woo-feed-brand":[],"class_list":{"0":"post-9391","1":"product","2":"type-product","3":"status-publish","4":"has-post-thumbnail","6":"product_cat-deko-accessoires","7":"product_cat-home-living","8":"product_cat-wanddeko","9":"product_tag-atelier-leutwyler","11":"first","12":"instock","13":"taxable","14":"shipping-taxable","15":"purchasable","16":"product-type-simple"},"_links":{"self":[{"href":"https:\/\/www.fleurop-home.ch\/de-ch\/wp-json\/wp\/v2\/product\/9391","targetHints":{"allow":["GET"]}}],"collection":[{"href":"https:\/\/www.fleurop-home.ch\/de-ch\/wp-json\/wp\/v2\/product"}],"about":[{"href":"https:\/\/www.fleurop-home.ch\/de-ch\/wp-json\/wp\/v2\/types\/product"}],"wp:featuredmedia":[{"embeddable":true,"href":"https:\/\/www.fleurop-home.ch\/de-ch\/wp-json\/wp\/v2\/media\/9392"}],"wp:attachment":[{"href":"https:\/\/www.fleurop-home.ch\/de-ch\/wp-json\/wp\/v2\/media?parent=9391"}],"wp:term":[{"taxonomy":"product_brand","embeddable":true,"href":"https:\/\/www.fleurop-home.ch\/de-ch\/wp-json\/wp\/v2\/product_brand?post=9391"},{"taxonomy":"product_cat","embeddable":true,"href":"https:\/\/www.fleurop-home.ch\/de-ch\/wp-json\/wp\/v2\/product_cat?post=9391"},{"taxonomy":"product_tag","embeddable":true,"href":"https:\/\/www.fleurop-home.ch\/de-ch\/wp-json\/wp\/v2\/product_tag?post=9391"},{"taxonomy":"woo-feed-brand","embeddable":true,"href":"https:\/\/www.fleurop-home.ch\/de-ch\/wp-json\/wp\/v2\/woo-feed-brand?post=9391"}],"curies":[{"name":"wp","href":"https:\/\/api.w.org\/{rel}","templated":true}]}}