{"id":9377,"date":"2022-08-12T10:45:05","date_gmt":"2022-08-12T10:45:05","guid":{"rendered":"https:\/\/www.fleurop-home.ch\/?product=trockenblumenkranz-lagurus-weiss-gebleicht"},"modified":"2026-04-27T15:07:51","modified_gmt":"2026-04-27T13:07:51","slug":"trockenblumenkranz-lagurus-weiss","status":"publish","type":"product","link":"https:\/\/www.fleurop-home.ch\/de-ch\/p\/trockenblumenkranz-lagurus-weiss","title":{"rendered":"Trockenblumenkranz Lagurus weiss"},"content":{"rendered":"<h3>Trockenblumen<br \/>\nDer neue Interior-Trend<\/h3>\n<p>In diesem Jahr sieht man getrocknete Zweige und Blumen h\u00e4ufiger denn je. Sie sind nicht nur eine Herbstdeko, sondern verspr\u00fchen auch im Sommer ihren ganzen Zauber: Blumen als getrocknete Variante sind sehr angesagt. Ob als T\u00fcr oder Wanddeko platziert \u2500 Trockenblumen machen sich einzeln und im bunten Bouquet einfach herrlich. Der riesengrosse Vorteil im Vergleich zu frischen Blumen: Trockenblumen-Deko h\u00e4lt und h\u00e4lt und h\u00e4lt.<\/p>\n<p><strong>Bitte beachte:<\/strong><\/p>\n<p>\u2022 Packe die Trockenblumen bitte vorsichtig aus dem Papier. Getrocknete Zweige sind leichter br\u00fcchig als noch im gr\u00fcnen Zustand.<\/p>\n<p>\u2022 Trockenblumen sind ein Naturprodukt und die Kr\u00e4nze werden saisonal individuell zusammengestellt und k\u00f6nnen so in Anordnung und Farbe variieren.<\/p>\n<p>\u2022 Unsere Trockenblumen werden erg\u00e4nzend teilweise gebleicht oder eingef\u00e4rbt. Die im Musterkranz (Foto) verwendetet Farbe kann so auch von Kranz zu Kranz variieren.<\/p>\n<p>\u2022 F\u00fcr die Gestaltung werden als technische Hilfsmittel zum Teil Draht, Spaltbambus, Leim und \u00e4hnliches verwendet welche auch sichtbar sein k\u00f6nnen. Der Kranz ist von Hand gebunden und kann durch die nat\u00fcrlichen verschiedenen Gr\u00f6ssen und Strukturen der Lagurus auch Unebenheiten haben. Ebenso sind Samenspitzen und &#171;Trockenblumenflausen&#187; etc. auf der Kranzoberfl\u00e4che m\u00f6glich (wie auch auf Bild 3 ersichtlich)<\/p>\n<p>\u2022 Lagurus haben ganz feine Stiele. Trotz vorsichtigem binden, l\u00e4sst sich nicht verhindern dass Lagurus aus der Bindestelle rutschen\/brechen k\u00f6nnen. Mit einem feinen Tropfen Leim k\u00f6nnen sie diese aber wieder an der gleichen Stelle einf\u00fcgen.<\/p>\n<p>\u2022 Es k\u00f6nnte Unterschiede zwischen der abgebildeten Farbe auf der Webseite und der tats\u00e4chlichen Farbe geben, dies aufgrund von Lichteinfall, Helligkeit des Monitors, Kontrasteinstellung etc.<\/p>\n","protected":false},"excerpt":{"rendered":"<p>Trockenblumen &#8211; Der neue Interior-Trend; Trockenblumenkranz mit Lagurus \u00d8 ca.30 cm<\/p>\n","protected":false},"featured_media":9378,"template":"","meta":[],"product_brand":[],"product_cat":[117,23],"product_tag":[290],"woo-feed-brand":[],"class_list":{"0":"post-9377","1":"product","2":"type-product","3":"status-publish","4":"has-post-thumbnail","6":"product_cat-trockenblumen","7":"product_cat-home-living","8":"product_tag-atelier-leutwyler","10":"first","11":"instock","12":"taxable","13":"shipping-taxable","14":"purchasable","15":"product-type-simple"},"_links":{"self":[{"href":"https:\/\/www.fleurop-home.ch\/de-ch\/wp-json\/wp\/v2\/product\/9377","targetHints":{"allow":["GET"]}}],"collection":[{"href":"https:\/\/www.fleurop-home.ch\/de-ch\/wp-json\/wp\/v2\/product"}],"about":[{"href":"https:\/\/www.fleurop-home.ch\/de-ch\/wp-json\/wp\/v2\/types\/product"}],"wp:featuredmedia":[{"embeddable":true,"href":"https:\/\/www.fleurop-home.ch\/de-ch\/wp-json\/wp\/v2\/media\/9378"}],"wp:attachment":[{"href":"https:\/\/www.fleurop-home.ch\/de-ch\/wp-json\/wp\/v2\/media?parent=9377"}],"wp:term":[{"taxonomy":"product_brand","embeddable":true,"href":"https:\/\/www.fleurop-home.ch\/de-ch\/wp-json\/wp\/v2\/product_brand?post=9377"},{"taxonomy":"product_cat","embeddable":true,"href":"https:\/\/www.fleurop-home.ch\/de-ch\/wp-json\/wp\/v2\/product_cat?post=9377"},{"taxonomy":"product_tag","embeddable":true,"href":"https:\/\/www.fleurop-home.ch\/de-ch\/wp-json\/wp\/v2\/product_tag?post=9377"},{"taxonomy":"woo-feed-brand","embeddable":true,"href":"https:\/\/www.fleurop-home.ch\/de-ch\/wp-json\/wp\/v2\/woo-feed-brand?post=9377"}],"curies":[{"name":"wp","href":"https:\/\/api.w.org\/{rel}","templated":true}]}}