{"id":9368,"date":"2022-08-12T09:07:26","date_gmt":"2022-08-12T09:07:26","guid":{"rendered":"https:\/\/www.fleurop-home.ch\/?product=trendiges-pampasgras-fluffy-ausgarniert-weiss-mit-vase"},"modified":"2026-03-20T08:53:07","modified_gmt":"2026-03-20T07:53:07","slug":"pampasgras-fluffy-mit-vase","status":"publish","type":"product","link":"https:\/\/www.fleurop-home.ch\/de-ch\/p\/pampasgras-fluffy-mit-vase","title":{"rendered":"Pampasgras \u00abFluffy\u00bb mit Vase"},"content":{"rendered":"<p>Die wundersch\u00f6ne geschm\u00fcckte Glasvase mit Fluffy-Pampasgras eignet sich als haltbarer Schmuck und Wohnaccessoire das ganze Jahr \u00fcber.<\/p>\n<p>Der Preis bezieht sich f\u00fcr die Vase mit Fluffy-Pampasgras geschm\u00fcckt. Du erh\u00e4ltst die Blumen einzeln\/offen und kannst sie nach Deinen W\u00fcnschen in der Vase gestalten.<\/p>\n<p><strong>Bitte beachte:<\/strong><\/p>\n<p>\u2022 Packe die Trockenblumen bitte vorsichtig aus dem Papier. Getrocknete Zweige sind leichter br\u00fcchig als noch im gr\u00fcnen Zustand.<br \/>\n\u2022 Trockenblumen sind ein Naturprodukt und die Str\u00e4usse \/ Einzelblumen werden saisonal individuell zusammengestellt und k\u00f6nnen so in Blumenwahl, Anordnung und Farbe variieren.<br \/>\n\u2022 Die Glasvase ist nicht sp\u00fclmaschinenfest<\/p>\n<p>Es k\u00f6nnte Unterschiede zwischen der abgebildeten Farbe auf der Webseite und der tats\u00e4chlichen Farbe geben, dies aufgrund von Lichteinfall, Helligkeit des Monitors, Kontrasteinstellung etc. Ebenso die Anordnung der Materialen und Dekoartikel.<\/p>\n","protected":false},"excerpt":{"rendered":"<p>Wundersch\u00f6nes trendiges Fluffy-Pampasgras in weiss gebleicht und ausgeschm\u00fcckt inkl. cooler transparenter Glasvase (Trockenblumen-Pampasgras Fluffy weiss mit Vase \u00d8 ca.15cm H ca.70 cm. \/ Glasvase H ca.25cm)<\/p>\n","protected":false},"featured_media":9369,"template":"","meta":[],"product_brand":[],"product_cat":[117,23,26],"product_tag":[290],"woo-feed-brand":[],"class_list":{"0":"post-9368","1":"product","2":"type-product","3":"status-publish","4":"has-post-thumbnail","6":"product_cat-trockenblumen","7":"product_cat-home-living","8":"product_cat-blumen-pflanzen","9":"product_tag-atelier-leutwyler","11":"first","12":"instock","13":"taxable","14":"shipping-taxable","15":"purchasable","16":"product-type-simple"},"_links":{"self":[{"href":"https:\/\/www.fleurop-home.ch\/de-ch\/wp-json\/wp\/v2\/product\/9368","targetHints":{"allow":["GET"]}}],"collection":[{"href":"https:\/\/www.fleurop-home.ch\/de-ch\/wp-json\/wp\/v2\/product"}],"about":[{"href":"https:\/\/www.fleurop-home.ch\/de-ch\/wp-json\/wp\/v2\/types\/product"}],"wp:featuredmedia":[{"embeddable":true,"href":"https:\/\/www.fleurop-home.ch\/de-ch\/wp-json\/wp\/v2\/media\/9369"}],"wp:attachment":[{"href":"https:\/\/www.fleurop-home.ch\/de-ch\/wp-json\/wp\/v2\/media?parent=9368"}],"wp:term":[{"taxonomy":"product_brand","embeddable":true,"href":"https:\/\/www.fleurop-home.ch\/de-ch\/wp-json\/wp\/v2\/product_brand?post=9368"},{"taxonomy":"product_cat","embeddable":true,"href":"https:\/\/www.fleurop-home.ch\/de-ch\/wp-json\/wp\/v2\/product_cat?post=9368"},{"taxonomy":"product_tag","embeddable":true,"href":"https:\/\/www.fleurop-home.ch\/de-ch\/wp-json\/wp\/v2\/product_tag?post=9368"},{"taxonomy":"woo-feed-brand","embeddable":true,"href":"https:\/\/www.fleurop-home.ch\/de-ch\/wp-json\/wp\/v2\/woo-feed-brand?post=9368"}],"curies":[{"name":"wp","href":"https:\/\/api.w.org\/{rel}","templated":true}]}}