{"id":9345,"date":"2022-08-07T09:33:11","date_gmt":"2022-08-07T09:33:11","guid":{"rendered":"https:\/\/www.fleurop-home.ch\/?product=massagekerze-wohlfuhlmomente"},"modified":"2026-01-21T11:21:00","modified_gmt":"2026-01-21T10:21:00","slug":"massagekerze-wohlfuhlmomente","status":"publish","type":"product","link":"https:\/\/www.fleurop-home.ch\/de-ch\/p\/massagekerze-wohlfuhlmomente","title":{"rendered":"Massagekerze \u00abWohlf\u00fchlmomente\u00bb"},"content":{"rendered":"<div class=\"woocommerce-product-details__short-description\">\n<p style=\"text-align: left;\">Aus nat\u00fcrlichen Inhaltsstoffen:<br \/>\nRaps-\/Kokoswachs, Kakaobutter, Mandel\u00f6l, \u00e4therische \u00d6le, Vitamin E<\/p>\n<p style=\"text-align: left;\">Anwendungsbeschreibung: siehe unten<\/p>\n<p style=\"text-align: left;\">Menge: 150 ml<\/p>\n<p style=\"text-align: left;\">Den Docht anz\u00fcnden und f\u00fcr 3-4 Minuten brennen lassen.<br \/>\nSobald das Wachs fl\u00fcssig ist, die Massagekerze l\u00f6schen und das Wachs in die H\u00e4nde giessen.<br \/>\nMit dem Wachs massieren.<br \/>\nSo geniessen Sie eine wohltuende Massage mit bereits warmem \u00d6l.<\/p>\n<p style=\"text-align: left;\">Achtung, l\u00e4sst man die Kerze l\u00e4nger brennen, wird das Wachs heiss = nicht direkt auf den K\u00f6rper giessen, kann zu Verbrennungen f\u00fchren.<\/p>\n<\/div>\n","protected":false},"excerpt":{"rendered":"<p>Massagekerze \u00abWohlf\u00fchlmomente\u00bb<br \/>\nMassagekerze mit wohltuendem Lavendelduft.<br \/>\nDas Glas ist hochwertig und wiederverwendbar.<\/p>\n","protected":false},"featured_media":38791,"template":"","meta":[],"product_brand":[],"product_cat":[1176,1003,910,1208,999,909,915,48],"product_tag":[313],"woo-feed-brand":[],"class_list":{"0":"post-9345","1":"product","2":"type-product","3":"status-publish","4":"has-post-thumbnail","6":"product_cat-wohlbefinden","7":"product_cat-fuer-sie","8":"product_cat-geschenkideen","9":"product_cat-ueber-25-chf","10":"product_cat-valentinstag","11":"product_cat-weihnachten","12":"product_cat-wichteln","13":"product_cat-bad-wellness","14":"product_tag-chruterei-klg","16":"first","17":"instock","18":"taxable","19":"shipping-taxable","20":"purchasable","21":"product-type-simple"},"_links":{"self":[{"href":"https:\/\/www.fleurop-home.ch\/de-ch\/wp-json\/wp\/v2\/product\/9345","targetHints":{"allow":["GET"]}}],"collection":[{"href":"https:\/\/www.fleurop-home.ch\/de-ch\/wp-json\/wp\/v2\/product"}],"about":[{"href":"https:\/\/www.fleurop-home.ch\/de-ch\/wp-json\/wp\/v2\/types\/product"}],"wp:featuredmedia":[{"embeddable":true,"href":"https:\/\/www.fleurop-home.ch\/de-ch\/wp-json\/wp\/v2\/media\/38791"}],"wp:attachment":[{"href":"https:\/\/www.fleurop-home.ch\/de-ch\/wp-json\/wp\/v2\/media?parent=9345"}],"wp:term":[{"taxonomy":"product_brand","embeddable":true,"href":"https:\/\/www.fleurop-home.ch\/de-ch\/wp-json\/wp\/v2\/product_brand?post=9345"},{"taxonomy":"product_cat","embeddable":true,"href":"https:\/\/www.fleurop-home.ch\/de-ch\/wp-json\/wp\/v2\/product_cat?post=9345"},{"taxonomy":"product_tag","embeddable":true,"href":"https:\/\/www.fleurop-home.ch\/de-ch\/wp-json\/wp\/v2\/product_tag?post=9345"},{"taxonomy":"woo-feed-brand","embeddable":true,"href":"https:\/\/www.fleurop-home.ch\/de-ch\/wp-json\/wp\/v2\/woo-feed-brand?post=9345"}],"curies":[{"name":"wp","href":"https:\/\/api.w.org\/{rel}","templated":true}]}}