{"id":9341,"date":"2022-08-07T09:25:58","date_gmt":"2022-08-07T09:25:58","guid":{"rendered":"https:\/\/www.fleurop-home.ch\/?product=zitronen-ingwer-sirup"},"modified":"2025-12-24T11:33:58","modified_gmt":"2025-12-24T10:33:58","slug":"zitronen-ingwer-getraenkekonzentrat","status":"publish","type":"product","link":"https:\/\/www.fleurop-home.ch\/de-ch\/p\/zitronen-ingwer-getraenkekonzentrat","title":{"rendered":"Zitronen-Ingwer-Getr\u00e4nkekonzentrat"},"content":{"rendered":"<div class=\"woocommerce-product-details__short-description\">\n<p class=\"_04xlpA direction-ltr align-start para-style-body\"><span class=\"JsGRdQ\">Serviervorschlag:<br \/>\nMischen Sie 20-30 ml mit eiskaltem oder heissem Wasser.<\/span><\/p>\n<p class=\"_04xlpA direction-ltr align-start para-style-body\"><span class=\"JsGRdQ\">Zutaten: Ingwer, Zucker,<br \/>\n<\/span><span class=\"JsGRdQ\">Bio-Zitronen, Wasser.<\/span><\/p>\n<p><span class=\"JsGRdQ\">Im Sommer erfrischend,<br \/>\n<\/span><span class=\"JsGRdQ\">im Winter w\u00e4rmend.<\/span><\/p>\n<p class=\"_04xlpA direction-ltr align-start para-style-body\"><span class=\"JsGRdQ\">Vor Gebrauch sch\u00fctteln. Nach dem \u00d6ffnen im K\u00fchlschrank (&lt;7\u00b0C) lagern und innerhalb von <\/span><span class=\"JsGRdQ\">60 Tagen verbrauchen.<\/span><\/p>\n<p class=\"cvGsUA direction-ltr align-start para-style-body\"><span class=\"OYPEnA text-decoration-none text-strikethrough-none\">N\u00e4hrwerte pro 100 ml:<\/span><\/p>\n<table>\n<tbody>\n<tr>\n<td width=\"302\">Energie<\/td>\n<td width=\"302\">1900kj \/ 447 kcal<\/td>\n<\/tr>\n<tr>\n<td width=\"302\">Fett (davon ges\u00e4ttige Fetts\u00e4uren)<\/td>\n<td width=\"302\">0.7g (0.3g)<\/td>\n<\/tr>\n<tr>\n<td width=\"302\">Kohlenhydrate (davon Zucker)<\/td>\n<td width=\"302\">109g (101g)<\/td>\n<\/tr>\n<tr>\n<td width=\"302\">Eiweiss<\/td>\n<td width=\"302\">1.1g<\/td>\n<\/tr>\n<tr>\n<td width=\"302\">Salz<\/td>\n<td width=\"302\">&lt;0.03g<\/td>\n<\/tr>\n<\/tbody>\n<\/table>\n<\/div>\n","protected":false},"excerpt":{"rendered":"<p>Zitronen-Ingwer-Sirup<br \/>\nSirup \/ Tee aus 100% nat\u00fcrlichen Inhaltsstoffen. 500ml.<\/p>\n","protected":false},"featured_media":71341,"template":"","meta":[],"product_brand":[],"product_cat":[47,995,984,1207,909,915,42,885],"product_tag":[313],"woo-feed-brand":[],"class_list":{"0":"post-9341","1":"product","2":"type-product","3":"status-publish","4":"has-post-thumbnail","6":"product_cat-kuechenaromen","7":"product_cat-essen-trinken","8":"product_cat-silvester","9":"product_cat-unter-25-chf","10":"product_cat-weihnachten","11":"product_cat-wichteln","12":"product_cat-kueche","13":"product_cat-koestlichkeiten","14":"product_tag-chruterei-klg","16":"first","17":"instock","18":"featured","19":"taxable","20":"shipping-taxable","21":"purchasable","22":"product-type-simple"},"_links":{"self":[{"href":"https:\/\/www.fleurop-home.ch\/de-ch\/wp-json\/wp\/v2\/product\/9341","targetHints":{"allow":["GET"]}}],"collection":[{"href":"https:\/\/www.fleurop-home.ch\/de-ch\/wp-json\/wp\/v2\/product"}],"about":[{"href":"https:\/\/www.fleurop-home.ch\/de-ch\/wp-json\/wp\/v2\/types\/product"}],"wp:featuredmedia":[{"embeddable":true,"href":"https:\/\/www.fleurop-home.ch\/de-ch\/wp-json\/wp\/v2\/media\/71341"}],"wp:attachment":[{"href":"https:\/\/www.fleurop-home.ch\/de-ch\/wp-json\/wp\/v2\/media?parent=9341"}],"wp:term":[{"taxonomy":"product_brand","embeddable":true,"href":"https:\/\/www.fleurop-home.ch\/de-ch\/wp-json\/wp\/v2\/product_brand?post=9341"},{"taxonomy":"product_cat","embeddable":true,"href":"https:\/\/www.fleurop-home.ch\/de-ch\/wp-json\/wp\/v2\/product_cat?post=9341"},{"taxonomy":"product_tag","embeddable":true,"href":"https:\/\/www.fleurop-home.ch\/de-ch\/wp-json\/wp\/v2\/product_tag?post=9341"},{"taxonomy":"woo-feed-brand","embeddable":true,"href":"https:\/\/www.fleurop-home.ch\/de-ch\/wp-json\/wp\/v2\/woo-feed-brand?post=9341"}],"curies":[{"name":"wp","href":"https:\/\/api.w.org\/{rel}","templated":true}]}}