{"id":9158,"date":"2022-07-13T18:57:56","date_gmt":"2022-07-13T18:57:56","guid":{"rendered":"https:\/\/www.fleurop-home.ch\/?product=soi-das-automatische-taschenlicht"},"modified":"2025-04-01T06:26:02","modified_gmt":"2025-04-01T04:26:02","slug":"soi-das-automatische-taschenlicht","status":"publish","type":"product","link":"https:\/\/www.fleurop-home.ch\/de-ch\/p\/soi-das-automatische-taschenlicht","title":{"rendered":"SOI das automatische Taschenlicht"},"content":{"rendered":"<p>Nicht suchen. Finden. SOI. schafft Abhilfe beim schier endlosen Gew\u00fchle in grossen Taschen und Rucks\u00e4cken. SOI. Beleuchtet das Innere und macht Schluss mit der Suche nach Handy, Schl\u00fcssel und Co.<\/p>\n<p>Durchmesser: 7cm<br \/>\nGewicht: 50g<br \/>\nBatterietyp: 2x AAA Batterien (inklusive, austauschbar)<br \/>\nBatteriekapazit\u00e4t: ca. 6000 Zyklen (1,5 \u2013 2 Jahre)<br \/>\nLeuchtdauer: 10 Sek.<\/p>\n","protected":false},"excerpt":{"rendered":"<p>SOI das automatische Taschenlicht<\/p>\n","protected":false},"featured_media":9159,"template":"","meta":[],"product_brand":[],"product_cat":[108,23,28],"product_tag":[312],"woo-feed-brand":[],"class_list":{"0":"post-9158","1":"product","2":"type-product","3":"status-publish","4":"has-post-thumbnail","6":"product_cat-lichterketten-laternen","7":"product_cat-home-living","8":"product_cat-kerzen-lichter","9":"product_tag-zimmermann-flaach-ag-blumen-gartenbau","11":"first","12":"instock","13":"taxable","14":"shipping-taxable","15":"purchasable","16":"product-type-simple"},"_links":{"self":[{"href":"https:\/\/www.fleurop-home.ch\/de-ch\/wp-json\/wp\/v2\/product\/9158","targetHints":{"allow":["GET"]}}],"collection":[{"href":"https:\/\/www.fleurop-home.ch\/de-ch\/wp-json\/wp\/v2\/product"}],"about":[{"href":"https:\/\/www.fleurop-home.ch\/de-ch\/wp-json\/wp\/v2\/types\/product"}],"wp:featuredmedia":[{"embeddable":true,"href":"https:\/\/www.fleurop-home.ch\/de-ch\/wp-json\/wp\/v2\/media\/9159"}],"wp:attachment":[{"href":"https:\/\/www.fleurop-home.ch\/de-ch\/wp-json\/wp\/v2\/media?parent=9158"}],"wp:term":[{"taxonomy":"product_brand","embeddable":true,"href":"https:\/\/www.fleurop-home.ch\/de-ch\/wp-json\/wp\/v2\/product_brand?post=9158"},{"taxonomy":"product_cat","embeddable":true,"href":"https:\/\/www.fleurop-home.ch\/de-ch\/wp-json\/wp\/v2\/product_cat?post=9158"},{"taxonomy":"product_tag","embeddable":true,"href":"https:\/\/www.fleurop-home.ch\/de-ch\/wp-json\/wp\/v2\/product_tag?post=9158"},{"taxonomy":"woo-feed-brand","embeddable":true,"href":"https:\/\/www.fleurop-home.ch\/de-ch\/wp-json\/wp\/v2\/woo-feed-brand?post=9158"}],"curies":[{"name":"wp","href":"https:\/\/api.w.org\/{rel}","templated":true}]}}