{"id":9134,"date":"2022-07-05T18:58:19","date_gmt":"2022-07-05T18:58:19","guid":{"rendered":"https:\/\/www.fleurop-home.ch\/?product=bio-bienenwachstuch-rolle-32-x-70cm-streuobstwiese"},"modified":"2025-04-01T06:32:10","modified_gmt":"2025-04-01T04:32:10","slug":"bio-bienenwachstuch-rolle-32-x-70cm-streuobstwiese-2","status":"publish","type":"product","link":"https:\/\/www.fleurop-home.ch\/de-ch\/p\/bio-bienenwachstuch-rolle-32-x-70cm-streuobstwiese-2","title":{"rendered":"Bio-Bienenwachstuch Rolle (32 x 70cm) Streuobstwiese"},"content":{"rendered":"<p>Das Bienenwachstuch ist ein nachhaltiger Begleiter im K\u00fchlschrank, in der K\u00fcche, im B\u00fcro, in der Schule und beim Wandern. Durch die W\u00e4rme deiner H\u00e4nde wird es flexibel und formbar und haftet an allen glatten Oberfl\u00e4chen und an sich selbst.<\/p>\n","protected":false},"excerpt":{"rendered":"<p>Bio-Bienenwachstuch Rolle (32 x 70cm) Streuobstwiese<\/p>\n","protected":false},"featured_media":9135,"template":"","meta":[],"product_brand":[],"product_cat":[44,42],"product_tag":[312],"woo-feed-brand":[],"class_list":{"0":"post-9134","1":"product","2":"type-product","3":"status-publish","4":"has-post-thumbnail","6":"product_cat-kuechenhelfer","7":"product_cat-kueche","8":"product_tag-zimmermann-flaach-ag-blumen-gartenbau","10":"first","11":"instock","12":"taxable","13":"shipping-taxable","14":"purchasable","15":"product-type-simple"},"_links":{"self":[{"href":"https:\/\/www.fleurop-home.ch\/de-ch\/wp-json\/wp\/v2\/product\/9134","targetHints":{"allow":["GET"]}}],"collection":[{"href":"https:\/\/www.fleurop-home.ch\/de-ch\/wp-json\/wp\/v2\/product"}],"about":[{"href":"https:\/\/www.fleurop-home.ch\/de-ch\/wp-json\/wp\/v2\/types\/product"}],"wp:featuredmedia":[{"embeddable":true,"href":"https:\/\/www.fleurop-home.ch\/de-ch\/wp-json\/wp\/v2\/media\/9135"}],"wp:attachment":[{"href":"https:\/\/www.fleurop-home.ch\/de-ch\/wp-json\/wp\/v2\/media?parent=9134"}],"wp:term":[{"taxonomy":"product_brand","embeddable":true,"href":"https:\/\/www.fleurop-home.ch\/de-ch\/wp-json\/wp\/v2\/product_brand?post=9134"},{"taxonomy":"product_cat","embeddable":true,"href":"https:\/\/www.fleurop-home.ch\/de-ch\/wp-json\/wp\/v2\/product_cat?post=9134"},{"taxonomy":"product_tag","embeddable":true,"href":"https:\/\/www.fleurop-home.ch\/de-ch\/wp-json\/wp\/v2\/product_tag?post=9134"},{"taxonomy":"woo-feed-brand","embeddable":true,"href":"https:\/\/www.fleurop-home.ch\/de-ch\/wp-json\/wp\/v2\/woo-feed-brand?post=9134"}],"curies":[{"name":"wp","href":"https:\/\/api.w.org\/{rel}","templated":true}]}}