{"id":9131,"date":"2022-07-05T18:47:50","date_gmt":"2022-07-05T18:47:50","guid":{"rendered":"https:\/\/www.fleurop-home.ch\/?product=bio-bienenwachstuch-beutel-mittel-20-x-24cm-streuobstwiese"},"modified":"2025-04-01T06:32:13","modified_gmt":"2025-04-01T04:32:13","slug":"bio-bienenwachstuch-beutel-mittel-20-x-24cm-streuobstwiese","status":"publish","type":"product","link":"https:\/\/www.fleurop-home.ch\/de-ch\/p\/bio-bienenwachstuch-beutel-mittel-20-x-24cm-streuobstwiese","title":{"rendered":"Bio-Bienenwachstuch Beutel mittel (20 x 24cm) Streuobstwiese"},"content":{"rendered":"<p>Das Bienenwachstuch ist ein nachhaltiger Begleiter im K\u00fchlschrank, in der K\u00fcche, im B\u00fcro, in der Schule und beim Wandern. Durch die W\u00e4rme deiner H\u00e4nde wird es flexibel und formbar und haftet an allen glatten Oberfl\u00e4chen sowie an sich selbst.<\/p>\n<p>Die Bio-Bienenwachstuch-Beutel sind ideal zum Bef\u00fcllen mit losen Lebensmitteln wie z.B. Salat, Beeren, Fr\u00fcchte, Kr\u00e4uter, Pilze, kleine Backwaren, sowie deine Brotzeit f\u00fcr unterwegs.<br \/>\nEinfach einf\u00fcllen, oben einrollen und ab damit in den K\u00fchlschrank oder auf die n\u00e4chste Wanderung.<\/p>\n","protected":false},"excerpt":{"rendered":"<p>Bio-Bienenwachstuch Beutel mittel (20 x 24cm) Streuobstwiese<\/p>\n","protected":false},"featured_media":9132,"template":"","meta":[],"product_brand":[],"product_cat":[44,1022,797,1019,1018,42],"product_tag":[312],"woo-feed-brand":[],"class_list":{"0":"post-9131","1":"product","2":"type-product","3":"status-publish","4":"has-post-thumbnail","6":"product_cat-kuechenhelfer","7":"product_cat-brunch","8":"product_cat-muttertag","9":"product_cat-osterbrunch","10":"product_cat-ostern","11":"product_cat-kueche","12":"product_tag-zimmermann-flaach-ag-blumen-gartenbau","14":"first","15":"instock","16":"taxable","17":"shipping-taxable","18":"purchasable","19":"product-type-simple"},"_links":{"self":[{"href":"https:\/\/www.fleurop-home.ch\/de-ch\/wp-json\/wp\/v2\/product\/9131","targetHints":{"allow":["GET"]}}],"collection":[{"href":"https:\/\/www.fleurop-home.ch\/de-ch\/wp-json\/wp\/v2\/product"}],"about":[{"href":"https:\/\/www.fleurop-home.ch\/de-ch\/wp-json\/wp\/v2\/types\/product"}],"wp:featuredmedia":[{"embeddable":true,"href":"https:\/\/www.fleurop-home.ch\/de-ch\/wp-json\/wp\/v2\/media\/9132"}],"wp:attachment":[{"href":"https:\/\/www.fleurop-home.ch\/de-ch\/wp-json\/wp\/v2\/media?parent=9131"}],"wp:term":[{"taxonomy":"product_brand","embeddable":true,"href":"https:\/\/www.fleurop-home.ch\/de-ch\/wp-json\/wp\/v2\/product_brand?post=9131"},{"taxonomy":"product_cat","embeddable":true,"href":"https:\/\/www.fleurop-home.ch\/de-ch\/wp-json\/wp\/v2\/product_cat?post=9131"},{"taxonomy":"product_tag","embeddable":true,"href":"https:\/\/www.fleurop-home.ch\/de-ch\/wp-json\/wp\/v2\/product_tag?post=9131"},{"taxonomy":"woo-feed-brand","embeddable":true,"href":"https:\/\/www.fleurop-home.ch\/de-ch\/wp-json\/wp\/v2\/woo-feed-brand?post=9131"}],"curies":[{"name":"wp","href":"https:\/\/api.w.org\/{rel}","templated":true}]}}