{"id":9123,"date":"2022-07-05T12:17:33","date_gmt":"2022-07-05T12:17:33","guid":{"rendered":"https:\/\/www.fleurop-home.ch\/?product=bio-bienenwachstuch-starterset-lms-bienentraum"},"modified":"2026-04-21T13:06:18","modified_gmt":"2026-04-21T11:06:18","slug":"bio-bienenwachstuch-starterset-lms-bienentraum","status":"publish","type":"product","link":"https:\/\/www.fleurop-home.ch\/de-ch\/p\/bio-bienenwachstuch-starterset-lms-bienentraum","title":{"rendered":"Bio-Bienenwachstuch Starterset (L\/M\/S) Bienentraum"},"content":{"rendered":"<p>Das Bienenwachstuch ist ein nachhaltiger Begleiter im K\u00fchlschrank, in der K\u00fcche, im B\u00fcro, in der Schule und beim Wandern. Durch die W\u00e4rme deiner H\u00e4nde wird es flexibel und formbar und haftet an allen glatten Oberfl\u00e4chen sowie an sich selbst.<\/p>\n<p>1x grosses Tuch \u201cL\u201d (35 x 35 cm),\u00a01x mittleres Tuch \u201cM\u201d (25 x 25 cm),\u00a01x kleines Tuch \u201cS\u201d (15 x 15 cm)<\/p>\n","protected":false},"excerpt":{"rendered":"<p>Bio-Bienenwachstuch Starterset (L\/M\/S) Bienentraum<\/p>\n","protected":false},"featured_media":36451,"template":"","meta":[],"product_brand":[],"product_cat":[44,1022,797,1019,1018,42],"product_tag":[312],"woo-feed-brand":[],"class_list":{"0":"post-9123","1":"product","2":"type-product","3":"status-publish","4":"has-post-thumbnail","6":"product_cat-kuechenhelfer","7":"product_cat-brunch","8":"product_cat-muttertag","9":"product_cat-osterbrunch","10":"product_cat-ostern","11":"product_cat-kueche","12":"product_tag-zimmermann-flaach-ag-blumen-gartenbau","14":"first","15":"instock","16":"taxable","17":"shipping-taxable","18":"purchasable","19":"product-type-simple"},"_links":{"self":[{"href":"https:\/\/www.fleurop-home.ch\/de-ch\/wp-json\/wp\/v2\/product\/9123","targetHints":{"allow":["GET"]}}],"collection":[{"href":"https:\/\/www.fleurop-home.ch\/de-ch\/wp-json\/wp\/v2\/product"}],"about":[{"href":"https:\/\/www.fleurop-home.ch\/de-ch\/wp-json\/wp\/v2\/types\/product"}],"wp:featuredmedia":[{"embeddable":true,"href":"https:\/\/www.fleurop-home.ch\/de-ch\/wp-json\/wp\/v2\/media\/36451"}],"wp:attachment":[{"href":"https:\/\/www.fleurop-home.ch\/de-ch\/wp-json\/wp\/v2\/media?parent=9123"}],"wp:term":[{"taxonomy":"product_brand","embeddable":true,"href":"https:\/\/www.fleurop-home.ch\/de-ch\/wp-json\/wp\/v2\/product_brand?post=9123"},{"taxonomy":"product_cat","embeddable":true,"href":"https:\/\/www.fleurop-home.ch\/de-ch\/wp-json\/wp\/v2\/product_cat?post=9123"},{"taxonomy":"product_tag","embeddable":true,"href":"https:\/\/www.fleurop-home.ch\/de-ch\/wp-json\/wp\/v2\/product_tag?post=9123"},{"taxonomy":"woo-feed-brand","embeddable":true,"href":"https:\/\/www.fleurop-home.ch\/de-ch\/wp-json\/wp\/v2\/woo-feed-brand?post=9123"}],"curies":[{"name":"wp","href":"https:\/\/api.w.org\/{rel}","templated":true}]}}