{"id":9043,"date":"2022-06-14T13:58:38","date_gmt":"2022-06-14T13:58:38","guid":{"rendered":"https:\/\/www.fleurop-home.ch\/?product=edle-rote-stabilisierte-rose-35-cm-mit-eukalyptus-und-vase"},"modified":"2026-04-01T16:12:37","modified_gmt":"2026-04-01T14:12:37","slug":"rote-rose-35cm-mit-vase-stabilisiert","status":"publish","type":"product","link":"https:\/\/www.fleurop-home.ch\/de-ch\/p\/rote-rose-35cm-mit-vase-stabilisiert","title":{"rendered":"Rote Rose 35cm mit Vase &#8211; stabilisiert"},"content":{"rendered":"<p>Wundersch\u00f6ne echte, edle, rote, stabilisierte Einzelrose mit Eukalyptuszweig geschm\u00fcckt. Die Rose wurde mit einer speziellen Methode stabilisiert. (haltbar gemacht)<\/p>\n<p>Die elegante, wundersch\u00f6ne, echte, edle, rote, stabilisierte Einzelrose eignet sich als Geschenk der Liebe zu jedem Anlass, sei es zur Hochzeit, zum Valentinstag oder \u00abeinfach so\u00bb. Sie eignet sich auch als haltbarer Schmuck und Wohnaccessoire.<\/p>\n<p>Details: Rosenkopf, \u00d8 ca. 7 cm, Stiell\u00e4nge ca. 35 cm, ca. 2 -3 Jahre haltbar.<\/p>\n<p>Glasvase H ca. 15 cm (die Vase und das Muster kann variieren)<\/p>\n<p>Du erh\u00e4ltst die Blumen einzeln\/offen und kannst sie nach Deinen W\u00fcnschen in der Vase gestalten<\/p>\n<p>Der Preis bezieht sich pro Rose mit Eukalyptus geschm\u00fcckt, inkl. Vase<\/p>\n<p><strong>Bitte beachte unseren Pflegehinweis:<\/strong><br \/>\nUnsere stabilisierten Rosen ben\u00f6tigen weder Pflege noch Wasser. Sie bl\u00fchen \u00fcber Jahre, einfach so. Bei Raumtemperatur und an schattigen Standorten halten unsere stabilisierten Rosenbouquets am l\u00e4ngsten.<\/p>\n<p><em>Die Rosen k\u00f6nnen an Form und Farbe verlieren, wenn man sie:<\/em><br \/>\nbew\u00e4ssert (auf keinen Fall bew\u00e4ssern!), oft oder grob anfasst (Staub mit einem weichen Pinsel entfernen), zu hoher Luftfeuchtigkeit oder direkter Sonneneinstrahlung aussetzt.<\/p>\n<p><strong>Bitte beachte:<\/strong><br \/>\nEs k\u00f6nnte Unterschiede zwischen der abgebildeten Farbe auf der Webseite und der tats\u00e4chlichen Farbe geben, dies aufgrund von Lichteinfall, Helligkeit des Monitors, Kontrasteinstellung etc. Ebenso die Anordnung der Materialen und Dekoartikel.<\/p>\n","protected":false},"excerpt":{"rendered":"<p>Wundersch\u00f6ne echte edle rote stabilisierte Einzelrose 35 cm mit Eukalyptus geschm\u00fcckt inkl. Vase<\/p>\n","protected":false},"featured_media":9044,"template":"","meta":[],"product_brand":[],"product_cat":[102,23,1000,797,1024,999,26,52,55],"product_tag":[290],"woo-feed-brand":[],"class_list":{"0":"post-9043","1":"product","2":"type-product","3":"status-publish","4":"has-post-thumbnail","6":"product_cat-infinity-rosen","7":"product_cat-home-living","8":"product_cat-valentinstagsdeko","9":"product_cat-muttertag","10":"product_cat-muttertagsdeko","11":"product_cat-valentinstag","12":"product_cat-blumen-pflanzen","13":"product_cat-geschenke","14":"product_cat-blumige-geschenke","15":"product_tag-atelier-leutwyler","17":"first","18":"instock","19":"taxable","20":"shipping-taxable","21":"purchasable","22":"product-type-simple"},"_links":{"self":[{"href":"https:\/\/www.fleurop-home.ch\/de-ch\/wp-json\/wp\/v2\/product\/9043","targetHints":{"allow":["GET"]}}],"collection":[{"href":"https:\/\/www.fleurop-home.ch\/de-ch\/wp-json\/wp\/v2\/product"}],"about":[{"href":"https:\/\/www.fleurop-home.ch\/de-ch\/wp-json\/wp\/v2\/types\/product"}],"wp:featuredmedia":[{"embeddable":true,"href":"https:\/\/www.fleurop-home.ch\/de-ch\/wp-json\/wp\/v2\/media\/9044"}],"wp:attachment":[{"href":"https:\/\/www.fleurop-home.ch\/de-ch\/wp-json\/wp\/v2\/media?parent=9043"}],"wp:term":[{"taxonomy":"product_brand","embeddable":true,"href":"https:\/\/www.fleurop-home.ch\/de-ch\/wp-json\/wp\/v2\/product_brand?post=9043"},{"taxonomy":"product_cat","embeddable":true,"href":"https:\/\/www.fleurop-home.ch\/de-ch\/wp-json\/wp\/v2\/product_cat?post=9043"},{"taxonomy":"product_tag","embeddable":true,"href":"https:\/\/www.fleurop-home.ch\/de-ch\/wp-json\/wp\/v2\/product_tag?post=9043"},{"taxonomy":"woo-feed-brand","embeddable":true,"href":"https:\/\/www.fleurop-home.ch\/de-ch\/wp-json\/wp\/v2\/woo-feed-brand?post=9043"}],"curies":[{"name":"wp","href":"https:\/\/api.w.org\/{rel}","templated":true}]}}