{"id":8997,"date":"2022-06-02T14:20:04","date_gmt":"2022-06-02T14:20:04","guid":{"rendered":"https:\/\/www.fleurop-home.ch\/?product=herzbox-mit-rose-poesie-in-rot"},"modified":"2026-03-23T09:07:58","modified_gmt":"2026-03-23T08:07:58","slug":"rosenbox-herz-poesie-in-rot","status":"publish","type":"product","link":"https:\/\/www.fleurop-home.ch\/de-ch\/p\/rosenbox-herz-poesie-in-rot","title":{"rendered":"Rosenbox-Herz \u00abPoesie in rot\u00bb"},"content":{"rendered":"<h3 style=\"text-align: left;\">Herzbox mit Rose &#171;Poesie in rot&#187;\u00a0 \u00d8 ca. 20cm H ca. 16cm<\/h3>\n<p>Mit diesem trendigen Geschenk wird die \u00dcberraschung unvergesslich. Sei es einfach so zum Valentinstag, zum Muttertag oder zum Geburtstag. Unsere Box ist mit einer echten stabilisierten Rose, Textilbl\u00fcten und Accessoires geschm\u00fcckt. Der Deckel der edlen Box kann auch zur Aufbewahrung sch\u00f6ner Dinge weiterverwendet werden.<\/p>\n<p style=\"text-align: left;\">Die Blumenbox kann als Geschenk, Wohnaccessoire oder als Tischdekoration verwendet werden. Die Bl\u00fcten-&amp; Gr\u00fcnzweige sind k\u00fcnstlich. Deshalb kann die Blumenbox zur Dekoration das ganze Jahr wieder verwendet werden.<\/p>\n<p>\u2022\u00a0\u00a0 Die Blumenboxen aus einer echten stabilisierten Rose, Textilbl\u00fcten &amp; Kunstmaterialien werden von uns individuell zusammengestellt und k\u00f6nnen in Anordnung und Farbe variieren.<\/p>\n<p>\u2022\u00a0\u00a0 \u00a0F\u00fcr die Gestaltung werden zum Teil auch montierte Dekomaterialien sowie als technische Hilfsmittel Holz, Draht, Leim, Bast und \u00e4hnliches verwendet, welche auch sichtbar sein k\u00f6nnen. Die Box ist aus Karton\/Papier gestaltet und kann durch den Klebevorgang auch Klebstoffschattierungen\/Reste und Kanten aufweisen. Ist die Box mit Stoff bespannt kann es innerhalb des Stoffes Farbver\u00e4nderungen\/Verbleichungen haben.<\/p>\n<p style=\"text-align: left;\"><strong>Bitte beachte:<\/strong><br \/>\nEs k\u00f6nnte Unterschiede zwischen der abgebildeten Farbe auf der Webseite und der tats\u00e4chlichen Farbe geben, dies aufgrund von Lichteinfall, Helligkeit des Monitors, Kontrasteinstellung etc. Ebenso die Anordnung der Materialen und Dekoartikel.<\/p>\n","protected":false},"excerpt":{"rendered":"<p>Herzbox mit Rose &#171;Poesie in rot&#187; mit Band und Schmuckstein edel ausgeschm\u00fcckt. \u00d8 ca. 20cm H ca. 16cm<\/p>\n","protected":false},"featured_media":40115,"template":"","meta":[],"product_brand":[],"product_cat":[102,23,26],"product_tag":[290],"woo-feed-brand":[],"class_list":{"0":"post-8997","1":"product","2":"type-product","3":"status-publish","4":"has-post-thumbnail","6":"product_cat-infinity-rosen","7":"product_cat-home-living","8":"product_cat-blumen-pflanzen","9":"product_tag-atelier-leutwyler","11":"first","12":"instock","13":"taxable","14":"shipping-taxable","15":"purchasable","16":"product-type-simple"},"_links":{"self":[{"href":"https:\/\/www.fleurop-home.ch\/de-ch\/wp-json\/wp\/v2\/product\/8997","targetHints":{"allow":["GET"]}}],"collection":[{"href":"https:\/\/www.fleurop-home.ch\/de-ch\/wp-json\/wp\/v2\/product"}],"about":[{"href":"https:\/\/www.fleurop-home.ch\/de-ch\/wp-json\/wp\/v2\/types\/product"}],"wp:featuredmedia":[{"embeddable":true,"href":"https:\/\/www.fleurop-home.ch\/de-ch\/wp-json\/wp\/v2\/media\/40115"}],"wp:attachment":[{"href":"https:\/\/www.fleurop-home.ch\/de-ch\/wp-json\/wp\/v2\/media?parent=8997"}],"wp:term":[{"taxonomy":"product_brand","embeddable":true,"href":"https:\/\/www.fleurop-home.ch\/de-ch\/wp-json\/wp\/v2\/product_brand?post=8997"},{"taxonomy":"product_cat","embeddable":true,"href":"https:\/\/www.fleurop-home.ch\/de-ch\/wp-json\/wp\/v2\/product_cat?post=8997"},{"taxonomy":"product_tag","embeddable":true,"href":"https:\/\/www.fleurop-home.ch\/de-ch\/wp-json\/wp\/v2\/product_tag?post=8997"},{"taxonomy":"woo-feed-brand","embeddable":true,"href":"https:\/\/www.fleurop-home.ch\/de-ch\/wp-json\/wp\/v2\/woo-feed-brand?post=8997"}],"curies":[{"name":"wp","href":"https:\/\/api.w.org\/{rel}","templated":true}]}}