{"id":8992,"date":"2022-06-02T11:38:31","date_gmt":"2022-06-02T11:38:31","guid":{"rendered":"https:\/\/www.fleurop-home.ch\/?product=zarter-blumenkorb-mit-roter-rose-und-lavendel"},"modified":"2026-03-23T09:08:16","modified_gmt":"2026-03-23T08:08:16","slug":"blumenkorb-mit-roter-rose","status":"publish","type":"product","link":"https:\/\/www.fleurop-home.ch\/de-ch\/p\/blumenkorb-mit-roter-rose","title":{"rendered":"Blumenkorb mit roter Rose"},"content":{"rendered":"<h3 style=\"text-align: left;\">Zarter Blumenkorb mit roter Rose und Lavendel \u00d8 ca. 18cm H ca. 18cm<\/h3>\n<p>Mit diesem trendigen Geschenk wird die \u00dcberraschung unvergesslich. Sei es einfach so zum Valentinstag, zum Muttertag oder zum Geburtstag. Unsere Box ist mit einer echten stabilisierten Rose, Textilbl\u00fcten und Lavendel geschm\u00fcckt.<\/p>\n<p>Der Blumenkorb kann als Geschenk, Wohnaccessoire oder als Tischdekoration verwendet werden. Die Bl\u00fcten-&amp; Gr\u00fcnzweige sind k\u00fcnstlich. Der Lavendel ist getrocknet. Deshalb kann der Blumenkorb zur Dekoration das ganze Jahr wieder verwendet werden.<br \/>\n\u2022\u00a0\u00a0 Die Blumenk\u00f6rbe aus einer echten stabilisierten Rose, Textilbl\u00fcten &amp; Kunstmaterialien werden von uns individuell zusammengestellt und k\u00f6nnen in Anordnung und Farbe variieren.<br \/>\n\u2022\u00a0\u00a0\u00a0 F\u00fcr die Gestaltung werden zum Teil auch montierte Dekomaterialien sowie als technische Hilfsmittel Holz, Draht, Leim, Bast und \u00e4hnliches verwendet, welche auch sichtbar sein k\u00f6nnen. Der Korb kann variieren.<\/p>\n<p><strong>Bitte beachte:<\/strong><br \/>\nEs k\u00f6nnte Unterschiede zwischen der abgebildeten Farbe auf der Webseite und der tats\u00e4chlichen Farbe geben, dies aufgrund von Lichteinfall, Helligkeit des Monitors, Kontrasteinstellung etc. Ebenso die Anordnung der Materialen und Dekoartikel.<\/p>\n","protected":false},"excerpt":{"rendered":"<p>Zarter Blumenkorb mit roter Rose und Lavendel \u00d8 ca. 18cm H ca. 18cm<\/p>\n","protected":false},"featured_media":8993,"template":"","meta":[],"product_brand":[],"product_cat":[102,23,26],"product_tag":[290],"woo-feed-brand":[],"class_list":{"0":"post-8992","1":"product","2":"type-product","3":"status-publish","4":"has-post-thumbnail","6":"product_cat-infinity-rosen","7":"product_cat-home-living","8":"product_cat-blumen-pflanzen","9":"product_tag-atelier-leutwyler","11":"first","12":"instock","13":"taxable","14":"shipping-taxable","15":"purchasable","16":"product-type-simple"},"_links":{"self":[{"href":"https:\/\/www.fleurop-home.ch\/de-ch\/wp-json\/wp\/v2\/product\/8992","targetHints":{"allow":["GET"]}}],"collection":[{"href":"https:\/\/www.fleurop-home.ch\/de-ch\/wp-json\/wp\/v2\/product"}],"about":[{"href":"https:\/\/www.fleurop-home.ch\/de-ch\/wp-json\/wp\/v2\/types\/product"}],"wp:featuredmedia":[{"embeddable":true,"href":"https:\/\/www.fleurop-home.ch\/de-ch\/wp-json\/wp\/v2\/media\/8993"}],"wp:attachment":[{"href":"https:\/\/www.fleurop-home.ch\/de-ch\/wp-json\/wp\/v2\/media?parent=8992"}],"wp:term":[{"taxonomy":"product_brand","embeddable":true,"href":"https:\/\/www.fleurop-home.ch\/de-ch\/wp-json\/wp\/v2\/product_brand?post=8992"},{"taxonomy":"product_cat","embeddable":true,"href":"https:\/\/www.fleurop-home.ch\/de-ch\/wp-json\/wp\/v2\/product_cat?post=8992"},{"taxonomy":"product_tag","embeddable":true,"href":"https:\/\/www.fleurop-home.ch\/de-ch\/wp-json\/wp\/v2\/product_tag?post=8992"},{"taxonomy":"woo-feed-brand","embeddable":true,"href":"https:\/\/www.fleurop-home.ch\/de-ch\/wp-json\/wp\/v2\/woo-feed-brand?post=8992"}],"curies":[{"name":"wp","href":"https:\/\/api.w.org\/{rel}","templated":true}]}}