{"id":8964,"date":"2022-05-25T14:19:52","date_gmt":"2022-05-25T14:19:52","guid":{"rendered":"https:\/\/www.fleurop-home.ch\/?product=sonnenblumen-korbli-rund-o-ca-20-cm-h-ca-22-cm"},"modified":"2026-03-23T09:11:16","modified_gmt":"2026-03-23T08:11:16","slug":"blumenkorb-sonnenblumen","status":"publish","type":"product","link":"https:\/\/www.fleurop-home.ch\/de-ch\/p\/blumenkorb-sonnenblumen","title":{"rendered":"Blumenkorb Sonnenblumen"},"content":{"rendered":"<p><strong>Blumenk\u00f6rbli in diesen sonnigen Farbt\u00f6nen sind die dekorativen Trends der Saison.<\/strong><\/p>\n<p>Mit diesem trendigen Geschenk wird die \u00dcberraschung unvergesslich. Unser K\u00f6rbli ist mit trendigen Trockenblumen und Textilblumen gestaltet.<\/p>\n<p>Das Blumenk\u00f6rbli kann als Geschenk, Wohnaccessoire oder als Tischdekoration verwendet werden. Die Trockenblumen und Textilblumen sind lange haltbar, und so kann die Blumenk\u00f6rbli zur Dekoration das ganze Jahr wieder verwendet werden.<\/p>\n<p>\u2022\u00a0\u00a0 Die Blumenk\u00f6rbli aus Trockenblumen, Textilblumen &amp; Kunstmaterialien werden von uns individuell zusammengestellt und k\u00f6nnen deshalb in Anordnung und Farbe variieren.<\/p>\n<p>\u2022\u00a0\u00a0\u00a0 F\u00fcr die Gestaltung werden zum Teil auch montierte Dekomaterialien sowie als technische Hilfsmittel Holz, Draht, Leim, Bast und \u00e4hnliches verwendet, welche auch sichtbar sein k\u00f6nnen. Der Korb kann Farbver\u00e4nderungen\/Verbleichungen haben. Der Preis ist pro Korb.<\/p>\n<p><strong>Bitte beachte:<\/strong><br \/>\nEs k\u00f6nnte Unterschiede zwischen der abgebildeten Farbe auf der Webseite und der tats\u00e4chlichen Farbe geben. Dies aufgrund von Lichteinfall, Helligkeit des Monitors, Kontrasteinstellung etc. Ebenso die Anordnung \/ Zusammensetzung der Materialien und Dekoartikel.<\/p>\n","protected":false},"excerpt":{"rendered":"<p>Sonnenblumen K\u00f6rbli in gelb T\u00f6nen mit einem Hauch blauem Lavendel, wie aus der Provence, sind die dekorativ-sonnigen Trends der Saison. K\u00f6rbli Durchmesser ca.20 cm, H\u00f6he ca 22cm<\/p>\n","protected":false},"featured_media":8965,"template":"","meta":[],"product_brand":[],"product_cat":[107,23,26],"product_tag":[290],"woo-feed-brand":[],"class_list":{"0":"post-8964","1":"product","2":"type-product","3":"status-publish","4":"has-post-thumbnail","6":"product_cat-kunstblumen","7":"product_cat-home-living","8":"product_cat-blumen-pflanzen","9":"product_tag-atelier-leutwyler","11":"first","12":"instock","13":"taxable","14":"shipping-taxable","15":"purchasable","16":"product-type-simple"},"_links":{"self":[{"href":"https:\/\/www.fleurop-home.ch\/de-ch\/wp-json\/wp\/v2\/product\/8964","targetHints":{"allow":["GET"]}}],"collection":[{"href":"https:\/\/www.fleurop-home.ch\/de-ch\/wp-json\/wp\/v2\/product"}],"about":[{"href":"https:\/\/www.fleurop-home.ch\/de-ch\/wp-json\/wp\/v2\/types\/product"}],"wp:featuredmedia":[{"embeddable":true,"href":"https:\/\/www.fleurop-home.ch\/de-ch\/wp-json\/wp\/v2\/media\/8965"}],"wp:attachment":[{"href":"https:\/\/www.fleurop-home.ch\/de-ch\/wp-json\/wp\/v2\/media?parent=8964"}],"wp:term":[{"taxonomy":"product_brand","embeddable":true,"href":"https:\/\/www.fleurop-home.ch\/de-ch\/wp-json\/wp\/v2\/product_brand?post=8964"},{"taxonomy":"product_cat","embeddable":true,"href":"https:\/\/www.fleurop-home.ch\/de-ch\/wp-json\/wp\/v2\/product_cat?post=8964"},{"taxonomy":"product_tag","embeddable":true,"href":"https:\/\/www.fleurop-home.ch\/de-ch\/wp-json\/wp\/v2\/product_tag?post=8964"},{"taxonomy":"woo-feed-brand","embeddable":true,"href":"https:\/\/www.fleurop-home.ch\/de-ch\/wp-json\/wp\/v2\/woo-feed-brand?post=8964"}],"curies":[{"name":"wp","href":"https:\/\/api.w.org\/{rel}","templated":true}]}}