{"id":8918,"date":"2022-05-12T07:49:48","date_gmt":"2022-05-12T07:49:48","guid":{"rendered":"https:\/\/www.fleurop-home.ch\/?product=naturseife-botanica-mit-melissenblatter-extrakt"},"modified":"2025-04-01T06:34:21","modified_gmt":"2025-04-01T04:34:21","slug":"naturseife-botanica-mit-melissenblatter-extrakt","status":"publish","type":"product","link":"https:\/\/www.fleurop-home.ch\/de-ch\/p\/naturseife-botanica-mit-melissenblatter-extrakt","title":{"rendered":"Naturseife BOTANICA mit Melissenbl\u00e4tter-Extrakt"},"content":{"rendered":"<p style=\"text-align: left\">Das Geheimnis? Nur 3 Zutaten, sonst nichts:<\/p>\n<p>&#8211; Verseiftes Baumharz<br \/>\n&#8211; Verseifte Pflanzen\u00f6le<br \/>\n&#8211; Extrakte &amp; Essenzen<\/p>\n<p>Alle Seifen von Le Savon selbstverst\u00e4ndlich immer vegan &amp; ohne Palmfett.<\/p>\n<ul>\n<li>Le Savon: lokale Manufaktur in Aeugst am Albis mit traditionellem Verseifungsverfahren in Handarbeit<\/li>\n<li>\u00dcppige Schaumbildung &amp; sehr hohe Ergiebigkeit<\/li>\n<li>Keine Zusatzstoffe<\/li>\n<\/ul>\n<p><strong>Duft:\u00a0<\/strong>Diese olfaktorische Komposition \u00fcberrascht mit kontrastreichen Akkorden aus Limette, Orange, s\u00fcsser Grapefruit und dezent w\u00fcrzig-warmen Noten des Ingwers.<\/p>\n<p><strong>Verwendung:<\/strong> Hand-&amp; Duschseife<\/p>\n<p><strong>Extras:<\/strong> Enth\u00e4lt Extrakte aus Schweizer Melissenbl\u00e4ttern.<\/p>\n<p><strong>Spezielles:<\/strong> Glasflasche ist mit Saatpapier-Anh\u00e4nger versehen. Erfreuen Sie sich an Thymian, Melisse und vielem mehr.<\/p>\n<p><strong>Volumen:<\/strong> 500ml<\/p>\n<p><strong>Haltbarkeit:<\/strong>\u00a012 Mt.<\/p>\n<p><strong>INCI:<\/strong>\u00a0Aqua, Potassium Liquid Resinate (verseiftes Baumharz), Potassium Cocoate*, Glycerin*, Potassium Olivate*, Parfum**, Potassium Prunus Amygdalus Dulcis Oil**, Citric Acid, Melissa Officinalis Leaf Extract, Citrus Aurantifolia Oil**, Citrus Medica Limon Oil**, Citrus Aurantium Dulcis Oil**, Litsea Cubeba Oil**, Citrus Grandis Peel Oil**, Zingiber Officinale Root Oil**, Tocopherol, Helianthus Annuus Seed Oil, Citral**, Limonene**, Linalool**\u00a0\u00a0*BIO\u00a0\u00a0**Bestandteile nat\u00fcrlicher \u00e4therischer \u00d6le<\/p>\n<p><strong>Verpackung:<\/strong> Glasflasche (reziklierbar) mit Qualit\u00e4ts-Pumpe (reziklierbar) aus Schweizerischer und Europ\u00e4ischer Produktion<\/p>\n","protected":false},"excerpt":{"rendered":"<p>Echte Seife, traditionell gesiedet. Vegan. Bio.<br \/>\nEin mildes Waschvergn\u00fcgen f\u00fcr extra sanftes Hautgef\u00fchl.<\/p>\n","protected":false},"featured_media":8919,"template":"","meta":[],"product_brand":[],"product_cat":[49,48],"product_tag":[308],"woo-feed-brand":[],"class_list":{"0":"post-8918","1":"product","2":"type-product","3":"status-publish","4":"has-post-thumbnail","6":"product_cat-seifen","7":"product_cat-bad-wellness","8":"product_tag-le-savon","10":"first","11":"instock","12":"taxable","13":"shipping-taxable","14":"purchasable","15":"product-type-simple"},"_links":{"self":[{"href":"https:\/\/www.fleurop-home.ch\/de-ch\/wp-json\/wp\/v2\/product\/8918","targetHints":{"allow":["GET"]}}],"collection":[{"href":"https:\/\/www.fleurop-home.ch\/de-ch\/wp-json\/wp\/v2\/product"}],"about":[{"href":"https:\/\/www.fleurop-home.ch\/de-ch\/wp-json\/wp\/v2\/types\/product"}],"wp:featuredmedia":[{"embeddable":true,"href":"https:\/\/www.fleurop-home.ch\/de-ch\/wp-json\/wp\/v2\/media\/8919"}],"wp:attachment":[{"href":"https:\/\/www.fleurop-home.ch\/de-ch\/wp-json\/wp\/v2\/media?parent=8918"}],"wp:term":[{"taxonomy":"product_brand","embeddable":true,"href":"https:\/\/www.fleurop-home.ch\/de-ch\/wp-json\/wp\/v2\/product_brand?post=8918"},{"taxonomy":"product_cat","embeddable":true,"href":"https:\/\/www.fleurop-home.ch\/de-ch\/wp-json\/wp\/v2\/product_cat?post=8918"},{"taxonomy":"product_tag","embeddable":true,"href":"https:\/\/www.fleurop-home.ch\/de-ch\/wp-json\/wp\/v2\/product_tag?post=8918"},{"taxonomy":"woo-feed-brand","embeddable":true,"href":"https:\/\/www.fleurop-home.ch\/de-ch\/wp-json\/wp\/v2\/woo-feed-brand?post=8918"}],"curies":[{"name":"wp","href":"https:\/\/api.w.org\/{rel}","templated":true}]}}