{"id":8897,"date":"2022-04-28T16:56:28","date_gmt":"2022-04-28T14:56:28","guid":{"rendered":"https:\/\/www.fleurop-home.ch\/?product=geschenkset-royal"},"modified":"2026-02-05T14:34:56","modified_gmt":"2026-02-05T13:34:56","slug":"gottlieber-geschenkset-royal-edition","status":"publish","type":"product","link":"https:\/\/www.fleurop-home.ch\/de-ch\/p\/gottlieber-geschenkset-royal-edition","title":{"rendered":"Gottlieber Holzkistli \u00abRoyal Edition\u00bb"},"content":{"rendered":"<div class=\"description\">\n<p>Ein hochwertiges Gottlieber \u00abHolzkistli\u00bb gef\u00fcllt mit je 30 H\u00fcppen der drei verf\u00fchrerischen Sorten Amaretto, Cappuccino, Irish Cream sowie 150g Mini H\u00fcppen der exquisiten Black Special Grand Cru F\u00fcllung. Das perfekte Geschenk f\u00fcr absolute Geniesser!<\/p>\n<p>Unsere Amaretto-F\u00fcllung besteht aus feinsten Mandeln und dunkler Bio und Fair Trade Couverture, vereint mit nat\u00fcrlichem Amaretto-Aroma. Dieser Dreiklang zaubert einen zarten Geschmack von Bittermandeln, der oft auch mit Marzipan in Verbindung gebracht wird.<\/p>\n<p>Ger\u00f6steter Fair Trade Arabica-Kaffee und feinstes Kakaopulver verleihen der delikaten Cappuccino-F\u00fcllung den Geschmack von Schokolade und frisch gebrautem Kaffee. Der obligate Cappuccino-Milchschaum wird in Form von Bio Milchpulver dazugegeben und l\u00e4sst die Farbe dieser H\u00fcppen-F\u00fcllung sch\u00f6n hell erscheinen.<\/p>\n<p>Den verf\u00fchrerischen Geschmack des cremigen Whiskeylik\u00f6rs Irish Cream erreichen wir nur mit besten und sorgf\u00e4ltig ausgew\u00e4hlten Ingredienzen. Bei dieser hellen Premium-F\u00fcllung sind dies Fair Trade Arabica-Kaffee, Bio Kakao- und Milchpulver und sanftes Irish Cream Aroma.<\/p>\n<p>Der Cacao Nacional w\u00e4chst in Ecuador und z\u00e4hlt zu den edelsten Aromakakaos der Welt. Das \u00abschwarze Gold\u00bb S\u00fcdamerikas verleiht unserer Premium-F\u00fcllung Black Special Grand Cru mit 60% Cacao-Anteil den intensiven Geschmack edelster Zartbitterschokolade.<\/p>\n<\/div>\n<dl class=\"product-attributes\">\n<dt class=\"label\"><strong>Inhalt:<\/strong><\/dt>\n<dt class=\"label\">je 30 H\u00fcppen Amaretto, Cappuccino, Irish Cream<\/dt>\n<dt class=\"label\">250 g Black Special Grand Cru Mini-H\u00fcppen<\/dt>\n<dt class=\"label\"><\/dt>\n<dt class=\"label\"><\/dt>\n<dt class=\"label\"><strong>Masse: <\/strong><\/dt>\n<dt class=\"label\">220 x 300 x 110 mm<\/dt>\n<dt class=\"label\"><\/dt>\n<dt class=\"label\"><\/dt>\n<dt class=\"label\"><a href=\"https:\/\/www.gottlieber.ch\/de\/online-shop\/naehrwertinformationen\" target=\"_blank\" rel=\"noopener\">N\u00e4hrwertinformationen und Allergikerhinweise<\/a><\/dt>\n<\/dl>\n","protected":false},"excerpt":{"rendered":"<p>Gottlieber \u00abHolzkistli\u00bb gef\u00fcllt mit den vier verf\u00fchrerischen Royal-Sorten.<\/p>\n","protected":false},"featured_media":8898,"template":"","meta":[],"product_brand":[],"product_cat":[114,995,984,42,885,52,1225,53],"product_tag":[286],"woo-feed-brand":[],"class_list":{"0":"post-8897","1":"product","2":"type-product","3":"status-publish","4":"has-post-thumbnail","6":"product_cat-schokolade-sweets","7":"product_cat-essen-trinken","8":"product_cat-silvester","9":"product_cat-kueche","10":"product_cat-koestlichkeiten","11":"product_cat-geschenke","12":"product_cat-genuss","13":"product_cat-geschenksets","14":"product_tag-gottlieber-spezialitaten-ag","16":"first","17":"instock","18":"taxable","19":"shipping-taxable","20":"purchasable","21":"product-type-simple"},"_links":{"self":[{"href":"https:\/\/www.fleurop-home.ch\/de-ch\/wp-json\/wp\/v2\/product\/8897","targetHints":{"allow":["GET"]}}],"collection":[{"href":"https:\/\/www.fleurop-home.ch\/de-ch\/wp-json\/wp\/v2\/product"}],"about":[{"href":"https:\/\/www.fleurop-home.ch\/de-ch\/wp-json\/wp\/v2\/types\/product"}],"wp:featuredmedia":[{"embeddable":true,"href":"https:\/\/www.fleurop-home.ch\/de-ch\/wp-json\/wp\/v2\/media\/8898"}],"wp:attachment":[{"href":"https:\/\/www.fleurop-home.ch\/de-ch\/wp-json\/wp\/v2\/media?parent=8897"}],"wp:term":[{"taxonomy":"product_brand","embeddable":true,"href":"https:\/\/www.fleurop-home.ch\/de-ch\/wp-json\/wp\/v2\/product_brand?post=8897"},{"taxonomy":"product_cat","embeddable":true,"href":"https:\/\/www.fleurop-home.ch\/de-ch\/wp-json\/wp\/v2\/product_cat?post=8897"},{"taxonomy":"product_tag","embeddable":true,"href":"https:\/\/www.fleurop-home.ch\/de-ch\/wp-json\/wp\/v2\/product_tag?post=8897"},{"taxonomy":"woo-feed-brand","embeddable":true,"href":"https:\/\/www.fleurop-home.ch\/de-ch\/wp-json\/wp\/v2\/woo-feed-brand?post=8897"}],"curies":[{"name":"wp","href":"https:\/\/api.w.org\/{rel}","templated":true}]}}