{"id":8895,"date":"2022-04-28T16:25:35","date_gmt":"2022-04-28T14:25:35","guid":{"rendered":"https:\/\/www.fleurop-home.ch\/?product=schmuckdose-semper-stadthaus-winterthur"},"modified":"2025-12-02T11:31:05","modified_gmt":"2025-12-02T10:31:05","slug":"schmuckdose-semper-stadthaus-winterthur","status":"publish","type":"product","link":"https:\/\/www.fleurop-home.ch\/de-ch\/p\/schmuckdose-semper-stadthaus-winterthur","title":{"rendered":"Gottlieber Schmuckdose \u00abSemper Stadthaus Winterthur\u00bb"},"content":{"rendered":"<div class=\"description\">\n<p>Schmuckdose Semper Stadthaus Winterthur mit wundersch\u00f6ner Hochpr\u00e4gung. Gef\u00fcllt mit 28 feinsten Gottlieber H\u00fcppen der Traditionmischung (Pralin\u00e9, Mocca, Gianduja).<\/p>\n<p>1869 vollendet Gottfried Semper eines seiner bedeutendsten Werke: Das Winterthurer Stadthaus Semper mit zwei imposanten, griechischen Giebelfiguren. Im S\u00fcden steht Vitodura, die moderne Stadtg\u00f6ttin von Winterthur, w\u00e4hrend im Norden Pallas Athene, die G\u00f6ttin der Weisheit, residiert.<\/p>\n<p>Jeweils CHF 5.00 jeder verkauften Dose kommen dem\u00a0<a href=\"https:\/\/semper-stadthaus.jimdo.com\/\" target=\"_blank\" rel=\"noopener\">F\u00f6rderverein Semper Stadthaus Winterthur<\/a>\u00a0zugute.<\/p>\n<\/div>\n<dl class=\"product-attributes\">\n<dt class=\"label\"><strong>H\u00fcppen-F\u00fcllung:<\/strong><\/dt>\n<dt class=\"label\">Pralin\u00e9, Mocca, Gianduja<\/dt>\n<dt class=\"label\"><\/dt>\n<dt class=\"label\"><strong>Inhalt:<\/strong><\/dt>\n<dt class=\"label\">28 H\u00fcppen, 420 g<\/dt>\n<dt class=\"label\"><\/dt>\n<dt class=\"label\"><strong>Masse:<\/strong><\/dt>\n<dt class=\"label\">240 x 160 x 55 mm<\/dt>\n<dt><\/dt>\n<dt><\/dt>\n<dt class=\"label\"><\/dt>\n<dt class=\"label\"><\/dt>\n<dt class=\"label\"><\/dt>\n<dt class=\"label\"><\/dt>\n<dt class=\"label\"><\/dt>\n<dt class=\"label\"><a href=\"https:\/\/www.gottlieber.ch\/de\/online-shop\/naehrwertinformationen\" target=\"_blank\" rel=\"noopener\">N\u00e4hrwertinformationen und Allergikerhinweise<\/a><\/dt>\n<\/dl>\n","protected":false},"excerpt":{"rendered":"<p>Die schicke Schmuckdose Semper Stadthaus Winterthur besitzt eine wundersch\u00f6ne Hochpr\u00e4gung. Sie ist gef\u00fcllt mit 28 feinsten Gottlieber H\u00fcppen der Traditionmischung (Pralin\u00e9, Mocca, Gianduja).<\/p>\n","protected":false},"featured_media":8896,"template":"","meta":[],"product_brand":[],"product_cat":[53,910,909,916,42,114,885,52,54],"product_tag":[286],"woo-feed-brand":[],"class_list":{"0":"post-8895","1":"product","2":"type-product","3":"status-publish","4":"has-post-thumbnail","6":"product_cat-geschenksets","7":"product_cat-geschenkideen","8":"product_cat-weihnachten","9":"product_cat-praesente","10":"product_cat-kueche","11":"product_cat-schokolade-sweets","12":"product_cat-koestlichkeiten","13":"product_cat-geschenke","14":"product_cat-feinkost","15":"product_tag-gottlieber-spezialitaten-ag","17":"first","18":"instock","19":"taxable","20":"shipping-taxable","21":"purchasable","22":"product-type-simple"},"_links":{"self":[{"href":"https:\/\/www.fleurop-home.ch\/de-ch\/wp-json\/wp\/v2\/product\/8895","targetHints":{"allow":["GET"]}}],"collection":[{"href":"https:\/\/www.fleurop-home.ch\/de-ch\/wp-json\/wp\/v2\/product"}],"about":[{"href":"https:\/\/www.fleurop-home.ch\/de-ch\/wp-json\/wp\/v2\/types\/product"}],"wp:featuredmedia":[{"embeddable":true,"href":"https:\/\/www.fleurop-home.ch\/de-ch\/wp-json\/wp\/v2\/media\/8896"}],"wp:attachment":[{"href":"https:\/\/www.fleurop-home.ch\/de-ch\/wp-json\/wp\/v2\/media?parent=8895"}],"wp:term":[{"taxonomy":"product_brand","embeddable":true,"href":"https:\/\/www.fleurop-home.ch\/de-ch\/wp-json\/wp\/v2\/product_brand?post=8895"},{"taxonomy":"product_cat","embeddable":true,"href":"https:\/\/www.fleurop-home.ch\/de-ch\/wp-json\/wp\/v2\/product_cat?post=8895"},{"taxonomy":"product_tag","embeddable":true,"href":"https:\/\/www.fleurop-home.ch\/de-ch\/wp-json\/wp\/v2\/product_tag?post=8895"},{"taxonomy":"woo-feed-brand","embeddable":true,"href":"https:\/\/www.fleurop-home.ch\/de-ch\/wp-json\/wp\/v2\/woo-feed-brand?post=8895"}],"curies":[{"name":"wp","href":"https:\/\/api.w.org\/{rel}","templated":true}]}}