{"id":8831,"date":"2022-03-28T17:56:14","date_gmt":"2022-03-28T17:56:14","guid":{"rendered":"https:\/\/www.fleurop-home.ch\/?product=frohlicher-wiesenblumen-korb"},"modified":"2026-03-24T08:36:07","modified_gmt":"2026-03-24T07:36:07","slug":"blumenkorb-wiesenblumen","status":"publish","type":"product","link":"https:\/\/www.fleurop-home.ch\/de-ch\/p\/blumenkorb-wiesenblumen","title":{"rendered":"Blumenkorb \u00abWiesenblumen\u00bb"},"content":{"rendered":"<h3 style=\"text-align: left;\">&#171;Wiesenblumen Korb&#187; Durchmesser ca. 25cm, H\u00f6he ca 20cm<\/h3>\n<p>Mit diesem fr\u00f6hlichen Geschenk wird die \u00dcberraschung unvergesslich. Sei es einfach so, zu Ostern, zum Muttertag oder zum Geburtstag. Unser Weiden-Korb ist mit Textilbl\u00fcten geschm\u00fcckt.<\/p>\n<p style=\"text-align: left;\">Der Wiesenkorb kann als Geschenk, Wohnaccessoire oder als Tischdekoration verwendet werden. Die Bl\u00fcten-&amp; Gr\u00fcnzweige sind k\u00fcnstlich. Deshalb kann der Korb zur Dekoration das ganze Jahr wieder verwendet werden.<\/p>\n<p>\u2022\u00a0\u00a0 Die K\u00f6rbe mit Textilbl\u00fcten &amp; Kunstmaterialien werden von uns individuell zusammengestellt und k\u00f6nnen in Anordnung und Farbe variieren.<\/p>\n<p>\u2022\u00a0\u00a0 \u00a0F\u00fcr die Gestaltung werden zum Teil auch montierte Dekomaterialien sowie als technische Hilfsmittel Holz, Draht, Leim, Bast und \u00e4hnliches verwendet, welche auch sichtbar sein k\u00f6nnen.<\/p>\n<p style=\"text-align: left;\"><strong>Bitte beachte:<\/strong><br \/>\nEs k\u00f6nnte Unterschiede zwischen der abgebildeten Farbe auf der Webseite und der tats\u00e4chlichen Farbe geben, dies aufgrund von Lichteinfall, Helligkeit des Monitors, Kontrasteinstellung etc. Ebenso die Anordnung der Materialen und Dekoartikel.<\/p>\n","protected":false},"excerpt":{"rendered":"<p>Fr\u00f6hlicher Wiesenblumen Korb&#187; Durchmesser ca. 25cm, H\u00f6he ca 20cm<\/p>\n","protected":false},"featured_media":8832,"template":"","meta":[],"product_brand":[],"product_cat":[107,23,1021,1018,26],"product_tag":[290],"woo-feed-brand":[],"class_list":{"0":"post-8831","1":"product","2":"type-product","3":"status-publish","4":"has-post-thumbnail","6":"product_cat-kunstblumen","7":"product_cat-home-living","8":"product_cat-osterdeko","9":"product_cat-ostern","10":"product_cat-blumen-pflanzen","11":"product_tag-atelier-leutwyler","13":"first","14":"instock","15":"taxable","16":"shipping-taxable","17":"purchasable","18":"product-type-simple"},"_links":{"self":[{"href":"https:\/\/www.fleurop-home.ch\/de-ch\/wp-json\/wp\/v2\/product\/8831","targetHints":{"allow":["GET"]}}],"collection":[{"href":"https:\/\/www.fleurop-home.ch\/de-ch\/wp-json\/wp\/v2\/product"}],"about":[{"href":"https:\/\/www.fleurop-home.ch\/de-ch\/wp-json\/wp\/v2\/types\/product"}],"wp:featuredmedia":[{"embeddable":true,"href":"https:\/\/www.fleurop-home.ch\/de-ch\/wp-json\/wp\/v2\/media\/8832"}],"wp:attachment":[{"href":"https:\/\/www.fleurop-home.ch\/de-ch\/wp-json\/wp\/v2\/media?parent=8831"}],"wp:term":[{"taxonomy":"product_brand","embeddable":true,"href":"https:\/\/www.fleurop-home.ch\/de-ch\/wp-json\/wp\/v2\/product_brand?post=8831"},{"taxonomy":"product_cat","embeddable":true,"href":"https:\/\/www.fleurop-home.ch\/de-ch\/wp-json\/wp\/v2\/product_cat?post=8831"},{"taxonomy":"product_tag","embeddable":true,"href":"https:\/\/www.fleurop-home.ch\/de-ch\/wp-json\/wp\/v2\/product_tag?post=8831"},{"taxonomy":"woo-feed-brand","embeddable":true,"href":"https:\/\/www.fleurop-home.ch\/de-ch\/wp-json\/wp\/v2\/woo-feed-brand?post=8831"}],"curies":[{"name":"wp","href":"https:\/\/api.w.org\/{rel}","templated":true}]}}