{"id":8730,"date":"2022-03-23T13:21:04","date_gmt":"2022-03-23T13:21:04","guid":{"rendered":"https:\/\/www.fleurop-home.ch\/?product=honigtrio-swiss-edition"},"modified":"2026-02-05T14:40:43","modified_gmt":"2026-02-05T13:40:43","slug":"honigtrio-swiss-edition","status":"publish","type":"product","link":"https:\/\/www.fleurop-home.ch\/de-ch\/p\/honigtrio-swiss-edition","title":{"rendered":"Honigtrio &#171;Swiss Edition&#187;"},"content":{"rendered":"<p>Im Honigtrio \u00abSwiss Edition\u00bb pr\u00e4sentieren wir unsere allseits beliebten Schweizer Premiumhonige Bergbl\u00fcte, Bl\u00fcte und Wald in unserer Bee-Family-Echtholzbox. In diesem einzigartigen Schweizer Trio zeigt sich das abwechslungsreiche Geschmacksspektrum der verschiedenen Honigwelten der Schweiz. Entdecke unsern intensiv w\u00fcrzigen Bergbl\u00fctenhonig, den cremig- weichen Bl\u00fctenhonig und daneben den kr\u00e4ftig, z\u00e4hfliessenden Waldhonig.<\/p>\n<p>Dieses Feinschmecker-Trio aus feinsten Schweizer Honigen ist ein unvergessliches Geschenk f\u00fcr jeden Anlass.<\/p>\n<p><strong>Factbox<\/strong><br \/>\nVerpackung: Holzbox aus Birke (L x B x H: 24.3 cm x 11.3 cm x 8.1 cm)<br \/>\nGlasgr\u00f6sse: 3 x 350g<br \/>\nHonigsorten: Schweizer Bergbl\u00fctenhonig, Schweizer Bl\u00fctenhonig, Schweizer Waldhonig<\/p>\n<p style=\"text-align: left;\"><strong>N\u00e4hrwertinformationen:<\/strong><strong><br \/>\n<\/strong><a href=\"https:\/\/bee-family.com\/wp-content\/uploads\/2022\/09\/Naehrwertangaben.pdf\" target=\"_blank\" rel=\"noopener\">N\u00e4hrwertangaben Bee-Family<\/a><\/p>\n<p style=\"text-align: left;\"><strong>Allergikerhinweise:<br \/>\n<\/strong>Honig ist f\u00fcr Kinder unter 12 Monaten nicht f\u00fcr den Verzehr geeignet!<\/p>\n","protected":false},"excerpt":{"rendered":"<p>Honigtrio &#171;Swiss Edition&#187;<\/p>\n","protected":false},"featured_media":37061,"template":"","meta":[],"product_brand":[],"product_cat":[101,910,1091,1088,909,916,42,885,52,1225,53],"product_tag":[291],"woo-feed-brand":[],"class_list":{"0":"post-8730","1":"product","2":"type-product","3":"status-publish","4":"has-post-thumbnail","6":"product_cat-honig","7":"product_cat-geschenkideen","8":"product_cat-hobbykoch","9":"product_cat-vatertag","10":"product_cat-weihnachten","11":"product_cat-praesente","12":"product_cat-kueche","13":"product_cat-koestlichkeiten","14":"product_cat-geschenke","15":"product_cat-genuss","16":"product_cat-geschenksets","17":"product_tag-bee-family-ag","19":"first","20":"instock","21":"taxable","22":"shipping-taxable","23":"purchasable","24":"product-type-simple"},"_links":{"self":[{"href":"https:\/\/www.fleurop-home.ch\/de-ch\/wp-json\/wp\/v2\/product\/8730","targetHints":{"allow":["GET"]}}],"collection":[{"href":"https:\/\/www.fleurop-home.ch\/de-ch\/wp-json\/wp\/v2\/product"}],"about":[{"href":"https:\/\/www.fleurop-home.ch\/de-ch\/wp-json\/wp\/v2\/types\/product"}],"wp:featuredmedia":[{"embeddable":true,"href":"https:\/\/www.fleurop-home.ch\/de-ch\/wp-json\/wp\/v2\/media\/37061"}],"wp:attachment":[{"href":"https:\/\/www.fleurop-home.ch\/de-ch\/wp-json\/wp\/v2\/media?parent=8730"}],"wp:term":[{"taxonomy":"product_brand","embeddable":true,"href":"https:\/\/www.fleurop-home.ch\/de-ch\/wp-json\/wp\/v2\/product_brand?post=8730"},{"taxonomy":"product_cat","embeddable":true,"href":"https:\/\/www.fleurop-home.ch\/de-ch\/wp-json\/wp\/v2\/product_cat?post=8730"},{"taxonomy":"product_tag","embeddable":true,"href":"https:\/\/www.fleurop-home.ch\/de-ch\/wp-json\/wp\/v2\/product_tag?post=8730"},{"taxonomy":"woo-feed-brand","embeddable":true,"href":"https:\/\/www.fleurop-home.ch\/de-ch\/wp-json\/wp\/v2\/woo-feed-brand?post=8730"}],"curies":[{"name":"wp","href":"https:\/\/api.w.org\/{rel}","templated":true}]}}