{"id":8728,"date":"2022-03-23T13:09:05","date_gmt":"2022-03-23T13:09:05","guid":{"rendered":"https:\/\/www.fleurop-home.ch\/?product=honigduo-swiss-edition"},"modified":"2026-02-05T14:38:11","modified_gmt":"2026-02-05T13:38:11","slug":"honigduo-swiss-edition","status":"publish","type":"product","link":"https:\/\/www.fleurop-home.ch\/de-ch\/p\/honigduo-swiss-edition","title":{"rendered":"Honigduo &#171;Swiss Edition&#187;"},"content":{"rendered":"<p style=\"text-align: left;\">Mit unserem Honigduo \u00abSwiss Edition\u00bb pr\u00e4sentieren wir unseren beliebten Schweizer Bl\u00fctenhonig gemeinsam mit unserem Schweizer Waldhonig in der Bee-Family-Echtholzbox. Das spannende Duo heimischer Spitzenhonige gibt einen Einblick in das geschmackliche Spektrum Schweizerischen Honiggenusses. W\u00e4hrend der cremige Bl\u00fctenhonig mild und sanft den Gaumen erfreut, dominieren beim z\u00e4hfliessendem Waldhonig kraftvolle Geschmacksnoten.<\/p>\n<p>Ein echtes Schweizer Powerpaket!<\/p>\n<p><strong>Factbox<\/strong><br \/>\nVerpackung: Holzbox aus Birke (L x B x H: 16.3 cm x 11.3 cm x 8.1 cm)<br \/>\nGlasgr\u00f6sse: 2 x 350g<br \/>\nHonigsorten: Schweizer Bl\u00fctenhonig, Schweizer Waldhonig<\/p>\n<p style=\"text-align: left;\"><strong>N\u00e4hrwertinformationen:<\/strong><strong><br \/>\n<\/strong><a href=\"https:\/\/bee-family.com\/wp-content\/uploads\/2022\/09\/Naehrwertangaben.pdf\" target=\"_blank\" rel=\"noopener\">N\u00e4hrwertangaben Bee-Family<\/a><\/p>\n<p style=\"text-align: left;\"><strong>Allergikerhinweise:<br \/>\n<\/strong>Honig ist f\u00fcr Kinder unter 12 Monaten nicht f\u00fcr den Verzehr geeignet!<\/p>\n<p style=\"text-align: left;\">\n","protected":false},"excerpt":{"rendered":"<p>Honigduo &#171;Swiss Edition&#187;<\/p>\n","protected":false},"featured_media":37060,"template":"","meta":[],"product_brand":[],"product_cat":[101,1022,995,910,1091,1001,797,1019,1018,984,999,1088,909,916,42,885,52,1225,53],"product_tag":[291],"woo-feed-brand":[],"class_list":{"0":"post-8728","1":"product","2":"type-product","3":"status-publish","4":"has-post-thumbnail","6":"product_cat-honig","7":"product_cat-brunch","8":"product_cat-essen-trinken","9":"product_cat-geschenkideen","10":"product_cat-hobbykoch","11":"product_cat-leckereien","12":"product_cat-muttertag","13":"product_cat-osterbrunch","14":"product_cat-ostern","15":"product_cat-silvester","16":"product_cat-valentinstag","17":"product_cat-vatertag","18":"product_cat-weihnachten","19":"product_cat-praesente","20":"product_cat-kueche","21":"product_cat-koestlichkeiten","22":"product_cat-geschenke","23":"product_cat-genuss","24":"product_cat-geschenksets","25":"product_tag-bee-family-ag","27":"first","28":"instock","29":"taxable","30":"shipping-taxable","31":"purchasable","32":"product-type-simple"},"_links":{"self":[{"href":"https:\/\/www.fleurop-home.ch\/de-ch\/wp-json\/wp\/v2\/product\/8728","targetHints":{"allow":["GET"]}}],"collection":[{"href":"https:\/\/www.fleurop-home.ch\/de-ch\/wp-json\/wp\/v2\/product"}],"about":[{"href":"https:\/\/www.fleurop-home.ch\/de-ch\/wp-json\/wp\/v2\/types\/product"}],"wp:featuredmedia":[{"embeddable":true,"href":"https:\/\/www.fleurop-home.ch\/de-ch\/wp-json\/wp\/v2\/media\/37060"}],"wp:attachment":[{"href":"https:\/\/www.fleurop-home.ch\/de-ch\/wp-json\/wp\/v2\/media?parent=8728"}],"wp:term":[{"taxonomy":"product_brand","embeddable":true,"href":"https:\/\/www.fleurop-home.ch\/de-ch\/wp-json\/wp\/v2\/product_brand?post=8728"},{"taxonomy":"product_cat","embeddable":true,"href":"https:\/\/www.fleurop-home.ch\/de-ch\/wp-json\/wp\/v2\/product_cat?post=8728"},{"taxonomy":"product_tag","embeddable":true,"href":"https:\/\/www.fleurop-home.ch\/de-ch\/wp-json\/wp\/v2\/product_tag?post=8728"},{"taxonomy":"woo-feed-brand","embeddable":true,"href":"https:\/\/www.fleurop-home.ch\/de-ch\/wp-json\/wp\/v2\/woo-feed-brand?post=8728"}],"curies":[{"name":"wp","href":"https:\/\/api.w.org\/{rel}","templated":true}]}}