{"id":8690,"date":"2022-03-21T16:02:29","date_gmt":"2022-03-21T16:02:29","guid":{"rendered":"https:\/\/www.fleurop-home.ch\/?product=honigsolo-manuka-gold-edition"},"modified":"2026-02-05T14:38:43","modified_gmt":"2026-02-05T13:38:43","slug":"honigsolo-manuka-gold-edition","status":"publish","type":"product","link":"https:\/\/www.fleurop-home.ch\/de-ch\/p\/honigsolo-manuka-gold-edition","title":{"rendered":"Honigsolo &#171;Manuka Gold Edition&#187;"},"content":{"rendered":"<div id=\"magicdomid22\">\n<p style=\"text-align: left;\">Das Honigsolo \u201eManuka Gold Edition\u201c beinhaltet ein Glas unseres edlen Manukahonigs (MGO 300+) in der Bee-Family-Echtholzbox.<\/p>\n<p style=\"text-align: left;\">Kraftvoll und w\u00fcrzig im Geschmack und in seiner Farbe gilt der Manukahonig als besondere Spezialit\u00e4t f\u00fcr jeden Honigliebhaber. Kaum ein anderer Honig erh\u00e4lt so viel Aufmerksamkeit wie Manuka. Dieser gilt als wirksames, nat\u00fcrliches und wohlschmeckendes Mittel zur Linderung unterschiedlichster Beschwerden. Jeder Honig enth\u00e4lt eine gewisse Menge des Zuckerabbauproduktes Methylglyoxal (MGO).<\/p>\n<p>Das Besondere am Manukahonig ist, dass er eine besonders grosse Menge an MGO in hoher Konzentration liefert. Methylglyoxal ist eine antibakteriell wirkende Substanz der auch resistente Keime nichts anhaben k\u00f6nnen.<\/p>\n<p>Ein exklusives Geschenk das jedem Honigliebhaber viel Freude bereitet!<\/p>\n<p style=\"text-align: left;\"><strong>Factbox<\/strong><br \/>\nVerpackung: Holzbox aus Birke (L x B x H: 16.3 cm x 11.3 cm x 8.1 cm)<br \/>\nGlasgr\u00f6sse: 1 x 350g<br \/>\nHonigsorten: Manukahonig<\/p>\n<p style=\"text-align: left;\"><strong>N\u00e4hrwertinformationen:<br \/>\n<\/strong><a href=\"https:\/\/bee-family.com\/wp-content\/uploads\/2022\/09\/Naehrwertangaben.pdf\" target=\"_blank\" rel=\"noopener\">N\u00e4hrwertangaben Bee-Family<\/a><\/p>\n<p style=\"text-align: left;\"><strong>Allergikerhinweise:<br \/>\n<\/strong>Honig ist f\u00fcr Kinder unter 12 Monate nicht f\u00fcr den Verzehr geeignet!<\/p>\n<p style=\"text-align: left;\">\n<\/div>\n","protected":false},"excerpt":{"rendered":"<p>Honigsolo &#171;Manuka Gold Edition&#187;<\/p>\n","protected":false},"featured_media":8691,"template":"","meta":[],"product_brand":[],"product_cat":[101,1022,995,910,1091,1001,797,1019,1018,984,999,1088,909,916,42,885,52,54],"product_tag":[291],"woo-feed-brand":[],"class_list":{"0":"post-8690","1":"product","2":"type-product","3":"status-publish","4":"has-post-thumbnail","6":"product_cat-honig","7":"product_cat-brunch","8":"product_cat-essen-trinken","9":"product_cat-geschenkideen","10":"product_cat-hobbykoch","11":"product_cat-leckereien","12":"product_cat-muttertag","13":"product_cat-osterbrunch","14":"product_cat-ostern","15":"product_cat-silvester","16":"product_cat-valentinstag","17":"product_cat-vatertag","18":"product_cat-weihnachten","19":"product_cat-praesente","20":"product_cat-kueche","21":"product_cat-koestlichkeiten","22":"product_cat-geschenke","23":"product_cat-feinkost","24":"product_tag-bee-family-ag","26":"first","27":"instock","28":"taxable","29":"shipping-taxable","30":"purchasable","31":"product-type-simple"},"_links":{"self":[{"href":"https:\/\/www.fleurop-home.ch\/de-ch\/wp-json\/wp\/v2\/product\/8690","targetHints":{"allow":["GET"]}}],"collection":[{"href":"https:\/\/www.fleurop-home.ch\/de-ch\/wp-json\/wp\/v2\/product"}],"about":[{"href":"https:\/\/www.fleurop-home.ch\/de-ch\/wp-json\/wp\/v2\/types\/product"}],"wp:featuredmedia":[{"embeddable":true,"href":"https:\/\/www.fleurop-home.ch\/de-ch\/wp-json\/wp\/v2\/media\/8691"}],"wp:attachment":[{"href":"https:\/\/www.fleurop-home.ch\/de-ch\/wp-json\/wp\/v2\/media?parent=8690"}],"wp:term":[{"taxonomy":"product_brand","embeddable":true,"href":"https:\/\/www.fleurop-home.ch\/de-ch\/wp-json\/wp\/v2\/product_brand?post=8690"},{"taxonomy":"product_cat","embeddable":true,"href":"https:\/\/www.fleurop-home.ch\/de-ch\/wp-json\/wp\/v2\/product_cat?post=8690"},{"taxonomy":"product_tag","embeddable":true,"href":"https:\/\/www.fleurop-home.ch\/de-ch\/wp-json\/wp\/v2\/product_tag?post=8690"},{"taxonomy":"woo-feed-brand","embeddable":true,"href":"https:\/\/www.fleurop-home.ch\/de-ch\/wp-json\/wp\/v2\/woo-feed-brand?post=8690"}],"curies":[{"name":"wp","href":"https:\/\/api.w.org\/{rel}","templated":true}]}}