{"id":8686,"date":"2022-03-21T07:23:24","date_gmt":"2022-03-21T07:23:24","guid":{"rendered":"https:\/\/www.fleurop-home.ch\/?product=honigtrio-sommergenuss"},"modified":"2026-02-05T14:40:08","modified_gmt":"2026-02-05T13:40:08","slug":"honigtrio-sommergenuss","status":"publish","type":"product","link":"https:\/\/www.fleurop-home.ch\/de-ch\/p\/honigtrio-sommergenuss","title":{"rendered":"Honigtrio &#171;Sommergenuss&#187;"},"content":{"rendered":"<p style=\"text-align: left;\">Mit unserem Honigtrio \u00abSommergenuss\u00bb pr\u00e4sentieren wir drei Honigsorten die den frischen Geschmack des Sommers repr\u00e4sentieren. Der Lavendelhonig wird auf sonnengefluteten Lavendelfeldern S\u00fcdfrankreichs eingetragen und \u00fcberzeugt mit einer leicht herben Note in der auch der Lavendel noch gut wahrnehmbar ist. Ein Sonnenblumenfeld ist kaum zu \u00fcbersehen \u2013 genau so erinnert man sich sofort an den frischen und fruchtig anmutenden Geschmack des Sonnenblumenhonigs. Der Thymianhonig rundet das Trio mit seinem herb-w\u00fcrzigen\u00a0Geschmack ab und ist perfekt geeignet zum verfeinern von Speisen.<\/p>\n<p>Mit diesem Honigtrio hast Du \u2013 aber nicht nur \u2013 im Sommer ein perfekt passendes Honigsortiment zu Hause oder als Geschenk beim n\u00e4chsten Grillabend.<\/p>\n<p style=\"text-align: left;\"><strong>Factbox<\/strong><br \/>\nVerpackung: Holzbox aus Birke (L x B x H: 24.3 cm x 11.3 cm x 8.1 cm)<br \/>\nGlasgr\u00f6sse: 3 x 350g<br \/>\nHonigsorten: Lavendelhonig, Thymianhonig, Sonnenblumenhonig<\/p>\n<p style=\"text-align: left;\"><strong>N\u00e4hrwertinformationen:<\/strong><strong><br \/>\n<\/strong><a href=\"https:\/\/bee-family.com\/wp-content\/uploads\/2022\/09\/Naehrwertangaben.pdf\" target=\"_blank\" rel=\"noopener\">N\u00e4hrwertangaben Bee-Family<\/a><\/p>\n<p style=\"text-align: left;\"><strong>Allergikerhinweise:<br \/>\n<\/strong>Honig ist f\u00fcr Kinder unter 12 Monaten nicht f\u00fcr den Verzehr geeignet!<\/p>\n<p style=\"text-align: left;\">\n","protected":false},"excerpt":{"rendered":"<p>Honigtrio &#171;Sommergenuss&#187;<\/p>\n","protected":false},"featured_media":8687,"template":"","meta":[],"product_brand":[],"product_cat":[101,1091,1088,42,885,52,1225,53],"product_tag":[291],"woo-feed-brand":[],"class_list":{"0":"post-8686","1":"product","2":"type-product","3":"status-publish","4":"has-post-thumbnail","6":"product_cat-honig","7":"product_cat-hobbykoch","8":"product_cat-vatertag","9":"product_cat-kueche","10":"product_cat-koestlichkeiten","11":"product_cat-geschenke","12":"product_cat-genuss","13":"product_cat-geschenksets","14":"product_tag-bee-family-ag","16":"first","17":"instock","18":"taxable","19":"shipping-taxable","20":"purchasable","21":"product-type-simple"},"_links":{"self":[{"href":"https:\/\/www.fleurop-home.ch\/de-ch\/wp-json\/wp\/v2\/product\/8686","targetHints":{"allow":["GET"]}}],"collection":[{"href":"https:\/\/www.fleurop-home.ch\/de-ch\/wp-json\/wp\/v2\/product"}],"about":[{"href":"https:\/\/www.fleurop-home.ch\/de-ch\/wp-json\/wp\/v2\/types\/product"}],"wp:featuredmedia":[{"embeddable":true,"href":"https:\/\/www.fleurop-home.ch\/de-ch\/wp-json\/wp\/v2\/media\/8687"}],"wp:attachment":[{"href":"https:\/\/www.fleurop-home.ch\/de-ch\/wp-json\/wp\/v2\/media?parent=8686"}],"wp:term":[{"taxonomy":"product_brand","embeddable":true,"href":"https:\/\/www.fleurop-home.ch\/de-ch\/wp-json\/wp\/v2\/product_brand?post=8686"},{"taxonomy":"product_cat","embeddable":true,"href":"https:\/\/www.fleurop-home.ch\/de-ch\/wp-json\/wp\/v2\/product_cat?post=8686"},{"taxonomy":"product_tag","embeddable":true,"href":"https:\/\/www.fleurop-home.ch\/de-ch\/wp-json\/wp\/v2\/product_tag?post=8686"},{"taxonomy":"woo-feed-brand","embeddable":true,"href":"https:\/\/www.fleurop-home.ch\/de-ch\/wp-json\/wp\/v2\/woo-feed-brand?post=8686"}],"curies":[{"name":"wp","href":"https:\/\/api.w.org\/{rel}","templated":true}]}}