{"id":8656,"date":"2022-03-17T10:13:39","date_gmt":"2022-03-17T10:13:39","guid":{"rendered":"https:\/\/www.fleurop-home.ch\/?product=oasis-blumensteckschaum"},"modified":"2025-10-22T11:01:01","modified_gmt":"2025-10-22T09:01:01","slug":"oasis-blumensteckschaum","status":"publish","type":"product","link":"https:\/\/www.fleurop-home.ch\/de-ch\/p\/oasis-blumensteckschaum","title":{"rendered":"Oasis (Blumensteckschaum)"},"content":{"rendered":"<p>Oasis ist ein unverzichtbarer Blumensteckschaum, der in jedem floristischen Betrieb verwendet wird. Er dient zur Gestaltung von Blumenarrangements. Der Oasis-Ziegel wird einfach auf die Wasseroberfl\u00e4che in einem Gef\u00e4ss oder Trog gelegt und saugt sich selbst\u00e4ndig voll (bitte nicht herunterdr\u00fccken!). Anschliessend kannst Du den Ziegel nach Belieben zuschneiden, um den Schnittblumen eine optimale Wasseraufnahme zu gew\u00e4hrleisten.<\/p>\n<p>1 Karton enth\u00e4lt 35 Ziegel, jeweils in den Massen 23 x 11 x 7,5 cm.<\/p>\n","protected":false},"excerpt":{"rendered":"<p>Blumensteckschaum f\u00fcr die kreative Gestaltung Deiner individuellen Blumendekoration.<\/p>\n","protected":false},"featured_media":8657,"template":"","meta":[],"product_brand":[],"product_cat":[29,23,1195],"product_tag":[284],"woo-feed-brand":[],"class_list":{"0":"post-8656","1":"product","2":"type-product","3":"status-publish","4":"has-post-thumbnail","6":"product_cat-do-it-yourself","7":"product_cat-home-living","8":"product_cat-dekogrundlagen","9":"product_tag-blume-3000","11":"first","12":"instock","13":"taxable","14":"shipping-taxable","15":"purchasable","16":"product-type-simple"},"_links":{"self":[{"href":"https:\/\/www.fleurop-home.ch\/de-ch\/wp-json\/wp\/v2\/product\/8656","targetHints":{"allow":["GET"]}}],"collection":[{"href":"https:\/\/www.fleurop-home.ch\/de-ch\/wp-json\/wp\/v2\/product"}],"about":[{"href":"https:\/\/www.fleurop-home.ch\/de-ch\/wp-json\/wp\/v2\/types\/product"}],"wp:featuredmedia":[{"embeddable":true,"href":"https:\/\/www.fleurop-home.ch\/de-ch\/wp-json\/wp\/v2\/media\/8657"}],"wp:attachment":[{"href":"https:\/\/www.fleurop-home.ch\/de-ch\/wp-json\/wp\/v2\/media?parent=8656"}],"wp:term":[{"taxonomy":"product_brand","embeddable":true,"href":"https:\/\/www.fleurop-home.ch\/de-ch\/wp-json\/wp\/v2\/product_brand?post=8656"},{"taxonomy":"product_cat","embeddable":true,"href":"https:\/\/www.fleurop-home.ch\/de-ch\/wp-json\/wp\/v2\/product_cat?post=8656"},{"taxonomy":"product_tag","embeddable":true,"href":"https:\/\/www.fleurop-home.ch\/de-ch\/wp-json\/wp\/v2\/product_tag?post=8656"},{"taxonomy":"woo-feed-brand","embeddable":true,"href":"https:\/\/www.fleurop-home.ch\/de-ch\/wp-json\/wp\/v2\/woo-feed-brand?post=8656"}],"curies":[{"name":"wp","href":"https:\/\/api.w.org\/{rel}","templated":true}]}}