{"id":8556,"date":"2022-02-24T15:18:19","date_gmt":"2022-02-24T15:18:19","guid":{"rendered":"https:\/\/www.fleurop-home.ch\/?product=whisky-glen-allachie-young-enough-to-do-it-anyway"},"modified":"2025-12-08T09:01:19","modified_gmt":"2025-12-08T08:01:19","slug":"whisky-glen-allachie-young-enough-to-do-it-anyway","status":"publish","type":"product","link":"https:\/\/www.fleurop-home.ch\/de-ch\/p\/whisky-glen-allachie-young-enough-to-do-it-anyway","title":{"rendered":"Whisky &#8211; Glen Allachie &#8211; young enough to do it anyway"},"content":{"rendered":"<div><strong>Die exklusive Street-Art-Collection &#8211;<\/strong><\/div>\n<div><strong> einzigartige Edelbr\u00e4nde und Destillat-Kreationen in limitierter Auflage!<\/strong><\/div>\n<ul>\n<li>Spezialimport aus der schottischen Speyside<\/li>\n<li>Distillerie Glen Allachie, 12 Jahre<\/li>\n<li>Veredelt dank Sherry Cask Finish<\/li>\n<li>Limitierte Klein-Batch Produktion<\/li>\n<li>Serie &#8218;Street Art collection&#8216; mit nummerierter limited Edition<\/li>\n<\/ul>\n<p><strong>Inhalt und Vol.%<\/strong><\/p>\n<ul>\n<li>500 ml<\/li>\n<li>46\u00a0Vol.%<\/li>\n<\/ul>\n<p><strong>Inhaltsstoffe<\/strong><\/p>\n<div>\n<div>\n<div data-hook=\"info-section-description\">\n<ul>\n<li>Glen Allachie Speyside<\/li>\n<li>12 Jahre<\/li>\n<li>Sherry cask finish<\/li>\n<\/ul>\n<div><strong>Produzent<\/strong><\/div>\n<div>\n<ul>\n<li>Schnapsboutique H\u00f6ritr\u00f6pfli, Schultheiss, H\u00f6ri<\/li>\n<\/ul>\n<\/div>\n<div><strong>Hinweis \/ Jugendschutz<\/strong><\/div>\n<div>\n<ul>\n<li>Das Gesetz verbietet den Verkauf von Spirituosen an Minderj\u00e4hrige<\/li>\n<\/ul>\n<p><strong>Etikette<\/strong><\/p>\n<ul>\n<li>Old enogh to know better, young enough to do it anyway<\/li>\n<li>Alt genug, um es besser zu wissen, jung genug, um es trotzdem zu tun<\/li>\n<\/ul>\n<\/div>\n<\/div>\n<\/div>\n<\/div>\n","protected":false},"excerpt":{"rendered":"<p>Spezialimport aus der schottischen Speyside &#8211; Distillerie Glen Allachie, 12 Jahre mit Sherry Cask finish<\/p>\n","protected":false},"featured_media":8557,"template":"","meta":[],"product_brand":[],"product_cat":[115,995,984,42,885,52,54],"product_tag":[147,305],"woo-feed-brand":[],"class_list":{"0":"post-8556","1":"product","2":"type-product","3":"status-publish","4":"has-post-thumbnail","6":"product_cat-spirituosen","7":"product_cat-essen-trinken","8":"product_cat-silvester","9":"product_cat-kueche","10":"product_cat-koestlichkeiten","11":"product_cat-geschenke","12":"product_cat-feinkost","13":"product_tag-alkohol","14":"product_tag-the-white-panther-die-schonen-dinge-des-lebens","16":"first","17":"instock","18":"taxable","19":"shipping-taxable","20":"purchasable","21":"product-type-simple"},"_links":{"self":[{"href":"https:\/\/www.fleurop-home.ch\/de-ch\/wp-json\/wp\/v2\/product\/8556","targetHints":{"allow":["GET"]}}],"collection":[{"href":"https:\/\/www.fleurop-home.ch\/de-ch\/wp-json\/wp\/v2\/product"}],"about":[{"href":"https:\/\/www.fleurop-home.ch\/de-ch\/wp-json\/wp\/v2\/types\/product"}],"wp:featuredmedia":[{"embeddable":true,"href":"https:\/\/www.fleurop-home.ch\/de-ch\/wp-json\/wp\/v2\/media\/8557"}],"wp:attachment":[{"href":"https:\/\/www.fleurop-home.ch\/de-ch\/wp-json\/wp\/v2\/media?parent=8556"}],"wp:term":[{"taxonomy":"product_brand","embeddable":true,"href":"https:\/\/www.fleurop-home.ch\/de-ch\/wp-json\/wp\/v2\/product_brand?post=8556"},{"taxonomy":"product_cat","embeddable":true,"href":"https:\/\/www.fleurop-home.ch\/de-ch\/wp-json\/wp\/v2\/product_cat?post=8556"},{"taxonomy":"product_tag","embeddable":true,"href":"https:\/\/www.fleurop-home.ch\/de-ch\/wp-json\/wp\/v2\/product_tag?post=8556"},{"taxonomy":"woo-feed-brand","embeddable":true,"href":"https:\/\/www.fleurop-home.ch\/de-ch\/wp-json\/wp\/v2\/woo-feed-brand?post=8556"}],"curies":[{"name":"wp","href":"https:\/\/api.w.org\/{rel}","templated":true}]}}