{"id":8549,"date":"2022-02-24T14:21:34","date_gmt":"2022-02-24T14:21:34","guid":{"rendered":"https:\/\/www.fleurop-home.ch\/?product=pompelmo-rosso-ballerina"},"modified":"2025-04-01T06:35:53","modified_gmt":"2025-04-01T04:35:53","slug":"pompelmo-rosso-ballerina","status":"publish","type":"product","link":"https:\/\/www.fleurop-home.ch\/de-ch\/p\/pompelmo-rosso-ballerina","title":{"rendered":"Pompelmo Rosso &#8211; Ballerina"},"content":{"rendered":"<div style=\"text-align: left\"><strong>Exklusive Street-Art-Collection &#8211;<\/strong><\/div>\n<div style=\"text-align: left\"><strong> einzigartige Edelbr\u00e4nde und Destillat-Kreationen in limitierter Auflage!<\/strong><\/div>\n<ul style=\"text-align: left\">\n<li>Zu geniessen\u00a0mit Prosecco oder Champagner &#8211; als speziell bitteren Ap\u00e9ro<\/li>\n<li>Gebrannt und veredelt in einer kleinen Boutique-Schnapsbrennerei aus dem Z\u00fcricher Unterland<\/li>\n<li>Limitierte Klein-Batch Produktion<\/li>\n<li>Serie &#8218;Street Art collection&#8216; mit nummerierter limited Edition<\/li>\n<\/ul>\n<p style=\"text-align: left\"><strong>Inhalt und Vol.%<\/strong><\/p>\n<ul style=\"text-align: left\">\n<li>500 ml<\/li>\n<li>18\u00a0Vol.%<\/li>\n<\/ul>\n<p style=\"text-align: left\"><strong>Inhaltsstoffe<\/strong><\/p>\n<div>\n<div>\n<div data-hook=\"info-section-description\">\n<ul style=\"text-align: left\">\n<li>Wasser<\/li>\n<li>Zucker<\/li>\n<li>Alkohol<\/li>\n<li>Gin<\/li>\n<li>rote Grapefruit<\/li>\n<li>Zitronens\u00e4ure<\/li>\n<li>nat\u00fcrliche Aromen<\/li>\n<li>E129<\/li>\n<li>E133<\/li>\n<li>Schweizer Produkt<\/li>\n<\/ul>\n<div style=\"text-align: left\"><strong>Produzent<\/strong><\/div>\n<div style=\"text-align: left\">\n<ul>\n<li>Produzent: Schnapsboutique H\u00f6ritr\u00f6pfli, Schultheiss, H\u00f6ri<\/li>\n<\/ul>\n<\/div>\n<div style=\"text-align: left\"><strong>Hinweis \/ Jugendschutz<\/strong><\/div>\n<div>\n<ul style=\"text-align: left\">\n<li>Das Gesetz verbietet den Verkauf von Spirituosen an Minderj\u00e4hrige<\/li>\n<\/ul>\n<p style=\"text-align: left\"><strong>Etikette<\/strong><\/p>\n<ul>\n<li style=\"text-align: left\">Sao Paulo,\u00a02020<\/li>\n<li style=\"text-align: left\">Street Art-Interpretation der Ballerinas von D\u00e9gas<\/li>\n<\/ul>\n<\/div>\n<\/div>\n<\/div>\n<\/div>\n","protected":false},"excerpt":{"rendered":"<p>Exklusiver Pompelmo Rosso &#8211; ideal als bitterer Apero-Schuss in jeden Prosecco oder Champagner &#8211; aus einer kleinen Schweizer Boutique-Schnapsbrennerei<\/p>\n","protected":false},"featured_media":8550,"template":"","meta":[],"product_brand":[],"product_cat":[115,995,1003,984,999,42,885,52,54],"product_tag":[147,305],"woo-feed-brand":[],"class_list":{"0":"post-8549","1":"product","2":"type-product","3":"status-publish","4":"has-post-thumbnail","6":"product_cat-spirituosen","7":"product_cat-essen-trinken","8":"product_cat-fuer-sie","9":"product_cat-silvester","10":"product_cat-valentinstag","11":"product_cat-kueche","12":"product_cat-koestlichkeiten","13":"product_cat-geschenke","14":"product_cat-feinkost","15":"product_tag-alkohol","16":"product_tag-the-white-panther-die-schonen-dinge-des-lebens","18":"first","19":"instock","20":"taxable","21":"shipping-taxable","22":"purchasable","23":"product-type-simple"},"_links":{"self":[{"href":"https:\/\/www.fleurop-home.ch\/de-ch\/wp-json\/wp\/v2\/product\/8549","targetHints":{"allow":["GET"]}}],"collection":[{"href":"https:\/\/www.fleurop-home.ch\/de-ch\/wp-json\/wp\/v2\/product"}],"about":[{"href":"https:\/\/www.fleurop-home.ch\/de-ch\/wp-json\/wp\/v2\/types\/product"}],"wp:featuredmedia":[{"embeddable":true,"href":"https:\/\/www.fleurop-home.ch\/de-ch\/wp-json\/wp\/v2\/media\/8550"}],"wp:attachment":[{"href":"https:\/\/www.fleurop-home.ch\/de-ch\/wp-json\/wp\/v2\/media?parent=8549"}],"wp:term":[{"taxonomy":"product_brand","embeddable":true,"href":"https:\/\/www.fleurop-home.ch\/de-ch\/wp-json\/wp\/v2\/product_brand?post=8549"},{"taxonomy":"product_cat","embeddable":true,"href":"https:\/\/www.fleurop-home.ch\/de-ch\/wp-json\/wp\/v2\/product_cat?post=8549"},{"taxonomy":"product_tag","embeddable":true,"href":"https:\/\/www.fleurop-home.ch\/de-ch\/wp-json\/wp\/v2\/product_tag?post=8549"},{"taxonomy":"woo-feed-brand","embeddable":true,"href":"https:\/\/www.fleurop-home.ch\/de-ch\/wp-json\/wp\/v2\/woo-feed-brand?post=8549"}],"curies":[{"name":"wp","href":"https:\/\/api.w.org\/{rel}","templated":true}]}}