{"id":8545,"date":"2022-02-24T14:08:56","date_gmt":"2022-02-24T14:08:56","guid":{"rendered":"https:\/\/www.fleurop-home.ch\/?product=special-grappa-siamo-tutti-stranieri-del-mondo"},"modified":"2026-01-11T12:44:35","modified_gmt":"2026-01-11T11:44:35","slug":"special-grappa-siamo-tutti-stranieri-del-mondo","status":"publish","type":"product","link":"https:\/\/www.fleurop-home.ch\/de-ch\/p\/special-grappa-siamo-tutti-stranieri-del-mondo","title":{"rendered":"Special Grappa &#8211; Siamo tutti stranieri del mondo"},"content":{"rendered":"<div style=\"text-align: left\"><strong>Die exklusive Street-Art-Collection &#8211;<\/strong><\/div>\n<div style=\"text-align: left\"><strong> einzigartige Edelbr\u00e4nde und Destillat-Kreationen in limitierter Auflage!<\/strong><\/div>\n<ul style=\"text-align: left\">\n<li>Ein Schmaus\u00a0f\u00fcr jeden Grappa-Liebhaber<\/li>\n<li>Blend aus\u00a07 italienischen Traubentrestersorten, veredelt im Eichenfass (Barrique)<\/li>\n<li>Gebrannt und veredelt in einer kleinen Boutique-Schnapsbrennerei aus dem Z\u00fcrcher Unterland<\/li>\n<li>Limitierte Klein-Batch Produktion<\/li>\n<li>Serie &#8218;Street Art collection&#8216; mit nummerierter limited Edition<\/li>\n<\/ul>\n<p style=\"text-align: left\"><strong>Inhalt und Vol.%<\/strong><\/p>\n<ul style=\"text-align: left\">\n<li>500 ml<\/li>\n<li>42\u00a0Vol.%<\/li>\n<\/ul>\n<p style=\"text-align: left\"><strong>Inhaltsstoffe<\/strong><\/p>\n<div>\n<div>\n<div data-hook=\"info-section-description\">\n<ul style=\"text-align: left\">\n<li>Grappa aus 7 verschiedenen Traubentrestern aus Italien<\/li>\n<li>gereift im Eichenfass (Barrique)<\/li>\n<\/ul>\n<div style=\"text-align: left\"><strong>Produzent\u00a0<\/strong><\/div>\n<div style=\"text-align: left\">\n<ul>\n<li>Schnapsboutique H\u00f6ritr\u00f6pfli, Schultheiss, H\u00f6ri<\/li>\n<\/ul>\n<\/div>\n<div style=\"text-align: left\"><strong>Hinweis \/ Jugendschutz<\/strong><\/div>\n<div>\n<ul style=\"text-align: left\">\n<li>Das Gesetz verbietet den Verkauf von Spirituosen an Minderj\u00e4hrige<\/li>\n<\/ul>\n<p style=\"text-align: left\"><strong>Etikette<\/strong><\/p>\n<ul>\n<li style=\"text-align: left\">Cremona\u00a02018<\/li>\n<li style=\"text-align: left\">Wir sind alle Fremde auf dieser Welt<\/li>\n<\/ul>\n<\/div>\n<\/div>\n<\/div>\n<\/div>\n","protected":false},"excerpt":{"rendered":"<p>Exklusive Grappa-Kreation aus 7 verschiedenen Traubentrester-Sorten aus Italien, mit Eichenbarrique-Veredelung<\/p>\n","protected":false},"featured_media":8546,"template":"","meta":[],"product_brand":[],"product_cat":[115,995,1002,1090,984,999,1088,42,885,52,54],"product_tag":[147,305],"woo-feed-brand":[],"class_list":{"0":"post-8545","1":"product","2":"type-product","3":"status-publish","4":"has-post-thumbnail","6":"product_cat-spirituosen","7":"product_cat-essen-trinken","8":"product_cat-fuer-ihn","9":"product_cat-geniesser","10":"product_cat-silvester","11":"product_cat-valentinstag","12":"product_cat-vatertag","13":"product_cat-kueche","14":"product_cat-koestlichkeiten","15":"product_cat-geschenke","16":"product_cat-feinkost","17":"product_tag-alkohol","18":"product_tag-the-white-panther-die-schonen-dinge-des-lebens","20":"first","21":"instock","22":"taxable","23":"shipping-taxable","24":"purchasable","25":"product-type-simple"},"_links":{"self":[{"href":"https:\/\/www.fleurop-home.ch\/de-ch\/wp-json\/wp\/v2\/product\/8545","targetHints":{"allow":["GET"]}}],"collection":[{"href":"https:\/\/www.fleurop-home.ch\/de-ch\/wp-json\/wp\/v2\/product"}],"about":[{"href":"https:\/\/www.fleurop-home.ch\/de-ch\/wp-json\/wp\/v2\/types\/product"}],"wp:featuredmedia":[{"embeddable":true,"href":"https:\/\/www.fleurop-home.ch\/de-ch\/wp-json\/wp\/v2\/media\/8546"}],"wp:attachment":[{"href":"https:\/\/www.fleurop-home.ch\/de-ch\/wp-json\/wp\/v2\/media?parent=8545"}],"wp:term":[{"taxonomy":"product_brand","embeddable":true,"href":"https:\/\/www.fleurop-home.ch\/de-ch\/wp-json\/wp\/v2\/product_brand?post=8545"},{"taxonomy":"product_cat","embeddable":true,"href":"https:\/\/www.fleurop-home.ch\/de-ch\/wp-json\/wp\/v2\/product_cat?post=8545"},{"taxonomy":"product_tag","embeddable":true,"href":"https:\/\/www.fleurop-home.ch\/de-ch\/wp-json\/wp\/v2\/product_tag?post=8545"},{"taxonomy":"woo-feed-brand","embeddable":true,"href":"https:\/\/www.fleurop-home.ch\/de-ch\/wp-json\/wp\/v2\/woo-feed-brand?post=8545"}],"curies":[{"name":"wp","href":"https:\/\/api.w.org\/{rel}","templated":true}]}}