{"id":8538,"date":"2022-02-24T12:39:43","date_gmt":"2022-02-24T12:39:43","guid":{"rendered":"https:\/\/www.fleurop-home.ch\/?product=vielle-poire-change-the-rules"},"modified":"2025-05-12T14:05:28","modified_gmt":"2025-05-12T12:05:28","slug":"vielle-poire-change-the-rules","status":"publish","type":"product","link":"https:\/\/www.fleurop-home.ch\/de-ch\/p\/vielle-poire-change-the-rules","title":{"rendered":"Vielle Poire &#8211; Change the rules"},"content":{"rendered":"<div style=\"text-align: left\"><strong>Die exklusive Street-Art-Collection &#8211;<\/strong><\/div>\n<div style=\"text-align: left\"><strong> einzigartige Edelbr\u00e4nde und Destillat-Kreationen in limitierter Auflage!<\/strong><\/div>\n<ul style=\"text-align: left\">\n<li>Der absolute Beststeller!<\/li>\n<li>Die Vieille Poire ist sehr ausgewogen und \u00e4usserst fruchtig!<\/li>\n<li>Gebrannt und veredelt in einer kleinen Boutique-Schnapsbrennerei aus dem Z\u00fcrcher Unterland<\/li>\n<li>Limitierte Klein-Batch Produktion<\/li>\n<li>Serie &#8218;Street Art collection&#8216; mit nummerierter limited Edition<\/li>\n<\/ul>\n<p style=\"text-align: left\"><strong>Inhalt und Vol.%<\/strong><\/p>\n<ul style=\"text-align: left\">\n<li>500 ml<\/li>\n<li>40 Vol.%<\/li>\n<\/ul>\n<p style=\"text-align: left\"><strong>Inhaltsstoffe<\/strong><\/p>\n<div class=\"rah-static--height-auto rah-static\">\n<div class=\"fggS- cell _1yvxJ\">\n<div class=\"WncCi\" data-hook=\"info-section-description\">\n<ul style=\"text-align: left\">\n<li>Eau-de-vie de poire<\/li>\n<li>Zucker<\/li>\n<li>Karamellzucker<\/li>\n<li>Schweizer Produkt<\/li>\n<\/ul>\n<div style=\"text-align: left\"><strong>Produzent\u00a0<\/strong><\/div>\n<div style=\"text-align: left\">\n<ul>\n<li>Schnapsboutique H\u00f6ritr\u00f6pfli, Schultheiss, H\u00f6ri<\/li>\n<\/ul>\n<\/div>\n<div style=\"text-align: left\"><strong>Hinweis \/ Jugendschutz<\/strong><\/div>\n<div>\n<ul style=\"text-align: left\">\n<li>Das Gesetz verbietet den Verkauf von Spirituosen an Minderj\u00e4hrige<\/li>\n<\/ul>\n<p style=\"text-align: left\"><strong>Etikette<\/strong><\/p>\n<ul>\n<li style=\"text-align: left\">Tasmanien,\u00a02015<\/li>\n<li style=\"text-align: left\">\u00c4ndere\u00a0die Regeln<span style=\"font-family: arial, helvetica, sans-serif;font-size: 11pt\"><br \/>\n<\/span><\/li>\n<\/ul>\n<\/div>\n<\/div>\n<\/div>\n<\/div>\n","protected":false},"excerpt":{"rendered":"<p>Exklusive Kreation aus einer kleinen Boutique-Schnapsbrennerei<\/p>\n","protected":false},"featured_media":8539,"template":"","meta":[],"product_brand":[],"product_cat":[115,995,1090,984,1088,42,885,52,54],"product_tag":[147,305],"woo-feed-brand":[],"class_list":{"0":"post-8538","1":"product","2":"type-product","3":"status-publish","4":"has-post-thumbnail","6":"product_cat-spirituosen","7":"product_cat-essen-trinken","8":"product_cat-geniesser","9":"product_cat-silvester","10":"product_cat-vatertag","11":"product_cat-kueche","12":"product_cat-koestlichkeiten","13":"product_cat-geschenke","14":"product_cat-feinkost","15":"product_tag-alkohol","16":"product_tag-the-white-panther-die-schonen-dinge-des-lebens","18":"first","19":"instock","20":"taxable","21":"shipping-taxable","22":"purchasable","23":"product-type-simple"},"_links":{"self":[{"href":"https:\/\/www.fleurop-home.ch\/de-ch\/wp-json\/wp\/v2\/product\/8538","targetHints":{"allow":["GET"]}}],"collection":[{"href":"https:\/\/www.fleurop-home.ch\/de-ch\/wp-json\/wp\/v2\/product"}],"about":[{"href":"https:\/\/www.fleurop-home.ch\/de-ch\/wp-json\/wp\/v2\/types\/product"}],"wp:featuredmedia":[{"embeddable":true,"href":"https:\/\/www.fleurop-home.ch\/de-ch\/wp-json\/wp\/v2\/media\/8539"}],"wp:attachment":[{"href":"https:\/\/www.fleurop-home.ch\/de-ch\/wp-json\/wp\/v2\/media?parent=8538"}],"wp:term":[{"taxonomy":"product_brand","embeddable":true,"href":"https:\/\/www.fleurop-home.ch\/de-ch\/wp-json\/wp\/v2\/product_brand?post=8538"},{"taxonomy":"product_cat","embeddable":true,"href":"https:\/\/www.fleurop-home.ch\/de-ch\/wp-json\/wp\/v2\/product_cat?post=8538"},{"taxonomy":"product_tag","embeddable":true,"href":"https:\/\/www.fleurop-home.ch\/de-ch\/wp-json\/wp\/v2\/product_tag?post=8538"},{"taxonomy":"woo-feed-brand","embeddable":true,"href":"https:\/\/www.fleurop-home.ch\/de-ch\/wp-json\/wp\/v2\/woo-feed-brand?post=8538"}],"curies":[{"name":"wp","href":"https:\/\/api.w.org\/{rel}","templated":true}]}}