{"id":8535,"date":"2022-02-24T12:12:09","date_gmt":"2022-02-24T12:12:09","guid":{"rendered":"https:\/\/www.fleurop-home.ch\/?product=special-rum-revolutionlove"},"modified":"2025-05-12T14:05:31","modified_gmt":"2025-05-12T12:05:31","slug":"special-rum-revolutionlove","status":"publish","type":"product","link":"https:\/\/www.fleurop-home.ch\/de-ch\/p\/special-rum-revolutionlove","title":{"rendered":"Special Rum &#8211; Revolution\/Love"},"content":{"rendered":"<div style=\"text-align: left\"><strong>Die exklusive Street-Art-Collection &#8211;<\/strong><\/div>\n<div style=\"text-align: left\"><strong> einzigartige Edelbr\u00e4nde und Destillat-Kreationen in limitierter Auflage!<\/strong><\/div>\n<ul style=\"text-align: left\">\n<li>Ein Schmaus\u00a0f\u00fcr jeden Rum-Liebhaber<\/li>\n<li>Blend aus 4 Rums: Ein panamensischer, ein kubanischer, ein jamaikanischer und ein Schweizer Bio-Rum bilden diesen exquisiten Rum der anderen Art<\/li>\n<li>Gebrannt und veredelt in einer kleinen Boutique-Schnapsbrennerei aus dem Z\u00fcrcher Unterland<\/li>\n<li>Limitierte Klein-Batch Produktion<\/li>\n<li>Serie &#8218;Street Art collection&#8216; mit nummerierter limited Edition<\/li>\n<\/ul>\n<p style=\"text-align: left\"><strong>Inhalt und Vol.%<\/strong><\/p>\n<ul style=\"text-align: left\">\n<li>500 ml<\/li>\n<li>45 Vol.%<\/li>\n<\/ul>\n<p style=\"text-align: left\"><strong>Inhaltsstoffe<\/strong><\/p>\n<div class=\"rah-static--height-auto rah-static\">\n<div class=\"fggS- cell _1yvxJ\">\n<div class=\"WncCi\" data-hook=\"info-section-description\">\n<ul style=\"text-align: left\">\n<li>Rum Solera Blended 23 Jahre<\/li>\n<li>Mountain Spring Water<\/li>\n<li>Bourbon cask finish<\/li>\n<\/ul>\n<div style=\"text-align: left\"><strong>Produzent\u00a0<\/strong><\/div>\n<div style=\"text-align: left\">\n<ul>\n<li>Schnapsboutique H\u00f6ritr\u00f6pfli, Schultheiss, H\u00f6ri<\/li>\n<\/ul>\n<\/div>\n<div style=\"text-align: left\"><strong>Hinweis \/ Jugendschutz<\/strong><\/div>\n<div>\n<ul>\n<li style=\"text-align: left\">Das Gesetz verbietet den Verkauf von Spirituosen an Minderj\u00e4hrige<\/li>\n<\/ul>\n<\/div>\n<\/div>\n<\/div>\n<\/div>\n","protected":false},"excerpt":{"rendered":"<p>Exklusive Rum-Cuv\u00e9e-Kreation (23 Jahre) aus einer kleinen Schweizer Boutique-Schnapsbrennerei<\/p>\n","protected":false},"featured_media":8536,"template":"","meta":[],"product_brand":[],"product_cat":[115,995,1090,910,984,1088,909,916,42,885,52,54],"product_tag":[147,305],"woo-feed-brand":[],"class_list":{"0":"post-8535","1":"product","2":"type-product","3":"status-publish","4":"has-post-thumbnail","6":"product_cat-spirituosen","7":"product_cat-essen-trinken","8":"product_cat-geniesser","9":"product_cat-geschenkideen","10":"product_cat-silvester","11":"product_cat-vatertag","12":"product_cat-weihnachten","13":"product_cat-praesente","14":"product_cat-kueche","15":"product_cat-koestlichkeiten","16":"product_cat-geschenke","17":"product_cat-feinkost","18":"product_tag-alkohol","19":"product_tag-the-white-panther-die-schonen-dinge-des-lebens","21":"first","22":"instock","23":"taxable","24":"shipping-taxable","25":"purchasable","26":"product-type-simple"},"_links":{"self":[{"href":"https:\/\/www.fleurop-home.ch\/de-ch\/wp-json\/wp\/v2\/product\/8535","targetHints":{"allow":["GET"]}}],"collection":[{"href":"https:\/\/www.fleurop-home.ch\/de-ch\/wp-json\/wp\/v2\/product"}],"about":[{"href":"https:\/\/www.fleurop-home.ch\/de-ch\/wp-json\/wp\/v2\/types\/product"}],"wp:featuredmedia":[{"embeddable":true,"href":"https:\/\/www.fleurop-home.ch\/de-ch\/wp-json\/wp\/v2\/media\/8536"}],"wp:attachment":[{"href":"https:\/\/www.fleurop-home.ch\/de-ch\/wp-json\/wp\/v2\/media?parent=8535"}],"wp:term":[{"taxonomy":"product_brand","embeddable":true,"href":"https:\/\/www.fleurop-home.ch\/de-ch\/wp-json\/wp\/v2\/product_brand?post=8535"},{"taxonomy":"product_cat","embeddable":true,"href":"https:\/\/www.fleurop-home.ch\/de-ch\/wp-json\/wp\/v2\/product_cat?post=8535"},{"taxonomy":"product_tag","embeddable":true,"href":"https:\/\/www.fleurop-home.ch\/de-ch\/wp-json\/wp\/v2\/product_tag?post=8535"},{"taxonomy":"woo-feed-brand","embeddable":true,"href":"https:\/\/www.fleurop-home.ch\/de-ch\/wp-json\/wp\/v2\/woo-feed-brand?post=8535"}],"curies":[{"name":"wp","href":"https:\/\/api.w.org\/{rel}","templated":true}]}}