{"id":8523,"date":"2022-02-24T11:07:28","date_gmt":"2022-02-24T11:07:28","guid":{"rendered":"https:\/\/www.fleurop-home.ch\/?product=special-gin-i-never-went-to-art-school-orange"},"modified":"2025-05-12T14:05:40","modified_gmt":"2025-05-12T12:05:40","slug":"special-gin-i-never-went-to-art-school-orange","status":"publish","type":"product","link":"https:\/\/www.fleurop-home.ch\/de-ch\/p\/special-gin-i-never-went-to-art-school-orange","title":{"rendered":"Special Gin &#8211; I never went to art school &#8211; Orange"},"content":{"rendered":"<div style=\"text-align: left\"><strong>Die exklusive Street-Art-Collection &#8211;<\/strong><\/div>\n<div style=\"text-align: left\"><strong> einzigartige Edelbr\u00e4nde und Destillat-Kreationen in limitierter Auflage!<\/strong><\/div>\n<ul style=\"text-align: left\">\n<li>Edel-Gin mit Orangen und Zitrusgeschmack<\/li>\n<li>Zu geniessen\u00a0pur oder mit Tonic<\/li>\n<li>Gebrannt und veredelt in einer kleinen Boutique-Schnapsbrennerei aus dem Z\u00fcricher Unterland<\/li>\n<li>Limitierte Klein-Batch Produktion<\/li>\n<li>Serie &#8218;Street Art collection&#8216; mit nummerierter limited Edition<\/li>\n<\/ul>\n<p style=\"text-align: left\"><strong>Inhalt und Vol.%<\/strong><\/p>\n<ul style=\"text-align: left\">\n<li>500 ml<\/li>\n<li>47\u00a0Vol.%<\/li>\n<\/ul>\n<p style=\"text-align: left\"><strong>Inhaltsstoffe<\/strong><\/p>\n<div>\n<div>\n<div data-hook=\"info-section-description\">\n<ul style=\"text-align: left\">\n<li>Schweizer Wacholder<\/li>\n<li>diverse Botanicals aus nat\u00fcrlichen Essenzen<\/li>\n<li>Orange<\/li>\n<li>Schweizer Produkt<\/li>\n<\/ul>\n<div style=\"text-align: left\"><strong>Produzent<\/strong><\/div>\n<div style=\"text-align: left\">\n<ul>\n<li>Produzent: Schnapsboutique H\u00f6ritr\u00f6pfli, Schultheiss, H\u00f6ri<\/li>\n<\/ul>\n<\/div>\n<div style=\"text-align: left\"><strong>Hinweis \/ Jugendschutz<\/strong><\/div>\n<div>\n<ul style=\"text-align: left\">\n<li>Das Gesetz verbietet den Verkauf von Spirituosen an Minderj\u00e4hrige<\/li>\n<\/ul>\n<p style=\"text-align: left\"><strong>Etikette<\/strong><\/p>\n<ul>\n<li style=\"text-align: left\">Z\u00fcrich\u00a02019<\/li>\n<li style=\"text-align: left\">Ich war nie an\u00a0der Kunstschule<\/li>\n<\/ul>\n<\/div>\n<\/div>\n<\/div>\n<\/div>\n","protected":false},"excerpt":{"rendered":"<p>Exklusive Gin-Kreation aus einer kleinen Boutique-Schnapsbrennerei<\/p>\n","protected":false},"featured_media":8524,"template":"","meta":[],"product_brand":[],"product_cat":[115,1090,1088,42,885,52,54],"product_tag":[147,305],"woo-feed-brand":[],"class_list":{"0":"post-8523","1":"product","2":"type-product","3":"status-publish","4":"has-post-thumbnail","6":"product_cat-spirituosen","7":"product_cat-geniesser","8":"product_cat-vatertag","9":"product_cat-kueche","10":"product_cat-koestlichkeiten","11":"product_cat-geschenke","12":"product_cat-feinkost","13":"product_tag-alkohol","14":"product_tag-the-white-panther-die-schonen-dinge-des-lebens","16":"first","17":"instock","18":"taxable","19":"shipping-taxable","20":"purchasable","21":"product-type-simple"},"_links":{"self":[{"href":"https:\/\/www.fleurop-home.ch\/de-ch\/wp-json\/wp\/v2\/product\/8523","targetHints":{"allow":["GET"]}}],"collection":[{"href":"https:\/\/www.fleurop-home.ch\/de-ch\/wp-json\/wp\/v2\/product"}],"about":[{"href":"https:\/\/www.fleurop-home.ch\/de-ch\/wp-json\/wp\/v2\/types\/product"}],"wp:featuredmedia":[{"embeddable":true,"href":"https:\/\/www.fleurop-home.ch\/de-ch\/wp-json\/wp\/v2\/media\/8524"}],"wp:attachment":[{"href":"https:\/\/www.fleurop-home.ch\/de-ch\/wp-json\/wp\/v2\/media?parent=8523"}],"wp:term":[{"taxonomy":"product_brand","embeddable":true,"href":"https:\/\/www.fleurop-home.ch\/de-ch\/wp-json\/wp\/v2\/product_brand?post=8523"},{"taxonomy":"product_cat","embeddable":true,"href":"https:\/\/www.fleurop-home.ch\/de-ch\/wp-json\/wp\/v2\/product_cat?post=8523"},{"taxonomy":"product_tag","embeddable":true,"href":"https:\/\/www.fleurop-home.ch\/de-ch\/wp-json\/wp\/v2\/product_tag?post=8523"},{"taxonomy":"woo-feed-brand","embeddable":true,"href":"https:\/\/www.fleurop-home.ch\/de-ch\/wp-json\/wp\/v2\/woo-feed-brand?post=8523"}],"curies":[{"name":"wp","href":"https:\/\/api.w.org\/{rel}","templated":true}]}}