{"id":8518,"date":"2022-02-24T11:53:05","date_gmt":"2022-02-24T10:53:05","guid":{"rendered":"https:\/\/www.fleurop-home.ch\/?product=special-gin-not-cool-bourbon-cask"},"modified":"2025-05-12T14:05:34","modified_gmt":"2025-05-12T12:05:34","slug":"special-gin-not-cool-bourbon-cask-2","status":"publish","type":"product","link":"https:\/\/www.fleurop-home.ch\/de-ch\/p\/special-gin-not-cool-bourbon-cask-2","title":{"rendered":"Special Gin &#8211; Not cool! &#8211; Bourbon cask"},"content":{"rendered":"<div><strong>Die exklusive Street-Art-Collection &#8211;<\/strong><\/div>\n<div><strong> einzigartige Edelbr\u00e4nde und Destillat-Kreationen in limitierter Auflage!<\/strong><\/div>\n<ul>\n<li>Ein Muss f\u00fcr jeden Gin-Liebhaber, der Silbermedaillenwinner-Gin der Spirit awards 2021 noch zus\u00e4tzlich gereift\u00a0im Bourbon Fass<\/li>\n<li>mit Holznote und amerikanischer Whiskynote<\/li>\n<li>Zu geniessen\u00a0pur oder mit Tonic<\/li>\n<li>Gebrannt und veredelt in einer kleinen Boutique-Schnapsbrennerei aus dem Z\u00fcrcher Unterland<\/li>\n<li>Limitierte Klein-Batch Produktion<\/li>\n<li>Serie &#8218;Street Art collection&#8216; mit nummerierter limited Edition<\/li>\n<\/ul>\n<p><strong>Inhalt und Vol.%<\/strong><\/p>\n<ul>\n<li>500 ml<\/li>\n<li>47\u00a0Vol.%<\/li>\n<\/ul>\n<p><strong>Inhaltsstoffe<\/strong><\/p>\n<div>\n<div>\n<div data-hook=\"info-section-description\">\n<ul>\n<li>Schweizer Wacholder<\/li>\n<li>diverse Botanicals aus nat\u00fcrlichen Essenzen<\/li>\n<li>gereift in Bourbon-Fass<\/li>\n<li>Schweizer Produkt<\/li>\n<\/ul>\n<div><strong>Produzent<\/strong><\/div>\n<div>\n<ul>\n<li>Produzent: Schnapsboutique H\u00f6ritr\u00f6pfli, Schultheiss, H\u00f6ri<\/li>\n<\/ul>\n<\/div>\n<div><strong>Hinweis \/ Jugendschutz<\/strong><\/div>\n<div>\n<ul>\n<li>Das Gesetz verbietet den Verkauf von Spirituosen an Minderj\u00e4hrige<\/li>\n<\/ul>\n<p><strong>Etikette<\/strong><\/p>\n<ul>\n<li>Z\u00fcrich Wiedikon 2020<\/li>\n<li>Nicht cool!<\/li>\n<\/ul>\n<\/div>\n<\/div>\n<\/div>\n<\/div>\n","protected":false},"excerpt":{"rendered":"<p>Exklusive Gin-Kreation aus einer kleinen Boutique-Schnapsbrennerei<\/p>\n","protected":false},"featured_media":8519,"template":"","meta":[],"product_brand":[],"product_cat":[115,995,1090,910,984,1088,909,916,42,885,52,54],"product_tag":[147,305],"woo-feed-brand":[],"class_list":{"0":"post-8518","1":"product","2":"type-product","3":"status-publish","4":"has-post-thumbnail","6":"product_cat-spirituosen","7":"product_cat-essen-trinken","8":"product_cat-geniesser","9":"product_cat-geschenkideen","10":"product_cat-silvester","11":"product_cat-vatertag","12":"product_cat-weihnachten","13":"product_cat-praesente","14":"product_cat-kueche","15":"product_cat-koestlichkeiten","16":"product_cat-geschenke","17":"product_cat-feinkost","18":"product_tag-alkohol","19":"product_tag-the-white-panther-die-schonen-dinge-des-lebens","21":"first","22":"instock","23":"taxable","24":"shipping-taxable","25":"purchasable","26":"product-type-simple"},"_links":{"self":[{"href":"https:\/\/www.fleurop-home.ch\/de-ch\/wp-json\/wp\/v2\/product\/8518","targetHints":{"allow":["GET"]}}],"collection":[{"href":"https:\/\/www.fleurop-home.ch\/de-ch\/wp-json\/wp\/v2\/product"}],"about":[{"href":"https:\/\/www.fleurop-home.ch\/de-ch\/wp-json\/wp\/v2\/types\/product"}],"wp:featuredmedia":[{"embeddable":true,"href":"https:\/\/www.fleurop-home.ch\/de-ch\/wp-json\/wp\/v2\/media\/8519"}],"wp:attachment":[{"href":"https:\/\/www.fleurop-home.ch\/de-ch\/wp-json\/wp\/v2\/media?parent=8518"}],"wp:term":[{"taxonomy":"product_brand","embeddable":true,"href":"https:\/\/www.fleurop-home.ch\/de-ch\/wp-json\/wp\/v2\/product_brand?post=8518"},{"taxonomy":"product_cat","embeddable":true,"href":"https:\/\/www.fleurop-home.ch\/de-ch\/wp-json\/wp\/v2\/product_cat?post=8518"},{"taxonomy":"product_tag","embeddable":true,"href":"https:\/\/www.fleurop-home.ch\/de-ch\/wp-json\/wp\/v2\/product_tag?post=8518"},{"taxonomy":"woo-feed-brand","embeddable":true,"href":"https:\/\/www.fleurop-home.ch\/de-ch\/wp-json\/wp\/v2\/woo-feed-brand?post=8518"}],"curies":[{"name":"wp","href":"https:\/\/api.w.org\/{rel}","templated":true}]}}