{"id":8509,"date":"2022-02-24T10:06:49","date_gmt":"2022-02-24T10:06:49","guid":{"rendered":"https:\/\/www.fleurop-home.ch\/?product=crema-di-fragola-erdbeercreme-la-vie-est-belle"},"modified":"2025-04-01T06:36:27","modified_gmt":"2025-04-01T04:36:27","slug":"crema-di-fragola-erdbeercreme-la-vie-est-belle","status":"publish","type":"product","link":"https:\/\/www.fleurop-home.ch\/de-ch\/p\/crema-di-fragola-erdbeercreme-la-vie-est-belle","title":{"rendered":"Crema di fragola &#8211; Erdbeercr\u00e8me &#8211; La vie est belle"},"content":{"rendered":"<div style=\"text-align: left\"><strong>Die exklusive Street-Art-Collection &#8211;<\/strong><\/div>\n<div style=\"text-align: left\"><strong> einzigartige Edelbr\u00e4nde und Destillat-Kreationen in limitierter Auflage!<\/strong><\/div>\n<ul style=\"text-align: left\">\n<li>Der Bestseller f\u00fcr Parties!<\/li>\n<li>Zu geniessen mit ein wenig Eis<\/li>\n<li>Gebrannt und veredelt in einer kleinen Boutique-Schnapsbrennerei aus dem Z\u00fcrcher Unterland<\/li>\n<li>Limitierte Klein-Batch Produktion<\/li>\n<li>Serie &#8218;Street Art collection&#8216; mit nummerierter limited Edition<\/li>\n<\/ul>\n<p style=\"text-align: left\"><strong>Inhalt und Vol.%<\/strong><\/p>\n<ul style=\"text-align: left\">\n<li>500 ml<\/li>\n<li>18\u00a0Vol.%<\/li>\n<\/ul>\n<p style=\"text-align: left\"><strong>Inhaltsstoffe<\/strong><\/p>\n<div>\n<div>\n<div data-hook=\"info-section-description\">\n<ul style=\"text-align: left\">\n<li>Sahnebase<\/li>\n<li>Maltodextrin<\/li>\n<li>Wasser<\/li>\n<li>Alkohol<\/li>\n<li>nat\u00fcrliche Aromen<\/li>\n<li>E129<\/li>\n<li>Zuckersirup<\/li>\n<li>Schweizer Produkt<\/li>\n<\/ul>\n<div style=\"text-align: left\"><strong>Produzent<\/strong><\/div>\n<div style=\"text-align: left\">\n<ul>\n<li>Produzent: Schnapsboutique H\u00f6ritr\u00f6pfli, Schultheiss, H\u00f6ri<\/li>\n<\/ul>\n<p><strong>\u00a0Hinweis \/ Jugendschutz<\/strong><\/p>\n<\/div>\n<div>\n<ul style=\"text-align: left\">\n<li>Das Gesetz verbietet den Verkauf von Spirituosen an Minderj\u00e4hrige<\/li>\n<\/ul>\n<p style=\"text-align: left\"><strong>Etikette<\/strong><\/p>\n<ul style=\"text-align: left\">\n<li>Street Art photo, Montreux 2020<\/li>\n<li>Das Leben ist sch\u00f6n<\/li>\n<\/ul>\n<p style=\"text-align: left\">\n<\/div>\n<\/div>\n<\/div>\n<\/div>\n","protected":false},"excerpt":{"rendered":"<p>Exklusive Erdbeer-Cr\u00e8me (Erdbeer-Lik\u00f6r) aus einer kleinen Boutique-Schnapsbrennerei<\/p>\n","protected":false},"featured_media":8510,"template":"","meta":[],"product_brand":[],"product_cat":[115,1003,999,42,885,52,54],"product_tag":[147,305],"woo-feed-brand":[],"class_list":{"0":"post-8509","1":"product","2":"type-product","3":"status-publish","4":"has-post-thumbnail","6":"product_cat-spirituosen","7":"product_cat-fuer-sie","8":"product_cat-valentinstag","9":"product_cat-kueche","10":"product_cat-koestlichkeiten","11":"product_cat-geschenke","12":"product_cat-feinkost","13":"product_tag-alkohol","14":"product_tag-the-white-panther-die-schonen-dinge-des-lebens","16":"first","17":"instock","18":"taxable","19":"shipping-taxable","20":"purchasable","21":"product-type-simple"},"_links":{"self":[{"href":"https:\/\/www.fleurop-home.ch\/de-ch\/wp-json\/wp\/v2\/product\/8509","targetHints":{"allow":["GET"]}}],"collection":[{"href":"https:\/\/www.fleurop-home.ch\/de-ch\/wp-json\/wp\/v2\/product"}],"about":[{"href":"https:\/\/www.fleurop-home.ch\/de-ch\/wp-json\/wp\/v2\/types\/product"}],"wp:featuredmedia":[{"embeddable":true,"href":"https:\/\/www.fleurop-home.ch\/de-ch\/wp-json\/wp\/v2\/media\/8510"}],"wp:attachment":[{"href":"https:\/\/www.fleurop-home.ch\/de-ch\/wp-json\/wp\/v2\/media?parent=8509"}],"wp:term":[{"taxonomy":"product_brand","embeddable":true,"href":"https:\/\/www.fleurop-home.ch\/de-ch\/wp-json\/wp\/v2\/product_brand?post=8509"},{"taxonomy":"product_cat","embeddable":true,"href":"https:\/\/www.fleurop-home.ch\/de-ch\/wp-json\/wp\/v2\/product_cat?post=8509"},{"taxonomy":"product_tag","embeddable":true,"href":"https:\/\/www.fleurop-home.ch\/de-ch\/wp-json\/wp\/v2\/product_tag?post=8509"},{"taxonomy":"woo-feed-brand","embeddable":true,"href":"https:\/\/www.fleurop-home.ch\/de-ch\/wp-json\/wp\/v2\/woo-feed-brand?post=8509"}],"curies":[{"name":"wp","href":"https:\/\/api.w.org\/{rel}","templated":true}]}}