{"id":8414,"date":"2022-02-02T17:37:57","date_gmt":"2022-02-02T17:37:57","guid":{"rendered":"https:\/\/www.fleurop-home.ch\/?product=biedermeierstrausschen-mit-vase-kunstblumen"},"modified":"2026-04-07T14:57:01","modified_gmt":"2026-04-07T12:57:01","slug":"kunstblumenstrauss-biedermeier-mit-vase","status":"publish","type":"product","link":"https:\/\/www.fleurop-home.ch\/de-ch\/p\/kunstblumenstrauss-biedermeier-mit-vase","title":{"rendered":"Kunstblumenstrauss Biedermeier mit Vase"},"content":{"rendered":"<p style=\"text-align: left\">Wundersch\u00f6ne edle Kunstblumen, durch Trockenblumen erg\u00e4nzt. Dank moderner Kunstfasern unterscheiden sich die k\u00fcnstlichen Blumen kaum mehr von echten.<br \/>\nBesonders dekorativ im Wohnbereich, B\u00fcro oder auch in der Praxis. Diese Kunstblumen sorgen schon beim Ansehen f\u00fcr gute Laune. Der Strauss kann an einem dunklen Ort oder auch an der Zugluft stehen und braucht zudem keine Pflege.<\/p>\n<p style=\"text-align: left\">Der Preis versteht sich pro Strauss inkl. Vase (die Vase kann variieren).<\/p>\n<p>Es k\u00f6nnte Unterschiede zwischen der abgebildeten Farbe auf der Webseite und der tats\u00e4chlichen Farbe geben, dies aufgrund von Lichteinfall, Helligkeit des Monitors, Kontrasteinstellung etc. Beim Auspacken m\u00fcssen die Kunstbl\u00fcten allenfalls vorsichtig etwas in Form gebracht werden.<\/p>\n","protected":false},"excerpt":{"rendered":"<p>Wundersch\u00f6nes Biedermeierstr\u00e4usschen mit Vase; dank moderner Kunstfasern unterscheiden sich die k\u00fcnstlichen Blumen kaum mehr von echten. H ca. 28cm \/ B ca. 18cm \/ Vase leer ohne Strauss H ca. 14 cm<\/p>\n","protected":false},"featured_media":45882,"template":"","meta":[],"product_brand":[],"product_cat":[107,23,26],"product_tag":[290],"woo-feed-brand":[],"class_list":{"0":"post-8414","1":"product","2":"type-product","3":"status-publish","4":"has-post-thumbnail","6":"product_cat-kunstblumen","7":"product_cat-home-living","8":"product_cat-blumen-pflanzen","9":"product_tag-atelier-leutwyler","11":"first","12":"instock","13":"taxable","14":"shipping-taxable","15":"purchasable","16":"product-type-simple"},"_links":{"self":[{"href":"https:\/\/www.fleurop-home.ch\/de-ch\/wp-json\/wp\/v2\/product\/8414","targetHints":{"allow":["GET"]}}],"collection":[{"href":"https:\/\/www.fleurop-home.ch\/de-ch\/wp-json\/wp\/v2\/product"}],"about":[{"href":"https:\/\/www.fleurop-home.ch\/de-ch\/wp-json\/wp\/v2\/types\/product"}],"wp:featuredmedia":[{"embeddable":true,"href":"https:\/\/www.fleurop-home.ch\/de-ch\/wp-json\/wp\/v2\/media\/45882"}],"wp:attachment":[{"href":"https:\/\/www.fleurop-home.ch\/de-ch\/wp-json\/wp\/v2\/media?parent=8414"}],"wp:term":[{"taxonomy":"product_brand","embeddable":true,"href":"https:\/\/www.fleurop-home.ch\/de-ch\/wp-json\/wp\/v2\/product_brand?post=8414"},{"taxonomy":"product_cat","embeddable":true,"href":"https:\/\/www.fleurop-home.ch\/de-ch\/wp-json\/wp\/v2\/product_cat?post=8414"},{"taxonomy":"product_tag","embeddable":true,"href":"https:\/\/www.fleurop-home.ch\/de-ch\/wp-json\/wp\/v2\/product_tag?post=8414"},{"taxonomy":"woo-feed-brand","embeddable":true,"href":"https:\/\/www.fleurop-home.ch\/de-ch\/wp-json\/wp\/v2\/woo-feed-brand?post=8414"}],"curies":[{"name":"wp","href":"https:\/\/api.w.org\/{rel}","templated":true}]}}