{"id":8391,"date":"2022-02-02T10:16:18","date_gmt":"2022-02-02T10:16:18","guid":{"rendered":"https:\/\/www.fleurop-home.ch\/?product=trockenblumen-strauss-bund-mix-turkis-weiss-mit-vase"},"modified":"2026-04-07T14:57:06","modified_gmt":"2026-04-07T12:57:06","slug":"trockenblumenstrauss-mix-tuerkis-weiss-mit-vase","status":"publish","type":"product","link":"https:\/\/www.fleurop-home.ch\/de-ch\/p\/trockenblumenstrauss-mix-tuerkis-weiss-mit-vase","title":{"rendered":"Trockenblumenstrauss Mix t\u00fcrkis-weiss mit Vase"},"content":{"rendered":"<h3>Trockenblumen<br \/>\nEin Hauch von Skandinavien f\u00fcr dein Zuhause \u2013 unser liebevoll von Hand gebundener Trockenblumenstrauss vereint zarte Creme- und Naturt\u00f6ne mit k\u00fchlem T\u00fcrkis und tiefem Lavendelblau. Der Strauss besticht durch seine harmonische Komposition aus getrocknetem Lavendel, Lagurus (Hasenschwanzgras), Statice, Mini-Strohblumen etc. stilvoll arrangiert in einer Vase.<\/h3>\n<p>Jeder Strauss ist ein Unikat, gefertigt mit viel Herzblut im Atelier Leutwyler in Ebikon bei Luzern.<br \/>\nBesonders sch\u00f6n als Geschenk oder stilvoller Hingucker im Wohnzimmer, Flur oder B\u00fcro.<\/p>\n<p>Der Preis bezieht sich pro Strauss inkl. einer Vase. (die Vase kann variieren)<\/p>\n<p><strong>Bitte beachte:<\/strong><br \/>\n\u2022\u00a0\u00a0 \u00a0Packe die Trockenblumen bitte vorsichtig aus dem Papier. Getrocknete Zweige sind leichter br\u00fcchig als noch im gr\u00fcnen Zustand. Der Strauss ist gebunden. M\u00f6chtest du die Trockenblumen, wie teilweise auf dem Bild, etwas lockerer in der Vase \u00f6ffne die Bindestelle und gestalte die Trockenblumen nach deinen W\u00fcnschen.<br \/>\n\u2022\u00a0\u00a0 \u00a0Trockenblumen sind ein Naturprodukt und die Str\u00e4usse \/ Einzelblumen werden saisonal individuell zusammengestellt und k\u00f6nnen so in Blumenwahl, Anordnung und Farbe variieren.<br \/>\n\u2022\u00a0\u00a0 \u00a0F\u00fcr die Gestaltung werden als technische Hilfsmittel zum Teil Draht, Spaltbambus, Leim und \u00e4hnliches verwendet welche auch sichtbar sein k\u00f6nnen. Unsere Trockenblumen werden erg\u00e4nzend teilweise gebleicht oder eingef\u00e4rbt. Die im Musterstrauss (Foto) verwendetet Farbe kann so auch von Strauss zu Strauss variieren. Ebenso das f\u00fcr die Verpackung verwendete Papier.<br \/>\n\u2022\u00a0\u00a0 \u00a0Es k\u00f6nnte Unterschiede zwischen der abgebildeten Farbe auf der Webseite und der tats\u00e4chlichen Farbe geben, dies aufgrund von Lichteinfall, Helligkeit des Monitors, Kontrasteinstellung etc.<\/p>\n<p>Ist auf dem Foto erg\u00e4nzend ein Tuff mit mehreren Trockenblumen-Bunden oder Vasen dargestellt ist dies als Idee\/Muster f\u00fcr eine m\u00f6gliche Gestaltung gedacht und geh\u00f6rt nicht zum Produktepreise.<\/p>\n","protected":false},"excerpt":{"rendered":"<p>Trockenblumen &#8211; Der neue Interior-Trend; Trockenblumen Strauss Bund mix &#171;T\u00fcrkis-Weiss&#187; mit Vase \u00d8 ca.17 cm H ca.30 cm \/ Vase leer ohne Strauss H ca. 18 cm<\/p>\n","protected":false},"featured_media":54627,"template":"","meta":[],"product_brand":[],"product_cat":[117,23],"product_tag":[290],"woo-feed-brand":[],"class_list":{"0":"post-8391","1":"product","2":"type-product","3":"status-publish","4":"has-post-thumbnail","6":"product_cat-trockenblumen","7":"product_cat-home-living","8":"product_tag-atelier-leutwyler","10":"first","11":"instock","12":"taxable","13":"shipping-taxable","14":"purchasable","15":"product-type-simple"},"_links":{"self":[{"href":"https:\/\/www.fleurop-home.ch\/de-ch\/wp-json\/wp\/v2\/product\/8391","targetHints":{"allow":["GET"]}}],"collection":[{"href":"https:\/\/www.fleurop-home.ch\/de-ch\/wp-json\/wp\/v2\/product"}],"about":[{"href":"https:\/\/www.fleurop-home.ch\/de-ch\/wp-json\/wp\/v2\/types\/product"}],"wp:featuredmedia":[{"embeddable":true,"href":"https:\/\/www.fleurop-home.ch\/de-ch\/wp-json\/wp\/v2\/media\/54627"}],"wp:attachment":[{"href":"https:\/\/www.fleurop-home.ch\/de-ch\/wp-json\/wp\/v2\/media?parent=8391"}],"wp:term":[{"taxonomy":"product_brand","embeddable":true,"href":"https:\/\/www.fleurop-home.ch\/de-ch\/wp-json\/wp\/v2\/product_brand?post=8391"},{"taxonomy":"product_cat","embeddable":true,"href":"https:\/\/www.fleurop-home.ch\/de-ch\/wp-json\/wp\/v2\/product_cat?post=8391"},{"taxonomy":"product_tag","embeddable":true,"href":"https:\/\/www.fleurop-home.ch\/de-ch\/wp-json\/wp\/v2\/product_tag?post=8391"},{"taxonomy":"woo-feed-brand","embeddable":true,"href":"https:\/\/www.fleurop-home.ch\/de-ch\/wp-json\/wp\/v2\/woo-feed-brand?post=8391"}],"curies":[{"name":"wp","href":"https:\/\/api.w.org\/{rel}","templated":true}]}}