{"id":8354,"date":"2022-01-19T19:23:16","date_gmt":"2022-01-19T19:23:16","guid":{"rendered":"https:\/\/www.fleurop-home.ch\/?product=edler-magnolienzweig-textilblume-mit-weissen-bluten"},"modified":"2026-03-26T08:12:27","modified_gmt":"2026-03-26T07:12:27","slug":"textilblume-magnolienzweig-mit-weissen-blueten","status":"publish","type":"product","link":"https:\/\/www.fleurop-home.ch\/de-ch\/p\/textilblume-magnolienzweig-mit-weissen-blueten","title":{"rendered":"Textilblume Magnolienzweig mit weissen Bl\u00fcten"},"content":{"rendered":"<h3 style=\"text-align: left;\">Magnolienzweig (Textilblume) mit weissen Bl\u00fcten<\/h3>\n<p style=\"text-align: left;\">Eine wundersch\u00f6ne edle Kunstblume und dank moderner Kunstfasern unterscheidet sich die k\u00fcnstliche Blume von echten nahezu nicht mehr.<br \/>\nBesonders dekorativ im Wohnbereich, B\u00fcro oder auch in der Praxis.\u00a0 Diese Kunstblume sorgt schon beim Ansehen f\u00fcr gute Laune, kann an einem dunklen Ort oder auch an der Zugluft stehen und braucht zudem keine Pflege.<br \/>\nMagnolie&#187; mit ca. 3 Bl\u00fcten und 1 Knospe.<\/p>\n<p>Farbe: weiss<br \/>\nL\u00e4nge: ca: 70cm<\/p>\n<p style=\"text-align: left;\">Der Preis bezieht sich pro einzelnen Zweig.<\/p>\n<p style=\"text-align: left;\">Ist auf dem Foto erg\u00e4nzend ein Tuff mit mehreren Kunstblumen und allenfalls eine Vase dargestellt ist dies als Idee\/Muster f\u00fcr eine m\u00f6gliche Gestaltung gedacht und geh\u00f6rt nicht zum Produktepreise.<\/p>\n<p style=\"text-align: left;\">Es k\u00f6nnte Unterschiede zwischen der abgebildeten Farbe auf der Webseite und der tats\u00e4chlichen Farbe geben, dies aufgrund von Lichteinfall, Helligkeit des Monitors, Kontrasteinstellung etc.<\/p>\n","protected":false},"excerpt":{"rendered":"<p>Eine wundersch\u00f6ne Kunstmagnolie in weiss und dank moderner Kunstfasern unterscheidet sich die k\u00fcnstliche Blume von echten nahezu nicht mehr.<\/p>\n","protected":false},"featured_media":8355,"template":"","meta":[],"product_brand":[],"product_cat":[107,23,26],"product_tag":[290],"woo-feed-brand":[],"class_list":{"0":"post-8354","1":"product","2":"type-product","3":"status-publish","4":"has-post-thumbnail","6":"product_cat-kunstblumen","7":"product_cat-home-living","8":"product_cat-blumen-pflanzen","9":"product_tag-atelier-leutwyler","11":"first","12":"instock","13":"taxable","14":"shipping-taxable","15":"purchasable","16":"product-type-simple"},"_links":{"self":[{"href":"https:\/\/www.fleurop-home.ch\/de-ch\/wp-json\/wp\/v2\/product\/8354","targetHints":{"allow":["GET"]}}],"collection":[{"href":"https:\/\/www.fleurop-home.ch\/de-ch\/wp-json\/wp\/v2\/product"}],"about":[{"href":"https:\/\/www.fleurop-home.ch\/de-ch\/wp-json\/wp\/v2\/types\/product"}],"wp:featuredmedia":[{"embeddable":true,"href":"https:\/\/www.fleurop-home.ch\/de-ch\/wp-json\/wp\/v2\/media\/8355"}],"wp:attachment":[{"href":"https:\/\/www.fleurop-home.ch\/de-ch\/wp-json\/wp\/v2\/media?parent=8354"}],"wp:term":[{"taxonomy":"product_brand","embeddable":true,"href":"https:\/\/www.fleurop-home.ch\/de-ch\/wp-json\/wp\/v2\/product_brand?post=8354"},{"taxonomy":"product_cat","embeddable":true,"href":"https:\/\/www.fleurop-home.ch\/de-ch\/wp-json\/wp\/v2\/product_cat?post=8354"},{"taxonomy":"product_tag","embeddable":true,"href":"https:\/\/www.fleurop-home.ch\/de-ch\/wp-json\/wp\/v2\/product_tag?post=8354"},{"taxonomy":"woo-feed-brand","embeddable":true,"href":"https:\/\/www.fleurop-home.ch\/de-ch\/wp-json\/wp\/v2\/woo-feed-brand?post=8354"}],"curies":[{"name":"wp","href":"https:\/\/api.w.org\/{rel}","templated":true}]}}