{"id":8310,"date":"2021-11-24T16:14:02","date_gmt":"2021-11-24T15:14:02","guid":{"rendered":"https:\/\/www.fleurop-home.ch\/?product=sommerflor-rot-orange-tone-ampel-hange-basket"},"modified":"2026-04-28T11:31:16","modified_gmt":"2026-04-28T09:31:16","slug":"sommerflor-rot-orange-tone-ampel-hange-basket","status":"publish","type":"product","link":"https:\/\/www.fleurop-home.ch\/de-ch\/p\/sommerflor-rot-orange-tone-ampel-hange-basket","title":{"rendered":"Sommerflor rot-orange-t\u00f6ne &#8211; Ampel H\u00e4nge Basket"},"content":{"rendered":"<p>Diese \u00fcppig bepflanzte Ampel bringt leuchtende Rot- und Oranget\u00f6ne in deinen Aussenbereich. Der vielseitige Pflanzenmix entfaltet seine volle Wirkung an sonnigen bis halbschattigen, gesch\u00fctzten Pl\u00e4tzen und erreicht eine H\u00f6he von etwa 80 cm. Da es sich um eine Saisonpflanze handelt, sorgt diese H\u00e4ngeampel \u00fcber die ganze Saison hinweg f\u00fcr beeindruckende Farbakzente. Sie sch\u00e4tzt durchl\u00e4ssigen Boden und eine m\u00e4ssige Wasserversorgung. Die Pflanze stammt aus 100 % Schweizer Produktion und steht f\u00fcr hochwertige lokale Blumenpracht.<\/p>\n<p>H\u00f6he: 80 cm<br \/>\nTopf Gr\u00f6sse: 30 er Ampel<br \/>\nWinterh\u00e4rte: nicht winterhart<br \/>\nLicht: sonnig bis halbschattig<br \/>\nBl\u00fctezeit: Mai bis Oktober<br \/>\nBoden: durchl\u00e4ssig<\/p>\n","protected":false},"excerpt":{"rendered":"<p>H\u00e4ngender Sommerflor in Rot-Orange f\u00fcr sonnige Lagen<\/p>\n","protected":false},"featured_media":42565,"template":"","meta":[],"product_brand":[],"product_cat":[109,34,41],"product_tag":[299],"woo-feed-brand":[],"class_list":{"0":"post-8310","1":"product","2":"type-product","3":"status-publish","4":"has-post-thumbnail","6":"product_cat-saisonale-pflanzen","7":"product_cat-garten-balkon","8":"product_cat-outdoorpflanzen","9":"product_tag-santispracht","11":"first","12":"instock","13":"taxable","14":"shipping-taxable","15":"purchasable","16":"product-type-simple"},"_links":{"self":[{"href":"https:\/\/www.fleurop-home.ch\/de-ch\/wp-json\/wp\/v2\/product\/8310","targetHints":{"allow":["GET"]}}],"collection":[{"href":"https:\/\/www.fleurop-home.ch\/de-ch\/wp-json\/wp\/v2\/product"}],"about":[{"href":"https:\/\/www.fleurop-home.ch\/de-ch\/wp-json\/wp\/v2\/types\/product"}],"wp:featuredmedia":[{"embeddable":true,"href":"https:\/\/www.fleurop-home.ch\/de-ch\/wp-json\/wp\/v2\/media\/42565"}],"wp:attachment":[{"href":"https:\/\/www.fleurop-home.ch\/de-ch\/wp-json\/wp\/v2\/media?parent=8310"}],"wp:term":[{"taxonomy":"product_brand","embeddable":true,"href":"https:\/\/www.fleurop-home.ch\/de-ch\/wp-json\/wp\/v2\/product_brand?post=8310"},{"taxonomy":"product_cat","embeddable":true,"href":"https:\/\/www.fleurop-home.ch\/de-ch\/wp-json\/wp\/v2\/product_cat?post=8310"},{"taxonomy":"product_tag","embeddable":true,"href":"https:\/\/www.fleurop-home.ch\/de-ch\/wp-json\/wp\/v2\/product_tag?post=8310"},{"taxonomy":"woo-feed-brand","embeddable":true,"href":"https:\/\/www.fleurop-home.ch\/de-ch\/wp-json\/wp\/v2\/woo-feed-brand?post=8310"}],"curies":[{"name":"wp","href":"https:\/\/api.w.org\/{rel}","templated":true}]}}