{"id":8306,"date":"2021-11-24T16:09:34","date_gmt":"2021-11-24T15:09:34","guid":{"rendered":"https:\/\/www.fleurop-home.ch\/?product=sommerflor-blau-weiss-tone-ampel-hange-basket"},"modified":"2026-04-28T11:29:27","modified_gmt":"2026-04-28T09:29:27","slug":"sommerflor-blau-weiss-tone-ampel-hange-basket","status":"publish","type":"product","link":"https:\/\/www.fleurop-home.ch\/de-ch\/p\/sommerflor-blau-weiss-tone-ampel-hange-basket","title":{"rendered":"Sommerflor blau-weiss-t\u00f6ne &#8211; Ampel H\u00e4nge Basket"},"content":{"rendered":"<p>Die sorgf\u00e4ltig bepflanzte Ampel mit blau-weiss bl\u00fchenden Saisonpflanzen versch\u00f6nert Sitzpl\u00e4tze und Balkone von Mai bis Oktober. Der robuste Pflanzenmix bevorzugt sonnige bis halbschattige und gesch\u00fctzte Lagen. Ein durchl\u00e4ssiger Boden sowie m\u00e4ssige Wassergaben sichern eine anhaltende Bl\u00fctenf\u00fclle. Gezogene Blumen garantieren Suisse Garantie und stehen f\u00fcr regionale Qualit\u00e4t sowie nachhaltige Kultivierung.<\/p>\n<p>H\u00f6he: 80 cm<br \/>\nTopf Gr\u00f6sse: 30 er Ampel<br \/>\nWinterh\u00e4rte: nicht winterhart<br \/>\nLicht: sonnig bis halbschattig<br \/>\nBl\u00fctezeit: Mai bis Oktober<br \/>\nBoden: durchl\u00e4ssig<\/p>\n","protected":false},"excerpt":{"rendered":"<p>H\u00e4ngebasket Sommerflor blau-weiss, Saisonpflanze in 30er Ampel<\/p>\n","protected":false},"featured_media":40641,"template":"","meta":[],"product_brand":[],"product_cat":[109,34,41],"product_tag":[299],"woo-feed-brand":[],"class_list":{"0":"post-8306","1":"product","2":"type-product","3":"status-publish","4":"has-post-thumbnail","6":"product_cat-saisonale-pflanzen","7":"product_cat-garten-balkon","8":"product_cat-outdoorpflanzen","9":"product_tag-santispracht","11":"first","12":"instock","13":"taxable","14":"shipping-taxable","15":"purchasable","16":"product-type-simple"},"_links":{"self":[{"href":"https:\/\/www.fleurop-home.ch\/de-ch\/wp-json\/wp\/v2\/product\/8306","targetHints":{"allow":["GET"]}}],"collection":[{"href":"https:\/\/www.fleurop-home.ch\/de-ch\/wp-json\/wp\/v2\/product"}],"about":[{"href":"https:\/\/www.fleurop-home.ch\/de-ch\/wp-json\/wp\/v2\/types\/product"}],"wp:featuredmedia":[{"embeddable":true,"href":"https:\/\/www.fleurop-home.ch\/de-ch\/wp-json\/wp\/v2\/media\/40641"}],"wp:attachment":[{"href":"https:\/\/www.fleurop-home.ch\/de-ch\/wp-json\/wp\/v2\/media?parent=8306"}],"wp:term":[{"taxonomy":"product_brand","embeddable":true,"href":"https:\/\/www.fleurop-home.ch\/de-ch\/wp-json\/wp\/v2\/product_brand?post=8306"},{"taxonomy":"product_cat","embeddable":true,"href":"https:\/\/www.fleurop-home.ch\/de-ch\/wp-json\/wp\/v2\/product_cat?post=8306"},{"taxonomy":"product_tag","embeddable":true,"href":"https:\/\/www.fleurop-home.ch\/de-ch\/wp-json\/wp\/v2\/product_tag?post=8306"},{"taxonomy":"woo-feed-brand","embeddable":true,"href":"https:\/\/www.fleurop-home.ch\/de-ch\/wp-json\/wp\/v2\/woo-feed-brand?post=8306"}],"curies":[{"name":"wp","href":"https:\/\/api.w.org\/{rel}","templated":true}]}}