{"id":8303,"date":"2021-11-24T16:02:17","date_gmt":"2021-11-24T15:02:17","guid":{"rendered":"https:\/\/www.fleurop-home.ch\/?product=sommerflor-rosa-lila-tone-ampel-hange-basket"},"modified":"2026-04-28T11:30:23","modified_gmt":"2026-04-28T09:30:23","slug":"sommerflor-rosa-lila-tone-ampel-hange-basket","status":"publish","type":"product","link":"https:\/\/www.fleurop-home.ch\/de-ch\/p\/sommerflor-rosa-lila-tone-ampel-hange-basket","title":{"rendered":"Sommerflor rosa-lila-t\u00f6ne &#8211; Ampel H\u00e4nge Basket"},"content":{"rendered":"<p>Die \u00fcppig bepflanzte H\u00e4ngebasket bringt mit ihren besonderen Rosa- und Lilat\u00f6nen sommerliche Eleganz auf Balkon oder Terrasse. Diese Saisonpflanze f\u00fchlt sich in durchl\u00e4ssigem Boden sowie an sonnigen bis halbschattigen, gesch\u00fctzten Standorten am wohlsten. Eine m\u00e4ssige Bew\u00e4sserung sorgt f\u00fcr anhaltende Bl\u00fctenpracht von Mai bis Oktober. Die Pflanze stammt aus 100 % Schweizer Produktion und tr\u00e4gt das G\u00fctesiegel Suisse Garantie, was f\u00fcr h\u00f6chste Qualit\u00e4t und regionale Herkunft steht. Schaffe mit diesen liebevoll zusammengestellten Ampeln einen echten Blickfang im Aussenbereich.<\/p>\n<p>H\u00f6he: 80 cm<br \/>\nTopf Gr\u00f6sse: 30 er Ampel<br \/>\nWinterh\u00e4rte: nicht winterhart<br \/>\nLicht: sonnig bis halbschattig<br \/>\nBl\u00fctezeit: Mai bis Oktober<br \/>\nBoden: durchl\u00e4ssig<\/p>\n","protected":false},"excerpt":{"rendered":"<p>Sommerflor H\u00e4ngebasket in Rosa- und Lilat\u00f6nen f\u00fcr Balkon und Terrasse<\/p>\n","protected":false},"featured_media":40639,"template":"","meta":[],"product_brand":[],"product_cat":[109,34,41],"product_tag":[299],"woo-feed-brand":[],"class_list":{"0":"post-8303","1":"product","2":"type-product","3":"status-publish","4":"has-post-thumbnail","6":"product_cat-saisonale-pflanzen","7":"product_cat-garten-balkon","8":"product_cat-outdoorpflanzen","9":"product_tag-santispracht","11":"first","12":"instock","13":"taxable","14":"shipping-taxable","15":"purchasable","16":"product-type-simple"},"_links":{"self":[{"href":"https:\/\/www.fleurop-home.ch\/de-ch\/wp-json\/wp\/v2\/product\/8303","targetHints":{"allow":["GET"]}}],"collection":[{"href":"https:\/\/www.fleurop-home.ch\/de-ch\/wp-json\/wp\/v2\/product"}],"about":[{"href":"https:\/\/www.fleurop-home.ch\/de-ch\/wp-json\/wp\/v2\/types\/product"}],"wp:featuredmedia":[{"embeddable":true,"href":"https:\/\/www.fleurop-home.ch\/de-ch\/wp-json\/wp\/v2\/media\/40639"}],"wp:attachment":[{"href":"https:\/\/www.fleurop-home.ch\/de-ch\/wp-json\/wp\/v2\/media?parent=8303"}],"wp:term":[{"taxonomy":"product_brand","embeddable":true,"href":"https:\/\/www.fleurop-home.ch\/de-ch\/wp-json\/wp\/v2\/product_brand?post=8303"},{"taxonomy":"product_cat","embeddable":true,"href":"https:\/\/www.fleurop-home.ch\/de-ch\/wp-json\/wp\/v2\/product_cat?post=8303"},{"taxonomy":"product_tag","embeddable":true,"href":"https:\/\/www.fleurop-home.ch\/de-ch\/wp-json\/wp\/v2\/product_tag?post=8303"},{"taxonomy":"woo-feed-brand","embeddable":true,"href":"https:\/\/www.fleurop-home.ch\/de-ch\/wp-json\/wp\/v2\/woo-feed-brand?post=8303"}],"curies":[{"name":"wp","href":"https:\/\/api.w.org\/{rel}","templated":true}]}}